{"id":2,"date":"2011-10-07T15:19:32","date_gmt":"2011-10-07T15:19:32","guid":{"rendered":"http:\/\/ege.uprrp.edu\/?page_id=2"},"modified":"2026-03-27T18:12:51","modified_gmt":"2026-03-27T18:12:51","slug":"sample-page","status":"publish","type":"page","link":"https:\/\/ege.uprrp.edu\/","title":{"rendered":"\u00a1Solicita estudios graduados en la Facultad de Educaci\u00f3n!"},"content":{"rendered":"<p><strong>\u00a0<\/strong><\/p>\n<p><strong><a href=\"https:\/\/ege.uprrp.edu\/wp-content\/uploads\/2017\/08\/nuevo-imagen-1.jpg\"><img loading=\"lazy\" decoding=\"async\" class=\"alignnone size-full wp-image-3833\" src=\"https:\/\/ege.uprrp.edu\/wp-content\/uploads\/2017\/08\/nuevo-imagen-1.jpg\" alt=\"nuevo imagen\" width=\"108\" height=\"68\" \/><\/a><a href=\"https:\/\/graduados.uprrp.edu\/estudiantiles\/admisiones-graduadas22\/\">\u00a0<\/a><a href=\"https:\/\/solicitud.upr.edu\/\">Solicitud de estudios graduados<\/a><\/strong><\/p>\n<p><a href=\"https:\/\/ege.uprrp.edu\/wp-content\/uploads\/2026\/03\/IMG-20260319-WA0012.jpg\"><img loading=\"lazy\" decoding=\"async\" class=\"wp-image-8673 aligncenter\" src=\"https:\/\/ege.uprrp.edu\/wp-content\/uploads\/2026\/03\/IMG-20260319-WA0012-225x300.jpg\" alt=\"\" width=\"321\" height=\"428\" srcset=\"https:\/\/ege.uprrp.edu\/wp-content\/uploads\/2026\/03\/IMG-20260319-WA0012-225x300.jpg 225w, https:\/\/ege.uprrp.edu\/wp-content\/uploads\/2026\/03\/IMG-20260319-WA0012-768x1024.jpg 768w, https:\/\/ege.uprrp.edu\/wp-content\/uploads\/2026\/03\/IMG-20260319-WA0012-1152x1536.jpg 1152w, https:\/\/ege.uprrp.edu\/wp-content\/uploads\/2026\/03\/IMG-20260319-WA0012.jpg 1200w\" sizes=\"auto, (max-width: 321px) 100vw, 321px\" \/><\/a><\/p>\n<p><strong><a href=\"https:\/\/www.facebook.com\/degeuprrp.edu\"><img loading=\"lazy\" decoding=\"async\" class=\" wp-image-7598 alignright\" src=\"https:\/\/ege.uprrp.edu\/wp-content\/uploads\/2024\/10\/facebook-icon-ios-facebook-social-media-logo-on-white-background-free-free-vector.jpg\" alt=\"\" width=\"75\" height=\"75\" srcset=\"https:\/\/ege.uprrp.edu\/wp-content\/uploads\/2024\/10\/facebook-icon-ios-facebook-social-media-logo-on-white-background-free-free-vector.jpg 200w, https:\/\/ege.uprrp.edu\/wp-content\/uploads\/2024\/10\/facebook-icon-ios-facebook-social-media-logo-on-white-background-free-free-vector-150x150.jpg 150w\" sizes=\"auto, (max-width: 75px) 100vw, 75px\" \/><\/a><\/strong><\/p>\n<p><strong>Ofrecemos\u00a0Maestr\u00edas en Educaci\u00f3n con especialidades en:<\/strong><\/p>\n<ul>\n<li>Curr\u00edculo y Ense\u00f1anza con dos\u00a0 subespecialidades en: <a href=\"http:\/\/tda.upr.edu\">Tecnolog\u00eda del Aprendizaje<\/a> y <a href=\"https:\/\/ege.uprrp.edu\/wp-content\/uploads\/2025\/11\/C-E-TDEC-Secuencia-y-distribucio\u0301n-Plan-A-editado-nov-2025-con-cert.95.pdf\">Teor\u00eda, Dise\u00f1o y Evaluaci\u00f3n Curricular.<\/a><\/li>\n<li><a href=\"https:\/\/ege.uprrp.edu\/?page_id=361\">Educaci\u00f3n con especialidad en Educaci\u00f3n Preescolar<\/a><\/li>\n<li><a href=\"https:\/\/ege.uprrp.edu\/?page_id=6248\">Educaci\u00f3n con especialidad en Lectura, Escritura y Literatura infantil<\/a><\/li>\n<li><a href=\"https:\/\/ege.uprrp.edu\/?page_id=356\">Educaci\u00f3n Especial y Diferenciada<\/a><\/li>\n<li><a href=\"http:\/\/ineva.uprrp.edu\/\">Investigaci\u00f3n y Evaluaci\u00f3n Educativa (INEVA)<\/a><\/li>\n<li><a href=\"https:\/\/ege.uprrp.edu\/?page_id=365\">Orientaci\u00f3n y Consejer\u00eda<\/a><\/li>\n<li>\u00a0<a href=\"https:\/\/ege.uprrp.edu\/?page_id=2843\">TESL (\u00a0Teaching English as a Second Language)<\/a><\/li>\n<li><a href=\"https:\/\/ege.uprrp.edu\/?page_id=2414\">Liderazgo en Organizaciones Educativas (LOE)<\/a><\/li>\n<\/ul>\n<h3>Maestr\u00eda en Ciencias del Ejercicio con especialidad en:<\/h3>\n<ul>\n<li><a href=\"https:\/\/ege.uprrp.edu\/?page_id=3063\">Fisiolog\u00eda del Ejercicio<\/a><\/li>\n<\/ul>\n<h3>Doctorados en Educaci\u00f3n con especialidades en:<\/h3>\n<ul>\n<li><a href=\"https:\/\/ege.uprrp.edu\/?page_id=2406\">Liderazgo en Organizaciones Educativas (LOE) <\/a><\/li>\n<li><a href=\"https:\/\/ege.uprrp.edu\/?page_id=2944\">Orientaci\u00f3n y Consejer\u00eda<\/a><\/li>\n<li>Curr\u00edculo y Ense\u00f1anza con tres subespecialidades en:\u00a0 <a href=\"http:\/\/tda.upr.edu\/\">Tecnolog\u00eda del Aprendizaje<\/a>, TESL (<strong>\u00a0<\/strong>Teaching English as a Second Language) y <a href=\"https:\/\/ege.uprrp.edu\/wp-content\/uploads\/2025\/11\/C-E-TDEC-Secuencia-y-distribucio\u0301n-Plan-C-editado-nov-2025-con-cert.95.pdf\">Teor\u00eda, Dise\u00f1o y Evaluaci\u00f3n Curricular<\/a><\/li>\n<\/ul>\n<h3><strong>Cont\u00e1ctanos, admitimos en agosto y enero.<\/strong><\/h3>\n<h3>Requisitos generales de admisi\u00f3n<\/h3>\n<ul>\n<li>Bachillerato de una universidad acreditada o su equivalente.<\/li>\n<li>\u00cdndice acad\u00e9mico m\u00ednimo de 3.00 puntos en escala de 4.00<\/li>\n<li>Examen de Admisi\u00f3n a Estudios de Posgrado (EXADEP) &#8211;<span style=\"color: #ff0000;\">por el momento no es requisito<\/span><\/li>\n<li>Dos cartas de recomendaci\u00f3n de profesores(as) u otros profesionales que puedan opinar sobre la capacidad del solicitante para realizar estudios graduados.<\/li>\n<\/ul>\n<h3>Ll\u00e1manos al 787-764-0000, exts. 89231, 89253, 89205 o escr\u00edbenos al correo electr\u00f3nico: lis.cruzpizarro@upr.edu<\/h3>\n<p><span style=\"color: #ff0000;\"><strong>REUBICACION DE OFICINAS\u00a0 Y APARTADOS DE PROFESORES DEL DEG<\/strong><\/span><\/p>\n<p>Estimados estudiantes graduados y comunidad en general:<\/p>\n<p>El personal administrativo del DEG y los apartados de los profesores se han reubicado en las siguientes oficinas:<\/p>\n<p>Dra. Farah Ram\u00edrez Marrero, Directora Interina DEG, Oficina 487 (4to piso)<\/p>\n<p>Dr. Juan Carlos Vadi Fantauzzi, Director Asoc. Asuntos Acad\u00e9micos, 487 (4to piso)<\/p>\n<p>Dra. Lis Cruz Pizarro, Consejera, Oficina 535 (5to piso)<\/p>\n<p>Sra. Wilnelia Amador Garc\u00eda, Secretaria del Director, Oficina 487 (4to piso)<\/p>\n<p>Sra. Wanda Rosario Rodr\u00edguez, Oficial de Asuntos Estudiantiles, Oficina 487 (4to piso)<\/p>\n<p><strong>Los apartados de los profesores est\u00e1n ubicados en la Oficina 487 (4to piso)<\/strong><\/p>\n<ul>\n<li><a href=\"https:\/\/ege.uprrp.edu\/wp-content\/uploads\/2016\/11\/instrucciones_matricula_miupi.pdf\">Instrucciones\u00a0para la selecci\u00f3n de cursos a trav\u00e9s del Portal miupi.<\/a><\/li>\n<\/ul>\n<h1><span style=\"color: #ff0000;\">Bienvenidos al DEG<\/span><\/h1>\n<p>El Departamento de Estudios Graduados de la Facultad de Educaci\u00f3n de la Universidad de Puerto Rico, Recinto de R\u00edo Piedras les da una calurosa acogida a su portal. En esta p\u00e1gina encontrar\u00e1n informaci\u00f3n sobre nuestra oferta curricular en los niveles de maestr\u00eda en las especialidades de\u00a0Liderazgo en Organizaciones Educativas(LOE),\u00a0Curr\u00edculo y Ense\u00f1anza<a href=\"https:\/\/ege.uprrp.edu\/wp-content\/uploads\/2015\/03\/Programa-en-Curr%C3%ADculo-y-Ense%C3%B1anza-para-pagina-web-DEG.pdf\">\u00a0<\/a>(Espa\u00f1ol, Ciencias, Matem\u00e1ticas, Historia, Educaci\u00f3n F\u00edsica, Tecnolog\u00edas del Aprendizaje y en Teor\u00eda, dise\u00f1o y evaluaci\u00f3n curricular), Lectura. Escritura y Literatura Infantil, Preescolar, Educaci\u00f3n Especial y Diferenciada, Investigaci\u00f3n y Evaluaci\u00f3n Educativa,\u00a0Orientaci\u00f3n y Consejer\u00eda, Ciencias del Ejercicio e Ingl\u00e9s como Segundo Idioma<a href=\"https:\/\/ege.uprrp.edu\/?page_id=2843\">;<\/a>\u00a0y de doctorado con las especialidades en\u00a0Liderazgo en Organizaciones Educativas,<a href=\"https:\/\/ege.uprrp.edu\/wp-content\/uploads\/2015\/09\/Programa-en-Curr%C3%ADculo-y-Ense%C3%B1anza-para-pagina-web-DEG-editado-agosto-2015.pdf\">\u00a0<\/a>Curr\u00edculo y Ense\u00f1anza\u00a0(Espa\u00f1ol, Ciencias, Ingl\u00e9s, Matem\u00e1tica, Historia,\u00a0 Tecnolog\u00edas del Aprendizaje y en Teor\u00eda, dise\u00f1o y evaluaci\u00f3n curricular) y\u00a0Orientaci\u00f3n y Consejer\u00eda. Adem\u00e1s, contamos con programas de transici\u00f3n directa al doctorado. En estas instancias, en LOE y Curr\u00edculo y Ense\u00f1anza el estudiante toma unos cursos graduados, se somete a un examen calificativo y, si lo aprueba, se integra el programa doctoral. En este portal, tambi\u00e9n encontrar\u00e1n documentos informativos, de apoyo y de referencia para nuestros estudiantes mientras trabajan hacia la consecuci\u00f3n de sus objetivos acad\u00e9micos.<\/p>\n<p style=\"text-align: justify;\">La educaci\u00f3n es un campo din\u00e1mico, pr\u00e1ctico y necesario para el desarrollo de las sociedades contempor\u00e1neas. Los retos que debemos afrontar para hacer del planeta un lugar donde la convivencia armoniosa sea una realidad, potencialmente, de las capacidades humanas un ideal a perseguir, requieren la gu\u00eda de educadores e investigadores que encarnen los principios de solidaridad, criticidad, \u00e9tica y pluralismo democr\u00e1tico, en un mundo diverso y convulsionado por las transformaciones. Nuestra educaci\u00f3n graduada se orienta por principios como \u00e9stos. En estos programas graduados los estudiantes encontrar\u00e1n espacio suficiente para desarrollarse como l\u00edderes capaces de seguir transformando el escenario educativo de Puerto Rico y regiones aleda\u00f1as.<\/p>\n<p style=\"text-align: justify;\">En nombre de la facultad de nuestro Departamento y del equipo de trabajo acad\u00e9mico-administrativo y de todo el personal de apoyo del Departamento de Estudios Graduados, les deseamos \u00e9xito en su gesti\u00f3n acad\u00e9mica y nos ponemos a su disposici\u00f3n para atenderlos.<\/p>\n<p style=\"text-align: justify;\">Dra. Farah Ram\u00edrez Marrero, Directora Interina DEG<\/p>\n<p style=\"text-align: justify;\">Dr. Juan C. Vadi-Fantauzzi, Director Asociado de Asuntos Acad\u00e9micos<\/p>\n<p style=\"text-align: justify;\"><strong>Tel. 787-764-0000 exts. 89254, 89253<\/strong><\/p>\n<p style=\"text-align: justify;\">\n","protected":false},"excerpt":{"rendered":"<p>\u00a0 \u00a0Solicitud de estudios graduados Ofrecemos\u00a0Maestr\u00edas en Educaci\u00f3n con especialidades en: Curr\u00edculo y Ense\u00f1anza con dos\u00a0 subespecialidades en: Tecnolog\u00eda del Aprendizaje y Teor\u00eda, Dise\u00f1o y Evaluaci\u00f3n Curricular. Educaci\u00f3n con especialidad en Educaci\u00f3n Preescolar Educaci\u00f3n con especialidad en Lectura, Escritura y &hellip; <a href=\"https:\/\/ege.uprrp.edu\/\">Continue reading <span class=\"meta-nav\">&rarr;<\/span><\/a><\/p>\n","protected":false},"author":1,"featured_media":0,"parent":0,"menu_order":0,"comment_status":"open","ping_status":"closed","template":"","meta":{"footnotes":""},"class_list":["post-2","page","type-page","status-publish","hentry"],"jetpack_sharing_enabled":true,"jetpack_shortlink":"https:\/\/wp.me\/PdrNFQ-2","_links":{"self":[{"href":"https:\/\/ege.uprrp.edu\/index.php?rest_route=\/wp\/v2\/pages\/2","targetHints":{"allow":["GET"]}}],"collection":[{"href":"https:\/\/ege.uprrp.edu\/index.php?rest_route=\/wp\/v2\/pages"}],"about":[{"href":"https:\/\/ege.uprrp.edu\/index.php?rest_route=\/wp\/v2\/types\/page"}],"author":[{"embeddable":true,"href":"https:\/\/ege.uprrp.edu\/index.php?rest_route=\/wp\/v2\/users\/1"}],"replies":[{"embeddable":true,"href":"https:\/\/ege.uprrp.edu\/index.php?rest_route=%2Fwp%2Fv2%2Fcomments&post=2"}],"version-history":[{"count":515,"href":"https:\/\/ege.uprrp.edu\/index.php?rest_route=\/wp\/v2\/pages\/2\/revisions"}],"predecessor-version":[{"id":8674,"href":"https:\/\/ege.uprrp.edu\/index.php?rest_route=\/wp\/v2\/pages\/2\/revisions\/8674"}],"wp:attachment":[{"href":"https:\/\/ege.uprrp.edu\/index.php?rest_route=%2Fwp%2Fv2%2Fmedia&parent=2"}],"curies":[{"name":"wp","href":"https:\/\/api.w.org\/{rel}","templated":true}]}}