{"id":2414,"date":"2014-09-09T17:45:55","date_gmt":"2014-09-09T17:45:55","guid":{"rendered":"http:\/\/ege.uprrp.edu\/?page_id=2414"},"modified":"2025-11-20T19:48:13","modified_gmt":"2025-11-20T19:48:13","slug":"maestria-en-liderazgo-en-organizaciones-educativas","status":"publish","type":"page","link":"https:\/\/ege.uprrp.edu\/?page_id=2414","title":{"rendered":"Maestr\u00eda en Liderazgo en Organizaciones Educativas"},"content":{"rendered":"<h3>Pulse aqu\u00ed: <a href=\"https:\/\/ege.uprrp.edu\/wp-content\/uploads\/2024\/02\/1.-requisitos-de-admision-Maestr\u00eda-en-Educaci\u00f3n-LOE-revision-jun-2022.pdf\">Requisitos de admisi\u00f3n \/ Requirements for the Master\u2019s Program<\/a><\/h3>\n<h2 style=\"text-align: left;\"><a href=\"https:\/\/ege.uprrp.edu\/wp-content\/uploads\/2025\/11\/Opu\u0301sculo-brochure-Programa-Graduado-en-Liderazgo-en-Organizaciones-Educativas-LOE-rev-11-18-25-Dr.-Vazquez.pdf\"><span style=\"color: #ff0000;\">Haz clic aqu\u00ed para nueva hoja informativa<\/span><\/a><\/h2>\n<h2 style=\"text-align: left;\"><span style=\"color: #ff0000;\"><strong>\u00a1Bienvenidos!<\/strong><\/span><\/h2>\n<p style=\"text-align: left;\">\u00a0 \u00a0 \u00a0 \u00a0 \u00a0 \u00a0 \u00a0 \u00a0 El ejercicio del liderazgo educativo es clave para transformar los sistemas\u00a0 K-12, postsecundarios y universitarios. Si deseas desarrollar las competencias necesarias para ejercer el liderazgo y contribuir a la excelencia educativa, el Programa de Liderazgo en Organizaciones Educativas (LOE) de la Facultad de Educaci\u00f3n de la Universidad de Puerto Rico, Recinto de R\u00edo Piedras es tu mejor opci\u00f3n.<\/p>\n<p style=\"text-align: left;\">\u00a0\u00a0\u00a0\u00a0\u00a0\u00a0\u00a0\u00a0\u00a0\u00a0\u00a0\u00a0\u00a0\u00a0\u00a0 Te ofrecemos la oportunidad de aprender los marcos te\u00f3ricos, normativos y emp\u00edricos de las diversas dimensiones del liderazgo educativo para poder transferir lo aprendido a la pr\u00e1ctica, mediante experiencias de campo integradas a los cursos medulares.<\/p>\n<p style=\"text-align: left;\">\u00a0\u00a0\u00a0\u00a0\u00a0\u00a0\u00a0\u00a0\u00a0\u00a0\u00a0\u00a0\u00a0\u00a0\u00a0 Mot\u00edvate a conocer m\u00e1s detalles del Programa LOE y el esquema curricular para Maestr\u00eda.<\/p>\n<p style=\"text-align: left;\" align=\"center\">\u00a0 \u00a0 \u00a0 \u00a0 \u00a0 \u00a0 \u00a0 \u00a0\u00a1Te esperamos!<\/p>\n<p style=\"text-align: left;\" align=\"center\"><strong>\u00a0<\/strong><\/p>\n<h2><span style=\"color: #ff0000;\"><strong>Misi\u00f3n<\/strong><\/span><\/h2>\n<p>El Departamento de Estudios Graduados de la Facultad de Educaci\u00f3n tiene como misi\u00f3n facilitar la formaci\u00f3n posgraduada de profesionales de la educaci\u00f3n para que aporten a la sociedad puertorrique\u00f1a en escenarios escolares, post secundarios y universitarios; en organizaciones y en otros contextos diversos con componentes educativos. Propiciar que el estudiantado graduado desarrolle competencias de investigaci\u00f3n, gesti\u00f3n del conocimiento, liderazgo y capacidades creativas para generar pr\u00e1cticas y pol\u00edticas educativas transformadoras desde perspectivas \u00e9ticas, reflexivas y cr\u00edticas, respetuosas de la dignidad humana.<\/p>\n<h3><a href=\" https:\/\/ege.uprrp.edu\/?page_id=3291\"><span style=\"color: #ff0000;\">Perfil del estudiante (click)<\/span><\/a><\/h3>\n<h2><span style=\"color: #ff0000;\">Programas<\/span><\/h2>\n<p>En el Departamento de Estudios Graduados se ofrece una maestr\u00eda y un doctorado en Liderazgo en Organizaciones Educativas.<\/p>\n<h2><span style=\"color: #ff0000;\"><strong>\u00bfCu\u00e1l es el prop\u00f3sito del programa?<\/strong><\/span><\/h2>\n<p>La sociedad puertorrique\u00f1a requiere la preparaci\u00f3n de l\u00edderes que asuman las funciones de las organizaciones que tienen responsabilidades educativas. Con el prop\u00f3sito de responder a esta necesidad, el Programa de Liderazgo en Organizaciones Educativas\u00a0 prepara l\u00edderes para las entidades p\u00fablicas y privadas, crea conocimiento a trav\u00e9s de la investigaci\u00f3n y ofrece servicios.<\/p>\n<p>Este programa se ha destacado en el desarrollo de l\u00edderes que han tenido a su cargo la gesti\u00f3n administrativa tanto en el sistema p\u00fablico de ense\u00f1anza, como en las escuelas y universidades privadas y en la Universidad de Puerto Rico.<\/p>\n<h2><span style=\"color: #ff0000;\">Programa acad\u00e9mico para Maestr\u00eda<\/span><\/h2>\n<p>Consta de\u00a0<strong>30 cr\u00e9ditos- <a href=\"https:\/\/ege.uprrp.edu\/?page_id=3614\">Ver gu\u00eda curricular para Maestr\u00eda<\/a> (haga click)<br \/>\n<\/strong><\/p>\n<p><a href=\"https:\/\/ege.uprrp.edu\/wp-content\/uploads\/2025\/11\/Opu\u0301sculo-brochure-Programa-Graduado-en-Liderazgo-en-Organizaciones-Educativas-LOE-rev-11-18-25-Dr.-Vazquez.pdf\">Op\u00fasculo Programa Graduado en Liderazgo en Organizaciones Educativas &#8211; LOE<\/a><\/p>\n<p>Requisitos para admisi\u00f3n:<\/p>\n<ul>\n<li>Bachillerato de una universidad acreditada o su equivalente.<\/li>\n<li>\u00cdndice acad\u00e9mico m\u00ednimo de 3.00 puntos en escala de 4.00<\/li>\n<li>\u00a0Dos cartas de recomendaci\u00f3n de profesores(as)u otros profesionales que puedan opinar sobre la capacidad del(a) solicitante para realizar estudios graduados.<\/li>\n<li>Dominio de los idiomas espa\u00f1ol e ingl\u00e9s<\/li>\n<\/ul>\n<h4><span style=\"font-size: 1.5em; color: #ff0000;\">FACULTAD DEL PROGRAMA<\/span><\/h4>\n<address>\u00a0<\/address>\n<address><strong>Mar\u00eda de los \u00c1ngeles Ortiz Reyes<\/strong>,\u00a0<strong>PhD,<\/strong>\u00a0New York University, 1982, Catedr\u00e1tica Asociada.\u00a0<em>Evaluaci\u00f3n de programa y \u201cassessment\u201d; educaci\u00f3n superior; liderazgo estrat\u00e9gico; \u201cbullying\u201d acoso escolar; investigaci\u00f3n institucional.<\/em><\/address>\n<address>\u00a0<\/address>\n<address><strong>Juan Rodr\u00edguez Rivera<\/strong><em>,\u00a0<\/em><strong>EdD<\/strong><em>,\u00a0<\/em>Universidad de Puerto Rico. 2011. Catedr\u00e1tico Auxililar.\u00a0<em>Estructuras administrativas y did\u00e1cticas para lograr eficacia y efectividad en sistemas educativos; Cambio escolar sist\u00e9mico; Planificaci\u00f3n estrat\u00e9gica y desarrollo organizacional; Liderazgo efectivo para promover cambios en la cultura organizacional (escuelas y organizaciones con programas o proyectos educativos) e Impacto de la transici\u00f3n entre niveles escolares.<\/em><\/p>\n<div data-ogsc=\"black\">\n<div><strong>David V\u00e1zquez Gonz\u00e1lez, EdD<\/strong>.\u00a0 Nova Southeastern University, FL (2003) Doctor of Education in Higher Education Administration with a Specialty in Adult Education and a concentration in ESL and Indian University of PA, ABD (2005) Doctoral Program in Educational Leadership K-12 \u2014Superintendent Certification in Pennsylvania- Intereses de investigaci\u00f3n: estilos de liderazgo y el impacto en procesos de ense\u00f1anza y aprendizaje K-12; evaluaci\u00f3n del aprendizaje estudiantil (assessment);\u00a0educaci\u00f3n biling\u00fce; investigaci\u00f3n en acci\u00f3n; evaluaci\u00f3n de programas educativos; educaci\u00f3n c\u00edvica en K-12; educaci\u00f3n vocacional y t\u00e9cnica; cultura y clima escolar; planificaci\u00f3n estrat\u00e9gica; filosof\u00eda educativa; coaching en comunidades escolares; equidad e inclusi\u00f3n en la educaci\u00f3n; ense\u00f1anza culturalmente receptiva.<\/div>\n<\/div>\n<div><\/div>\n<div><strong>Alicia Monta\u00f1ez Garc\u00eda<\/strong>,\u00a0<strong>EdD<\/strong>, Universidad de Puerto Rico. 2011. Catedr\u00e1tica Auxililar.\u00a0<em>Liderazgo y cambio organizacional, Cultura en organizaciones educativas, Planificaci\u00f3n estrat\u00e9gica del cambio organizacional, Contextos de aprendizaje efectivos, Liderazgo y desarrollo comunitario, Desarrollo profesional para educadores, Coaching educativo, Liderazgo de servicio<\/em><\/div>\n<\/address>\n<h2><span style=\"color: #ff0000;\"><strong>\u00bfCu\u00e1ndo se debe solicitar admisi\u00f3n?<\/strong><\/span><\/h2>\n<p>La solicitud de admisi\u00f3n debe ser radicada en o antes de la fecha estipulada por el Decanato de Estudios Graduados e Investigaci\u00f3n (http:\/\/graduados.uprrp.edu\/). La admisi\u00f3n al programa puede ser en el primer o en el segundo semestre del a\u00f1o acad\u00e9mico.<\/p>\n<h2><span style=\"color: #ff0000;\">Para informaci\u00f3n adicional:<\/span><\/h2>\n<p><strong>\u00a0<\/strong><strong>Visite<\/strong>\u00a0el Departamento de Estudios Graduados (cuarto piso), Facultad de Educaci\u00f3n, Universidad de Puerto Rico, Recinto de R\u00edo Piedras.\u00a0 Tambi\u00e9n puede acceder a la p\u00e1gina del Departamento: https:\/\/ege.uprrp.edu<\/p>\n<p><strong>Tambi\u00e9n puede comunicarse con el Coordinador del Programa<br \/>\n<\/strong><\/p>\n<p>Dr. David Vazquez- david.vazquez@upr.edu<\/p>\n<h2><span style=\"color: #ff0000;\"><strong>Ll\u00e1menos al:\u00a0<\/strong><\/span><\/h2>\n<p>Departamento de Estudios Graduados \u00a0 (787) 764-0000 \u00a0Extensiones: 89253, 89231<\/p>\n<h1><\/h1>\n<h1><span style=\"color: #ff0000;\"><em>\u00a1Te esperamos!<\/em><\/span><\/h1>\n","protected":false},"excerpt":{"rendered":"<p>Pulse aqu\u00ed: Requisitos de admisi\u00f3n \/ Requirements for the Master\u2019s Program Haz clic aqu\u00ed para nueva hoja informativa \u00a1Bienvenidos! \u00a0 \u00a0 \u00a0 \u00a0 \u00a0 \u00a0 \u00a0 \u00a0 El ejercicio del liderazgo educativo es clave para transformar los sistemas\u00a0 K-12, postsecundarios &hellip; <a href=\"https:\/\/ege.uprrp.edu\/?page_id=2414\">Continue reading <span class=\"meta-nav\">&rarr;<\/span><\/a><\/p>\n","protected":false},"author":2,"featured_media":0,"parent":0,"menu_order":0,"comment_status":"closed","ping_status":"closed","template":"","meta":{"footnotes":""},"class_list":["post-2414","page","type-page","status-publish","hentry"],"jetpack_sharing_enabled":true,"jetpack_shortlink":"https:\/\/wp.me\/PdrNFQ-CW","_links":{"self":[{"href":"https:\/\/ege.uprrp.edu\/index.php?rest_route=\/wp\/v2\/pages\/2414","targetHints":{"allow":["GET"]}}],"collection":[{"href":"https:\/\/ege.uprrp.edu\/index.php?rest_route=\/wp\/v2\/pages"}],"about":[{"href":"https:\/\/ege.uprrp.edu\/index.php?rest_route=\/wp\/v2\/types\/page"}],"author":[{"embeddable":true,"href":"https:\/\/ege.uprrp.edu\/index.php?rest_route=\/wp\/v2\/users\/2"}],"replies":[{"embeddable":true,"href":"https:\/\/ege.uprrp.edu\/index.php?rest_route=%2Fwp%2Fv2%2Fcomments&post=2414"}],"version-history":[{"count":43,"href":"https:\/\/ege.uprrp.edu\/index.php?rest_route=\/wp\/v2\/pages\/2414\/revisions"}],"predecessor-version":[{"id":8586,"href":"https:\/\/ege.uprrp.edu\/index.php?rest_route=\/wp\/v2\/pages\/2414\/revisions\/8586"}],"wp:attachment":[{"href":"https:\/\/ege.uprrp.edu\/index.php?rest_route=%2Fwp%2Fv2%2Fmedia&parent=2414"}],"curies":[{"name":"wp","href":"https:\/\/api.w.org\/{rel}","templated":true}]}}