{"id":26,"date":"2011-10-07T17:59:25","date_gmt":"2011-10-07T17:59:25","guid":{"rendered":"http:\/\/ege.uprrp.edu\/?page_id=26"},"modified":"2026-02-11T14:57:02","modified_gmt":"2026-02-11T14:57:02","slug":"disertaciones-tesis-y-proyectos","status":"publish","type":"page","link":"https:\/\/ege.uprrp.edu\/?page_id=26","title":{"rendered":"Disertaciones, Tesis y Proyectos"},"content":{"rendered":"<h3><\/h3>\n<h3><a style=\"color: #ff0000;\" href=\"https:\/\/ege.uprrp.edu\/wp-content\/uploads\/2019\/12\/MANUAL-DE-PROCEDIMIENTOS-REGLAMENTARIOS-enmendado-abril-2018-y-editado-arreglos-de-formato-diciembre-2019.pdf\">MANUAL DE PROCEDIMIENTOS REGLAMENTARIOS TESIS, PROYECTOS Y DISERTACI\u00d3N enmendado abril 2018 y editado arreglos de formato en diciembre 201<\/a><span style=\"color: #ff0000;\">9<\/span><\/h3>\n<h3><span style=\"color: #ff0000;\"><a style=\"color: #ff0000;\" href=\"https:\/\/ege.uprrp.edu\/wp-content\/uploads\/2024\/09\/Guia-para-PROPUESTA-para-PROYECTO-DE-CREACION.pdf\">Gu\u00eda para el proyecto de creaci\u00f3n (Maestr\u00eda) revisado sept. 2024<\/a><\/span><\/h3>\n<h3><span style=\"color: #ff0000;\"><b><u>Informaci\u00f3n<\/u><\/b><strong><u>\u00a0de los D<a style=\"color: #ff0000;\" href=\"https:\/\/ege.uprrp.edu\/?attachment_id=5248\">eberes y Responsabilidades del Director del Comit\u00e9, los Miembros del Comit\u00e9 y el Estudiante de Tesis, Proyecto o Disertaci\u00f3n<\/a><\/u><\/strong><\/span><\/h3>\n<h3><a href=\"https:\/\/ege.uprrp.edu\/wp-content\/uploads\/2024\/05\/Manual-de-Orientacio\u0301n-Examen-Maestri\u0301a-CyE-revisado-11-marzo-2024-OHR.pdf\">Manual de Orientaci\u00f3n para examen de grado Maestr\u00eda de Curr\u00edculo y Ense\u00f1anza<\/a><\/h3>\n<h3><span style=\"color: #ff0000;\"><a href=\"https:\/\/ege.uprrp.edu\/wp-content\/uploads\/2021\/12\/TalleresBiblioteca-Inscripcion-ene-feb-2022.jpg\">Fechas e incripci\u00f3n talleres de destrezas de la informaci\u00f3n<\/a><\/span><\/h3>\n<p><a href=\"https:\/\/ege.uprrp.edu\/wp-content\/uploads\/2025\/08\/Carta_Circular_Streamlyne_CIPSHI_26_3.pdf\">Streamlyne CIPSHI<\/a><\/p>\n<h3><span style=\"color: #ff0000;\">Formularios para procesos de Tesis, proyectos y Disertaci\u00f3n<\/span><\/h3>\n<p><a href=\"https:\/\/ege.uprrp.edu\/wp-content\/uploads\/2019\/12\/F1-CONSENTIMIENTO-Y-VISTO-BUENO-PARA-SER-DIRECTOR-DEL-COMIT\u00c9-DE-TESIS-PROYECTO-O-DISERTACI\u00d3N.pdf\"><strong>F1<\/strong>-CONSENTIMIENTO Y VISTO BUENO PARA SER DIRECTOR DEL COMIT\u00c9 DE TESIS, PROYECTO O DISERTACI\u00d3N<\/a><\/p>\n<p><a href=\"https:\/\/ege.uprrp.edu\/wp-content\/uploads\/2019\/12\/F2-CONSENTIMIENTO-PARA-SER-MIEMBRO-DEL-COMIT\u00c9-DE.pdf\"><strong>F2<\/strong>-CONSENTIMIENTO PARA SER MIEMBRO DEL COMIT\u00c9 DE<\/a><\/p>\n<p><a href=\"https:\/\/ege.uprrp.edu\/wp-content\/uploads\/2019\/12\/F3-APROBACI\u00d3N-DEL-COMIT\u00c9-DE-TESIS-PROYECTO-O-DISERTACI\u00d3N.pdf\"><strong>F3<\/strong>-APROBACI\u00d3N DEL COMIT\u00c9 DE TESIS, PROYECTO O DISERTACI\u00d3N<\/a><\/p>\n<p><a href=\"https:\/\/ege.uprrp.edu\/wp-content\/uploads\/2019\/12\/F4-RESUMEN-DE-REUNIONES-DE-TESIS-PROYECTO-O-DISERTACI\u00d3N.pdf\"><strong>F4<\/strong>-RESUMEN DE REUNIONES DE TESIS, PROYECTO O DISERTACI\u00d3N<\/a><\/p>\n<p><a href=\"https:\/\/ege.uprrp.edu\/wp-content\/uploads\/2019\/12\/F5-PRESENTACI\u00d3N-DE-LA-PROPUESTA-DE-TESIS-PROYECTO-O-DISERTACI\u00d3N.pdf\"><strong>F5<\/strong>-PRESENTACI\u00d3N DE LA PROPUESTA DE TESIS, PROYECTO O DISERTACI\u00d3N<\/a><\/p>\n<p><a href=\"https:\/\/ege.uprrp.edu\/wp-content\/uploads\/2023\/12\/F6-RESULTADO-DE-LA-PRESENTACI\u00d3N-DE-PROPUESTA-DE-TESIS-PROYECTO-O-DISERTACI\u00d3N.docx\"><strong>F6<\/strong>\u2013 RESULTADO DE LA PRESENTACI\u00d3N DE PROPUESTA DE TESIS, PROYECTO O DISERTACI\u00d3N<\/a><\/p>\n<p><a href=\"https:\/\/ege.uprrp.edu\/wp-content\/uploads\/2019\/12\/F7-FORMULARIO-DE-CERTIFICACI\u00d3N-PARA-LA-PROTECCI\u00d3N-DE-SERES-HUMANOS-EN-LA-INVESTIGACI\u00d3N.pdf\"><strong>F7<\/strong>-FORMULARIO DE CERTIFICACI\u00d3N PARA LA PROTECCI\u00d3N DE SERES HUMANOS EN LA INVESTIGACI\u00d3N<\/a><\/p>\n<p><a href=\"https:\/\/ege.uprrp.edu\/wp-content\/uploads\/2019\/12\/F8-DEFENSA-DE-LA-TESIS-EL-PROYECTO-O-LA-DISERTACI\u00d3N.pdf\"><strong>F8<\/strong>-DEFENSA DE LA TESIS, EL PROYECTO O LA DISERTACI\u00d3N<\/a><\/p>\n<p><a href=\"https:\/\/ege.uprrp.edu\/wp-content\/uploads\/2023\/12\/F9-RESULTADO-DE-LA-DEFENSA-DE-TESIS-PROYECTO-O-DISERTACI\u00d3N.docx\"><strong>F9<\/strong>-RESULTADO DE LA DEFENSA DE TESIS, PROYECTO O DISERTACI\u00d3N<\/a><\/p>\n<p><a href=\"https:\/\/ege.uprrp.edu\/wp-content\/uploads\/2024\/02\/Hoja-de-Evaluaci\u00f3n-de-Tesis-proyecto-o-disertacion-revisada-en-2021.pdf\">HOJA DE EVALUACI\u00d3N PARA DEFENSAS DE TESIS, PROYECTO O DISERTACI\u00d3N<\/a><\/p>\n<p><a href=\"https:\/\/ege.uprrp.edu\/wp-content\/uploads\/2023\/12\/F10-SOLICITUD-DE-CAMBIO-O-MODIFICACI\u00d3N-SUSTANCIAL-A-LA-PROPUESTA-DE-TESIS-PROYECTO-O-DISERTACI\u00d3N.docx\"><strong>F10<\/strong>-SOLICITUD DE CAMBIO O MODIFICACI\u00d3N SUSTANCIAL A LA PROPUESTA DE TESIS, PROYECTO O DISERTACI\u00d3N<\/a><\/p>\n<h3><\/h3>\n<h3><a href=\"https:\/\/ege.uprrp.edu\/?page_id=6646\"><span style=\"color: #ff0000;\">Lista de Disertaciones distinguida<\/span><\/a>s por a\u00f1o acad\u00e9mico<\/h3>\n<h3><\/h3>\n<h3><span style=\"color: #ff0000;\">Resumen de Tesis, Proyectos y Disertaciones aprobadas desde agosto 2004 a mayo 2025<\/span><\/h3>\n<ul>\n<li><a href=\"https:\/\/ege.uprrp.edu\/wp-content\/uploads\/2025\/09\/Tesis-proyectos-y-disertaciones-2024-2025.docx\">Tesis, Proyectos y Disertaciones 2024-2025<\/a><\/li>\n<li><a href=\"https:\/\/ege.uprrp.edu\/wp-content\/uploads\/2023\/09\/Tesis-proyectos-y-disertaciones-2019-2023.pdf\">Tesis, Proyectos y Disertaciones 2019-2023<\/a><\/li>\n<li><a href=\"https:\/\/ege.uprrp.edu\/?attachment_id=5041\">TESIS, PROYECTOS Y DISERTACIONES 2014-2019<\/a><\/li>\n<li><strong><a href=\"https:\/\/ege.uprrp.edu\/?attachment_id=3819\">Informe de defensas finales y propuestas de Tesis, proyectos y disertaciones del DEG (abril, mayo, junio y julio de 2017<\/a>)<\/strong><\/li>\n<li><a href=\"https:\/\/ege.uprrp.edu\/wp-content\/uploads\/2016\/06\/tesis-proyectos-disert-y-sem-invest-1er-y-2do-semestre-2015-2016.pdf\">Tesis, Proyectos, Disertaciones y Seminario de Investigaci\u00f3n de Curr\u00edculo y Ense\u00f1anza. Primer y Segundo Semestre a\u00f1o acad\u00e9mico 2015-2016<\/a><\/li>\n<li><a href=\"https:\/\/ege.uprrp.edu\/wp-content\/uploads\/2015\/08\/Tesis-proyectos-y-disertaciones-2014-2015.pdf\">TESIS, PROYECTOS Y DISERTACIONES 2014-2015<\/a><\/li>\n<li><a href=\"https:\/\/ege.uprrp.edu\/wp-content\/uploads\/2014\/09\/Tesis-proyectos-disertaciones-2007-2008-al-2013-2014-1.pdf\">Tesis, proyectos y disertaciones 2007-2008 al 2013-2014<\/a><\/li>\n<li><a href=\"https:\/\/ege.uprrp.edu\/wp-content\/uploads\/2013\/03\/T\u00edtulos-trabajos-DEG-2004-2007.pdf\" target=\"_blank\" rel=\"noopener\">Tesis, proyectos y disertaciones 2004-2007<\/a><\/li>\n<\/ul>\n<p>Presentaciones:<\/p>\n<p><a href=\"https:\/\/ege.uprrp.edu\/wp-content\/uploads\/2023\/12\/orientacion-tesis-proyecto-y-disertacion-DEG-12-de-diciembre-2023.pdf\">Orientaci\u00f3n reglamentaria<\/a><\/p>\n<p><a href=\"https:\/\/ege.uprrp.edu\/wp-content\/uploads\/2023\/12\/13-dic-23-Pres-Recursos-servicios-ex-grado.pdf\">Orientaci\u00f3n Biblioteca Gerardo Sell\u00e9s Sol\u00e1<\/a><\/p>\n<p><a href=\"https:\/\/ege.uprrp.edu\/wp-content\/uploads\/2023\/12\/orientacion-tesis-proyecto-y-disertacion-DEG-12-de-diciembre-2023.pdf\">Orientaci\u00f3n Consejera del DEG<\/a><\/p>\n<p>&nbsp;<\/p>\n<p>&nbsp;<\/p>\n","protected":false},"excerpt":{"rendered":"<p>MANUAL DE PROCEDIMIENTOS REGLAMENTARIOS TESIS, PROYECTOS Y DISERTACI\u00d3N enmendado abril 2018 y editado arreglos de formato en diciembre 2019 Gu\u00eda para el proyecto de creaci\u00f3n (Maestr\u00eda) revisado sept. 2024 Informaci\u00f3n\u00a0de los Deberes y Responsabilidades del Director del Comit\u00e9, los Miembros &hellip; <a href=\"https:\/\/ege.uprrp.edu\/?page_id=26\">Continue reading <span class=\"meta-nav\">&rarr;<\/span><\/a><\/p>\n","protected":false},"author":2,"featured_media":0,"parent":0,"menu_order":0,"comment_status":"open","ping_status":"closed","template":"","meta":{"footnotes":""},"class_list":["post-26","page","type-page","status-publish","hentry"],"jetpack_sharing_enabled":true,"jetpack_shortlink":"https:\/\/wp.me\/PdrNFQ-q","_links":{"self":[{"href":"https:\/\/ege.uprrp.edu\/index.php?rest_route=\/wp\/v2\/pages\/26","targetHints":{"allow":["GET"]}}],"collection":[{"href":"https:\/\/ege.uprrp.edu\/index.php?rest_route=\/wp\/v2\/pages"}],"about":[{"href":"https:\/\/ege.uprrp.edu\/index.php?rest_route=\/wp\/v2\/types\/page"}],"author":[{"embeddable":true,"href":"https:\/\/ege.uprrp.edu\/index.php?rest_route=\/wp\/v2\/users\/2"}],"replies":[{"embeddable":true,"href":"https:\/\/ege.uprrp.edu\/index.php?rest_route=%2Fwp%2Fv2%2Fcomments&post=26"}],"version-history":[{"count":114,"href":"https:\/\/ege.uprrp.edu\/index.php?rest_route=\/wp\/v2\/pages\/26\/revisions"}],"predecessor-version":[{"id":8658,"href":"https:\/\/ege.uprrp.edu\/index.php?rest_route=\/wp\/v2\/pages\/26\/revisions\/8658"}],"wp:attachment":[{"href":"https:\/\/ege.uprrp.edu\/index.php?rest_route=%2Fwp%2Fv2%2Fmedia&parent=26"}],"curies":[{"name":"wp","href":"https:\/\/api.w.org\/{rel}","templated":true}]}}