{"id":2695,"date":"2014-11-07T23:54:27","date_gmt":"2014-11-07T23:54:27","guid":{"rendered":"http:\/\/ege.uprrp.edu\/?page_id=2695"},"modified":"2014-11-07T23:54:27","modified_gmt":"2014-11-07T23:54:27","slug":"convocatoria-abierta-para-someter-articulos-y-reflexiones-an0-2014-2015","status":"publish","type":"page","link":"https:\/\/ege.uprrp.edu\/?page_id=2695","title":{"rendered":"CONVOCATORIA ABIERTA PARA SOMETER ART\u00cdCULOS Y REFLEXIONES    A\u00d10 2014 &#8211; 2015"},"content":{"rendered":"<p align=\"center\">UNIVERSIDAD DE PUERTO RICO<\/p>\n<p align=\"center\">RECINTO DE R\u00cdO PIEDRAS<\/p>\n<p align=\"center\">FACULTAD DE EDUCACI\u00d3N<\/p>\n<p align=\"center\">DEPARTAMENTO DE ESTUDIOS GRADUADOS<\/p>\n<p>&nbsp;<\/p>\n<p align=\"center\"><strong>Bolet\u00edn <em>INEVA en Acci\u00f3n<\/em><\/strong><\/p>\n<p>&nbsp;<\/p>\n<p align=\"center\"><strong>CONVOCATORIA ABIERTA PARA SOMETER ART\u00cdCULOS Y REFLEXIONES \u00a0\u00a0\u00a0A\u00d10 2014 &#8211; 2015<\/strong><\/p>\n<p>La Junta Editora del Bolet\u00edn <em>INEVA en acci\u00f3n<\/em>, les invita a publicar un art\u00edculo o una reflexi\u00f3n en el pr\u00f3ximo n\u00famero \u00a0del a\u00f1o 2014. En el cual se conmemora nuestro d\u00e9cimo aniversario. Esperamos recibir el manuscrito del art\u00edculo o de la reflexi\u00f3n en o antes del <strong>2 de diciembre de 2014<\/strong> por medio de correo electr\u00f3nico al <a href=\"mailto:bolet\u00ednineva@gmail.com\">bolet\u00ednineva@gmail.com<\/a>.<\/p>\n<p>&nbsp;<\/p>\n<p align=\"center\"><strong>Pol\u00edtica Editorial<\/strong><\/p>\n<p>El Bolet\u00edn <em>INEVA en Acci\u00f3n<\/em> representa un trabajo colectivo de un grupo de estudiantes y profesores(as) del programa graduado de Investigaci\u00f3n y Evaluaci\u00f3n Educativa (INEVA), adscrito a la Facultad de Educaci\u00f3n de la Universidad de Puerto Rico, Recinto de R\u00edo Piedras. Se publica un n\u00famero al a\u00f1o en formato electr\u00f3nico.<\/p>\n<p>&nbsp;<\/p>\n<p><strong>Art\u00edculos<\/strong><\/p>\n<p>&nbsp;<\/p>\n<p>El Bolet\u00edn <em>INEVA en Acci\u00f3n<\/em> publica art\u00edculos breves e in\u00e9ditos<strong> <\/strong>acerca de lo siguiente:<\/p>\n<ul>\n<li>An\u00e1lisis o s\u00edntesis de teor\u00edas, m\u00e9todos o t\u00e9cnicas que se aplican en los campos de la Investigaci\u00f3n, Estad\u00edstica, Evaluaci\u00f3n y Medici\u00f3n Educativa<\/li>\n<li>Rese\u00f1as de libros, trabajos de investigaci\u00f3n y otros recursos disponibles en estos campos<\/li>\n<li>Comentarios acerca de asuntos de actualidad o controvertibles en estos campos<\/li>\n<li>Datos hist\u00f3ricos y biogr\u00e1ficos de personas que han aportado al desarrollo de estos campos<\/li>\n<li>Experiencias y trayectoria de estudiantes activos(as) o egresados(as) del programa de INEVA<\/li>\n<li>Noticias de eventos relacionados con los campos antes mencionados<\/li>\n<\/ul>\n<p>&nbsp;<\/p>\n<p>Los(as) profesores(as) y estudiantes interesados(as) en someter un manuscrito para publicarse en este bolet\u00edn deben enviar la documentaci\u00f3n adecuada a la Junta Editora del bolet\u00edn, a trav\u00e9s de la direcci\u00f3n de correo electr\u00f3nico bolet\u00edn.ineva.en.accion@gmail.com<strong><\/strong><\/p>\n<p>&nbsp;<\/p>\n<p>El manuscrito debe cumplir con los siguientes requisitos: <strong><\/strong><\/p>\n<ol start=\"1\">\n<li>Incluir una p\u00e1gina de portada con los siguientes datos: Nombre del autor o la autora, Instituci\u00f3n donde estudia o trabaja, Direcci\u00f3n postal, Direcci\u00f3n electr\u00f3nica y Tel\u00e9fono.<\/li>\n<li>Redactado a doble espacio y siguiendo el formato del manual de estilo \u00a0de la <em>American Psychological Association<\/em> (6ta. Edici\u00f3n, 2010).<\/li>\n<li>El tipo y tama\u00f1o de letra debe ser \u201c<em>Times New Roman<\/em>\u201d a 12 puntos.<\/li>\n<li>No exceder de\u00a0diez p\u00e1ginas, incluyendo las referencias.<\/li>\n<li>Si incluye tablas o gr\u00e1ficas, presentarlas con una imagen clara.<\/li>\n<li>Incluir la autorizaci\u00f3n del autor, la autora o la casa publicadora si usa tablas, gr\u00e1ficas o materiales de otras fuentes.<\/li>\n<li>Escrito en el programado MS Word, versi\u00f3n del a\u00f1o 2003 en adelante.<\/li>\n<\/ol>\n<p>&nbsp;<\/p>\n<p>Una vez se recibe el manuscrito, se env\u00eda un mensaje por correo electr\u00f3nico al autor o la autora del manuscrito. Luego, se somete ante la consideraci\u00f3n de la Junta Editora para evaluarlo. La decisi\u00f3n de publicarlo o no y las recomendaciones o comentarios del manuscrito se le comunica al autor o autora por correo electr\u00f3nico. La Junta Editora se reserva el derecho de asignar la fecha de publicaci\u00f3n del art\u00edculo aceptado.<\/p>\n<p>&nbsp;<\/p>\n<p><strong>Reflexiones<\/strong><\/p>\n<p>&nbsp;<\/p>\n<p>Tambi\u00e9n podr\u00eda someter para publicaci\u00f3n en el bolet\u00edn una <strong>reflexi\u00f3n <\/strong>sobre una tesis o trabajo de investigaci\u00f3n realizado en los campos de la Investigaci\u00f3n, Estad\u00edstica, Evaluaci\u00f3n y Medici\u00f3n Educativa. Puede acompa\u00f1arla con fotos, ya sea del momento en el cu\u00e1l aprobaron la tesis, de la graduaci\u00f3n o cualquier momento que considere pertinente.<\/p>\n<p>&nbsp;<\/p>\n<p>A continuaci\u00f3n se presentan algunas preguntas para guiar la redacci\u00f3n de su reflexi\u00f3n. Adem\u00e1s, debe cumplir con los requisitos mencionados antes.<\/p>\n<p style=\"padding-left: 30px;\">1. T\u00edtulo de la reflexi\u00f3n<br \/>\n2. Breve descripci\u00f3n de la investigaci\u00f3n<\/p>\n<blockquote style=\"padding-left: 30px;\"><p>a. Problema<br \/>\nb. Prop\u00f3sito<br \/>\nc. M\u00e9todo<br \/>\nd. T\u00e9cnicas para recopilar los datos<br \/>\ne. Hallazgos m\u00e1s importantes<br \/>\nf. Recomendaciones<\/p><\/blockquote>\n<blockquote><p>\n3. \u00bfC\u00f3mo esta investigaci\u00f3n contribuy\u00f3 a su desarrollo profesional o laboral?<br \/>\n4. \u00bfCu\u00e1les fueron las limitaciones y los retos antes, durante y despu\u00e9s del proceso de investigaci\u00f3n?<br \/>\n5. \u00bfQu\u00e9 impacto puede tener la investigaci\u00f3n en la educaci\u00f3n en Puerto Rico?<\/p><\/blockquote>\n<p>Esperamos recibir el manuscrito del art\u00edculo o de la reflexi\u00f3n por medio de correo electr\u00f3nico al <a href=\"mailto:bolet\u00ednineva@gmail.com\">bolet\u00ednineva@gmail.com<\/a>.<\/p>\n","protected":false},"excerpt":{"rendered":"<p>UNIVERSIDAD DE PUERTO RICO RECINTO DE R\u00cdO PIEDRAS FACULTAD DE EDUCACI\u00d3N DEPARTAMENTO DE ESTUDIOS GRADUADOS &nbsp; Bolet\u00edn INEVA en Acci\u00f3n &nbsp; CONVOCATORIA ABIERTA PARA SOMETER ART\u00cdCULOS Y REFLEXIONES \u00a0\u00a0\u00a0A\u00d10 2014 &#8211; 2015 La Junta Editora del Bolet\u00edn INEVA en acci\u00f3n, &hellip; <a href=\"https:\/\/ege.uprrp.edu\/?page_id=2695\">Continue reading <span class=\"meta-nav\">&rarr;<\/span><\/a><\/p>\n","protected":false},"author":2,"featured_media":0,"parent":0,"menu_order":0,"comment_status":"closed","ping_status":"closed","template":"","meta":{"footnotes":""},"class_list":["post-2695","page","type-page","status-publish","hentry"],"jetpack_sharing_enabled":true,"jetpack_shortlink":"https:\/\/wp.me\/PdrNFQ-Ht","_links":{"self":[{"href":"https:\/\/ege.uprrp.edu\/index.php?rest_route=\/wp\/v2\/pages\/2695","targetHints":{"allow":["GET"]}}],"collection":[{"href":"https:\/\/ege.uprrp.edu\/index.php?rest_route=\/wp\/v2\/pages"}],"about":[{"href":"https:\/\/ege.uprrp.edu\/index.php?rest_route=\/wp\/v2\/types\/page"}],"author":[{"embeddable":true,"href":"https:\/\/ege.uprrp.edu\/index.php?rest_route=\/wp\/v2\/users\/2"}],"replies":[{"embeddable":true,"href":"https:\/\/ege.uprrp.edu\/index.php?rest_route=%2Fwp%2Fv2%2Fcomments&post=2695"}],"version-history":[{"count":1,"href":"https:\/\/ege.uprrp.edu\/index.php?rest_route=\/wp\/v2\/pages\/2695\/revisions"}],"predecessor-version":[{"id":2696,"href":"https:\/\/ege.uprrp.edu\/index.php?rest_route=\/wp\/v2\/pages\/2695\/revisions\/2696"}],"wp:attachment":[{"href":"https:\/\/ege.uprrp.edu\/index.php?rest_route=%2Fwp%2Fv2%2Fmedia&parent=2695"}],"curies":[{"name":"wp","href":"https:\/\/api.w.org\/{rel}","templated":true}]}}