{"id":29,"date":"2011-10-07T18:02:13","date_gmt":"2011-10-07T18:02:13","guid":{"rendered":"http:\/\/ege.uprrp.edu\/?page_id=29"},"modified":"2026-01-21T17:15:55","modified_gmt":"2026-01-21T17:15:55","slug":"documentos","status":"publish","type":"page","link":"https:\/\/ege.uprrp.edu\/?page_id=29","title":{"rendered":"Documentos de Inter\u00e9s"},"content":{"rendered":"<ul>\n<li><a href=\"https:\/\/ege.uprrp.edu\/wp-content\/uploads\/2025\/02\/Donaciones-Recinto-de-Rio-Piedras.pdf\">Enlace para Donaciones a el Departamento de Estudios Graduados<\/a><\/li>\n<li><a href=\"https:\/\/ege.uprrp.edu\/wp-content\/uploads\/2025\/09\/NORMAS-Y-PROCEDIMIENTOS-Examen-Grado-borrador-FINAL-2025-05-13.pdf\">NORMAS Y PROCEDIMIENTOS Examen Grado borrador FINAL 2025-05-13<\/a><\/li>\n<li><a href=\"https:\/\/ege.uprrp.edu\/wp-content\/uploads\/2016\/11\/instrucciones_matricula_miupi.pdf\">Instrucciones\u00a0para la selecci\u00f3n de cursos a trav\u00e9s del Portal miupi.<\/a><\/li>\n<li><a href=\"https:\/\/www.wes.org\/\">Enlace a agencia de homologaci\u00f3n de grado: WES<\/a><\/li>\n<li><a href=\"https:\/\/www.uprrp.edu\/admisiones\/costos-de-matricula\/\">Costo por cr\u00e9ditos para maestr\u00edas y doctorados a partir de agosto 2018<\/a><\/li>\n<li>F<a href=\"https:\/\/ege.uprrp.edu\/wp-content\/uploads\/2023\/01\/Formularo-de-solicitud-de-baja-para-el-periodo-del-50_.pdf\">ormulario solicitud de baja con 50% hasta 3 de febrero de 2023<\/a><\/li>\n<li><a href=\"https:\/\/ege.uprrp.edu\/wp-content\/uploads\/2025\/08\/Carta_Circular_Streamlyne_CIPSHI_26_3.pdf\">Streamlyne CIPSHI<\/a><\/li>\n<li><a href=\"https:\/\/ege.uprrp.edu\/wp-content\/uploads\/2023\/10\/MANUAL-BAJAS-PARCIALES-ESTUDIANTE.pdf\">Instrucciones para baja parcial<\/a><\/li>\n<li><a href=\"https:\/\/ege.uprrp.edu\/wp-content\/uploads\/2023\/10\/MANUAL-BAJAS-TOTALES-ESTUDIANTE.pdf\">Instrucciones para\u00a0baja total<\/a><\/li>\n<li><a href=\"https:\/\/ege.uprrp.edu\/?attachment_id=5373\">Lista de cursos para cumplir con los cursos doctorales de Fundamentos de la Educaci\u00f3n<\/a><a href=\"https:\/\/ege.uprrp.edu\/?attachment_id=5366\">\u00a0<\/a><\/li>\n<li><a href=\"https:\/\/ege.uprrp.edu\/?attachment_id=5372\">Lista de cursos para cumplir con los cr\u00e9ditos en Investigaci\u00f3n, Fundamentos y Electivas dirigidas para el Programa Doctoral en LOE<\/a><\/li>\n<li><a href=\"https:\/\/ege.uprrp.edu\/wp-content\/uploads\/2015\/11\/CURSOS-DE-AUTISMO-Certificacion-del-Depto.-de-Educaci\u00f3n.pdf\">Lista de cursos para Certificaci\u00f3n en Autismo del Depto. de Educaci\u00f3n<\/a><\/li>\n<li>Reglamento &#8211; Departamento de Estudios Graduados (en proceso de edici\u00f3n)\u00a0<a href=\"https:\/\/ege.uprrp.edu\/wp-content\/uploads\/2012\/12\/REGLAMENTO-Revisi\u00f3n-8-NOVIEMBRE-2012-final.pdf\" target=\"_blank\" rel=\"noopener\"><br \/>\n<\/a><\/li>\n<li><a href=\"http:\/\/degupr.files.wordpress.com\/2011\/10\/planestudios.pdf\" target=\"_blank\" rel=\"noopener\">Asesor\u00eda acad\u00e9mica: Plan de estudios del estudiante<\/a><\/li>\n<li><a href=\"https:\/\/ege.uprrp.edu\/wp-content\/uploads\/2015\/12\/CONSIDERACIONES-HONESTIDAD-ACADEMICA.pdf\">Algunas consideraciones sobre honestidad acad\u00e9mica- Fundamentos de la Educaci\u00f3n<\/a><\/li>\n<li><a href=\"https:\/\/ege.uprrp.edu\/wp-content\/uploads\/2015\/12\/Pol\u00edtica-ensayo-transici\u00f3n-B-D-Final-diciembre2013.pdf\">Pol\u00edtica para la evaluaci\u00f3n para admisi\u00f3n al programa de transici\u00f3n bachillerato- doctorado del programa de LOE<\/a><\/li>\n<li><a href=\"https:\/\/ege.uprrp.edu\/?attachment_id=4421\">Hoja de evaluaci\u00f3n examen transici\u00f3n maestr\u00eda-doctorado- LOE<\/a><\/li>\n<li><a href=\"https:\/\/ege.uprrp.edu\/wp-content\/uploads\/2025\/04\/Formulario-Seleccion-Unica-de-Cursos_-forma-no-presencial-V.-Rev.-21-abril-21-2.pdf\">Hoja-\u00a0Selecci\u00f3n \u00fanica de cursos<\/a><\/li>\n<li>Documento Informativo-Examen Calificativo (marzo 2016) Curr\u00edculo y Ense\u00f1anza Plan B<\/li>\n<li><a href=\"https:\/\/ege.uprrp.edu\/?attachment_id=4454\"><strong>SOLICITUD PARA TOMAR EL EXAMEN DE GRADO DE MAESTR\u00cdA\u00a0 (rev. agosto 2018)<\/strong><\/a><\/li>\n<li><a href=\"https:\/\/ege.uprrp.edu\/?attachment_id=4938\">Autorizaci\u00f3n para tomar cursos en otras facultades del Recinto de R\u00edo Piedras<\/a><\/li>\n<li><a href=\"https:\/\/ege.uprrp.edu\/?attachment_id=5216\"><span style=\"text-decoration: underline;\">Manual de procedimientos reglamentarios para la Tesis,\u00a0el Proyecto de Maestr\u00eda y la\u00a0\u00a0 Disertaci\u00f3n Doctoral<\/span><\/a><a href=\"http:\/\/degupr.files.wordpress.com\/2011\/10\/manual-tesis_200902.pdf\"><br \/>\n<\/a><\/li>\n<li><a href=\"https:\/\/ege.uprrp.edu\/wp-content\/uploads\/2023\/10\/Evaluaci\u00f3n-de-Tesis-Proyecto-Disert.-rev-sept.-2021.pdf\">R\u00fabrica\/Evaluaci\u00f3n defensa de tesis, proyectos y disertaciones<\/a><\/li>\n<li>Manual del Estudiante: Departamento de Estudios Graduados<a href=\"https:\/\/ege.uprrp.edu\/wp-content\/uploads\/2013\/03\/Manual-del-estudiantes-final-octubre-2012.pdf\" target=\"_blank\" rel=\"noopener\"> (en revisi\u00f3n)<br \/>\n<\/a><\/li>\n<li><a href=\"https:\/\/ege.uprrp.edu\/wp-content\/uploads\/2023\/09\/Politica-de-Estudio-Independiente-EDUC-6995-y-continuacion-EDUC-6996-actualizado-en-octubre-2022-1.docx\">Politica de Estudio Independiente EDUC 6995 y continuacion EDUC 6996 actualizado en octubre 2022 (1)<\/a><a href=\"http:\/\/degupr.files.wordpress.com\/2011\/10\/estudio-independiente.pdf\"><br \/>\n<\/a><\/li>\n<li><a href=\"https:\/\/ege.uprrp.edu\/?attachment_id=5899\">Manual para bajas totales (abril 2021)<\/a><\/li>\n<li><a href=\"https:\/\/ege.uprrp.edu\/wp-content\/uploads\/2026\/01\/organigrama-DEG-revisado-enero-2026.pdf\">Organigrama del DEG<\/a><\/li>\n<li><a href=\"https:\/\/ege.uprrp.edu\/?attachment_id=3915\">Pol\u00edtica de Estudio Especializado Dirigido (EDUC 8995)<\/a><\/li>\n<li><a href=\"http:\/\/degupr.files.wordpress.com\/2011\/10\/disertaciones-umi.pdf\">Procedimientos de Inscripci\u00f3n de Tesis en University Microfilms International (UMI)<br \/>\n<\/a><\/li>\n<li><a href=\"https:\/\/ege.uprrp.edu\/?attachment_id=4019\">Permiso de estudio\u00a0para estudiantes de Bachillerato<\/a><\/li>\n<li><a href=\"https:\/\/ege.uprrp.edu\/wp-content\/uploads\/2020\/02\/Consignacion-de-inter\u00e9s-para-Segunda-Especialidad-de-MA-en-INEVA-para-el-Ed.D.-de-LOE-.pdf\">Consignacion de inter\u00e9s para Segunda Especialidad de MA en INEVA para el Ed.D. de LOE<\/a><\/li>\n<li><a href=\"https:\/\/ege.uprrp.edu\/wp-content\/uploads\/2025\/02\/Consignacion-Segunda-Especialidad-de-MA-en-INEVA-para-los-Ed.D.-de-Curriculo-y-Ensenanza-2.docx\">Consignacion de inter\u00e9s para Segunda Especialidad de MA en INEVA para el Ed.D. de Curr\u00edculo y Ense\u00f1anza<\/a><\/li>\n<li><a href=\"https:\/\/ege.uprrp.edu\/wp-content\/uploads\/2025\/02\/Consignacion-Segunda-Especialidad-de-MA-en-INEVA-para-los-Ed.D.-de-Orientacion-y-Consejeria-1.docx\">Consignacion de inter\u00e9s para Segunda Especialidad de MA en INEVA para el Ed.D. de Orientaci\u00f3n y Consejer\u00eda<\/a><\/li>\n<li><a href=\"https:\/\/ege.uprrp.edu\/wp-content\/uploads\/2014\/09\/Formulario-TARE-A.docx\">Formulario A para sustituci\u00f3n de tareas (TARE)<\/a><\/li>\n<li><a href=\"https:\/\/ege.uprrp.edu\/wp-content\/uploads\/2014\/09\/Formulario-del-TARE-B.docx\">Formulario B para informe de sustituci\u00f3n de tareas (TARE)<\/a><\/li>\n<li><a href=\"https:\/\/ege.uprrp.edu\/?attachment_id=5014\">Formulario\u00a0solicitud y autorizaci\u00f3n del personal docente para ausentarse durante per\u00edodos lectivos<\/a><\/li>\n<li><a href=\"https:\/\/ege.uprrp.edu\/wp-content\/uploads\/2017\/02\/FORMULARIO-Solicitud-PEAF.docx\">Solicitud de asistentes del Programa PEAF- Investigaci\u00f3n, c\u00e1tedra o servicio\u00a0<\/a><\/li>\n<li><a href=\"https:\/\/ege.uprrp.edu\/?attachment_id=4438\">Certificaci\u00f3n 38, para estudios Graduados del Senado Acad\u00e9mico 2012-1013<\/a><\/li>\n<li><a href=\"https:\/\/ege.uprrp.edu\/?attachment_id=4441\">Certificaci\u00f3n 51, para estudios Graduados del Senado Acad\u00e9mico 2017-2018<\/a><\/li>\n<li><a href=\"https:\/\/ege.uprrp.edu\/wp-content\/uploads\/2024\/08\/Cert.-95-CSA-95-2019-2020.pdf\">Certificaci\u00f3n 95.\u00a0 Pol\u00edtica Acad\u00e9mica para los<\/a><br \/>\nEstudios Graduados en el Recinto de R\u00edo Piedras, A\u00f1o Acad\u266a0mico 2019-2020<\/li>\n<li><a href=\"http:\/\/graduados.uprrp.edu\/index.php?lang=es&amp;option=com_content&amp;view=article&amp;id=73&amp;Itemid=159\">Todas las certificaci\u00f3n y cartas circulares para estudios graduados<\/a><\/li>\n<li><a href=\"https:\/\/ege.uprrp.edu\/wp-content\/uploads\/2024\/01\/Calendario-DEG-enero-2024-rev.-22-enero.pdf\">Calendario del DEG enero-mayo 2024<\/a><\/li>\n<li><a href=\"https:\/\/ege.uprrp.edu\/wp-content\/uploads\/2024\/05\/CSA-116-2023-2024-Segunda-Especialidad-INEVA.pdf\">CSA-116 Segunda especialidad INEVA<\/a><\/li>\n<li><a href=\"https:\/\/ege.uprrp.edu\/wp-content\/uploads\/2024\/05\/CSA-124-2023-2024-Certificacio\u0301n-de-Felicitacion-al-DEG.pdf\">Cert. 124 Felicitacion al DEG por su 60m0 aniversario<\/a><\/li>\n<li><a href=\"https:\/\/ege.uprrp.edu\/wp-content\/uploads\/2023\/12\/Formulario-La-politica-de-integridad-en-los-ex\u00e1menes-de-grado-2023.pdf\">Politica de Integridad Acad\u00e9mica UPRRP<\/a><\/li>\n<li><a href=\"https:\/\/ege.uprrp.edu\/wp-content\/uploads\/2024\/09\/Plan-de-desarrollo-2023-04-04-1.pdf\">Plan de desarrollo del DEG 2023-24 (autoestudio)<\/a><\/li>\n<li><a href=\"https:\/\/ege.uprrp.edu\/wp-content\/uploads\/2024\/11\/FORMULARIO-InformeLogros_agosto-a-octubre-2024-1.docx\">Informe de Logros agosto a octubre 2024<\/a><\/li>\n<\/ul>\n<p>Sometido a la Comisi\u00f3n Estatal de Elecciones CEE-SA-2020-3454<\/p>\n","protected":false},"excerpt":{"rendered":"<p>Enlace para Donaciones a el Departamento de Estudios Graduados NORMAS Y PROCEDIMIENTOS Examen Grado borrador FINAL 2025-05-13 Instrucciones\u00a0para la selecci\u00f3n de cursos a trav\u00e9s del Portal miupi. Enlace a agencia de homologaci\u00f3n de grado: WES Costo por cr\u00e9ditos para maestr\u00edas &hellip; <a href=\"https:\/\/ege.uprrp.edu\/?page_id=29\">Continue reading <span class=\"meta-nav\">&rarr;<\/span><\/a><\/p>\n","protected":false},"author":2,"featured_media":0,"parent":0,"menu_order":0,"comment_status":"open","ping_status":"closed","template":"","meta":{"footnotes":""},"class_list":["post-29","page","type-page","status-publish","hentry"],"jetpack_sharing_enabled":true,"jetpack_shortlink":"https:\/\/wp.me\/PdrNFQ-t","_links":{"self":[{"href":"https:\/\/ege.uprrp.edu\/index.php?rest_route=\/wp\/v2\/pages\/29","targetHints":{"allow":["GET"]}}],"collection":[{"href":"https:\/\/ege.uprrp.edu\/index.php?rest_route=\/wp\/v2\/pages"}],"about":[{"href":"https:\/\/ege.uprrp.edu\/index.php?rest_route=\/wp\/v2\/types\/page"}],"author":[{"embeddable":true,"href":"https:\/\/ege.uprrp.edu\/index.php?rest_route=\/wp\/v2\/users\/2"}],"replies":[{"embeddable":true,"href":"https:\/\/ege.uprrp.edu\/index.php?rest_route=%2Fwp%2Fv2%2Fcomments&post=29"}],"version-history":[{"count":202,"href":"https:\/\/ege.uprrp.edu\/index.php?rest_route=\/wp\/v2\/pages\/29\/revisions"}],"predecessor-version":[{"id":8640,"href":"https:\/\/ege.uprrp.edu\/index.php?rest_route=\/wp\/v2\/pages\/29\/revisions\/8640"}],"wp:attachment":[{"href":"https:\/\/ege.uprrp.edu\/index.php?rest_route=%2Fwp%2Fv2%2Fmedia&parent=29"}],"curies":[{"name":"wp","href":"https:\/\/api.w.org\/{rel}","templated":true}]}}