{"id":3063,"date":"2015-11-05T19:41:25","date_gmt":"2015-11-05T19:41:25","guid":{"rendered":"http:\/\/ege.uprrp.edu\/?page_id=3063"},"modified":"2025-10-24T18:02:45","modified_gmt":"2025-10-24T18:02:45","slug":"maestria-en-ciencias-del-ejercicio-con-especialidad-en-fisiologia-del-ejercicio","status":"publish","type":"page","link":"https:\/\/ege.uprrp.edu\/?page_id=3063","title":{"rendered":"Maestr\u00eda en Ciencias del Ejercicio con Especialidad en Fisiolog\u00eda del Ejercicio"},"content":{"rendered":"<h3><span style=\"color: #ff0000;\">P<a style=\"color: #ff0000;\" href=\"https:\/\/ege.uprrp.edu\/?attachment_id=3906\">ulse aqu\u00ed<\/a>: <a href=\"https:\/\/ege.uprrp.edu\/wp-content\/uploads\/2024\/02\/8.-requisitos-de-admision-Maestr\u00eda-en-Ciencias-del-ejercicio-revision-jun-2022.pdf\">Requisitos de admisi\u00f3n \/ Requirements for the Master\u2019s Program<\/a><\/span><\/h3>\n<p><a href=\"https:\/\/ege.uprrp.edu\/?attachment_id=3906\">Tr\u00edptico informaci\u00f3n resumida-pulse aqu\u00ed<\/a><\/p>\n<p><strong><span style=\"color: #ff0000;\">\u00bfQU\u00c9 ES FISIOLOG\u00cdA DEL EJERCICIO?<\/span><\/strong><\/p>\n<p>Fisiolog\u00eda del ejercicio es la \u00a0ciencia que estudia los efectos agudos y cr\u00f3nicos de la actividad f\u00edsica, ejercicio y\/o entrenamiento en las funciones del cuerpo humano.\u00a0 Adem\u00e1s el efecto que el medio ambiente y otras condiciones o sustancias externas tienen en el funcionamiento del mismo.<\/p>\n<p>El fisi\u00f3logo del ejercicio es un profesional capaz de:<\/p>\n<ul>\n<li>Seleccionar, administrar, analizar e interpretar pruebas de \u00a0campo y pruebas de laboratorio para evaluar los aspectos fisiol\u00f3gicos de la aptitud f\u00edsica y el rendimiento deportivo.<\/li>\n<li>\u00a0Dise\u00f1ar, implantar y evaluar programas de ejercicio y \u00a0actividad f\u00edsica para diversas poblaciones seg\u00fan sus caracter\u00edsticas y necesidades particulares.<\/li>\n<li>\u00a0Integrar y aplicar los conocimientos de las Ciencias del \u00a0Ejercicio en la promoci\u00f3n y desarrollo de programas de salud preventiva y re-habilitadora.<\/li>\n<li>\u00a0Dise\u00f1ar, realizar, presentar y publicar trabajos de investigaci\u00f3n sobre temas de inter\u00e9s en el campo de la fisiolog\u00eda del ejercicio<\/li>\n<\/ul>\n<p>Entre los posibles lugares de\u00a0 empleo para un fisi\u00f3logo del ejercicio se encuentran: instituciones educativas,\u00a0 programas de promoci\u00f3n de salud, actividad f\u00edsica y ejercicio p\u00fablicos y privados, centros de medicina deportiva y\/o rehabilitaci\u00f3n,\u00a0 gimnasios o centros de acondicionamiento f\u00edsico, escuelas especializadas de deportes, programas de desarrollo de atletas, federaciones\u00a0 y equipos deportivos.<\/p>\n<p><a href=\" https:\/\/ege.uprrp.edu\/?page_id=3267 \"><em>Objetivos<\/em> y\u00a0<em>Perfil del Egresado &#8211; concepto de lo que se espera que sea el egresado del programa. (acceder con click)<\/em><\/a><\/p>\n<p><strong>PROGRAMA DE ESTUDIO<\/strong><\/p>\n<p>El programa consiste de 34 cr\u00e9ditos divididos en:<\/p>\n<p>&nbsp;<\/p>\n<p><strong>\u00a0<\/strong><\/p>\n<ol>\n<li><strong> Cursos Medulares (6 cr\u00e9ditos) \u00a0<\/strong><\/li>\n<\/ol>\n<p>&nbsp;<\/p>\n<h1>\u00b7\u00a0CIEJ 6007\u2014M\u00e9todos de Investigaci\u00f3n en las Ciencias del<\/h1>\n<h1>\u00a0\u00a0\u00a0\u00a0\u00a0\u00a0\u00a0\u00a0\u00a0\u00a0\u00a0\u00a0\u00a0\u00a0\u00a0\u00a0\u00a0\u00a0\u00a0\u00a0\u00a0\u00a0\u00a0\u00a0 Ejercicio (3 crs)<\/h1>\n<h1>\u00b7\u00a0EDUC6390\u2014Estad\u00edstica Aplicada en la Educaci\u00f3n (3 crs)<\/h1>\n<p>&nbsp;<\/p>\n<h3><strong>II.\u00a0\u00a0 Cursos de Especialidad\u00a0 (16 cr\u00e9ditos) \u00a0<\/strong><\/h3>\n<ul>\n<li>CIEJ6015 &#8211; Fisiolog\u00eda del Ejercicio Intermedia (3 crs)<\/li>\n<li>CIEJ6016- T\u00e9cnicas de Laboratorio en Fisiolog\u00eda del Ejercicio (2 crs)<\/li>\n<\/ul>\n<ul>\n<li>CIEJ6035 &#8211; Evaluaci\u00f3n Fisiol\u00f3gica de la Aptitud F\u00edsica (3 crs)<\/li>\n<li>CIEJ6045 &#8211; Prescripci\u00f3n y Programaci\u00f3n de Ejercicio (3 crs)<\/li>\n<li>EDUC6627 &#8211; Pruebas de Esfuerzo: M\u00e9todos y Procedimientos (3 crs)<\/li>\n<\/ul>\n<ul>\n<li>CIEJ6205 &#8211; Seminario de Aspectos Administrativos en las Ciencias del Ejercicio (1 cr)<\/li>\n<\/ul>\n<ul>\n<li>CIEJ6206 &#8211; Seminario de Aspectos Psicol\u00f3gicos de la Actividad F\u00edsica y el Ejercicio (1 cr)<\/li>\n<\/ul>\n<p>III.\u00a0<strong>Otros cursos requeridos (6 cr\u00e9ditos)<\/strong><\/p>\n<p>Una de las siguientes opciones:<\/p>\n<p>EDUC6511, 6512 &#8211; Tesis (6 crs) o\u00a0 CIEJ6069 &#8211; Practicum (3 crs) y CIEJ6207 &#8211; Investigaci\u00f3n y Creaci\u00f3n en las Ciencias del Ejercicio (3 crs)<\/p>\n<h3><strong>IV.\u00a0\u00a0 Cursos Electivos (6 cr\u00e9ditos) <\/strong><strong>\u00a0\u00a0\u00a0\u00a0\u00a0\u00a0\u00a0\u00a0\u00a0\u00a0\u00a0\u00a0\u00a0 \u00a0<\/strong><\/h3>\n<p>Estudiantes seleccionar\u00e1n, de acuerdo a la consejer\u00eda acad\u00e9mica, los cursos que tomar\u00e1n correspondiendo a sus intereses profesionales.\u00a0\u00a0 Estos cursos podr\u00e1n ser tomados en programas graduados de la Universidad de Puerto Rico, Recinto de R\u00edo Piedras o Recinto de Ciencias M\u00e9dicas.<\/p>\n<p>&nbsp;<\/p>\n<p>Ejemplo de algunos cursos electivos en Ciencias del Ejercicio son:<\/p>\n<ul>\n<li>Introducci\u00f3n a la Bioqu\u00edmica del Ejercicio* (3 crs)<\/li>\n<li>Aspectos Nutricionales de la Actividad F\u00edsica (3 crs)<\/li>\n<li>Estudio Independiente en las Ciencias del Ejercicio (3 crs)<\/li>\n<\/ul>\n<p>&nbsp;<\/p>\n<p>*Requiere haber aprobado curso de Qu\u00edmica General<\/p>\n<p><span style=\"color: #ff0000;\"><strong>REQUISITOS DE ADMISI\u00d3N<\/strong><\/span><\/p>\n<p>El programa estar\u00e1 abierto a profesionales en el campo de la Educaci\u00f3n F\u00edsica y de otros campos relacionados, que deseen realizar estudios avanzados en las Ciencias del Ejercicio y que cumplan con los siguientes requisitos:<\/p>\n<ul>\n<li>\u00a0Grado de bachiller o equivalente de universidad o colegio reconocido<\/li>\n<li>\u00cdndice acad\u00e9mico general m\u00ednimo de 3.0 puntos en escala de 4.0<\/li>\n<li>\u00cdndice compuesto de ingreso utilizando los siguientes criterios:<\/li>\n<li>\u00cdndice acad\u00e9mico general<\/li>\n<li>\u00cdndice en \u00e1reas o cursos pertinentes al programa de estudio.<\/li>\n<li>Puntuaci\u00f3n en el examen de ingreso: EXADEP (Prueba de Admisi\u00f3n a Estudios Graduados) \u00a0500<\/li>\n<li>Tres cartas de recomendaci\u00f3n<\/li>\n<li>Entrevista<\/li>\n<li>Presentaci\u00f3n de un ensayo en el que se indiquen las experiencias y el trasfondo acad\u00e9mico del estudiante y c\u00f3mo \u00e9stas se relacionan con sus metas\u00a0 profesionales (de 500-1500 palabras).<\/li>\n<\/ul>\n<p>M\u00ednimo de 12 cr\u00e9ditos aprobados satisfactoriamente en cursos de especializaci\u00f3n pertinentes en el \u00e1rea de Ciencias del Ejercicio que incluya: Anatom\u00eda y Kinesiolog\u00eda, Fisiolog\u00eda del Ejercicio o sus equivalentes.<\/p>\n<p><span style=\"color: #ff0000;\"><strong>REQUISITOS DE\u00a0<\/strong><strong>GRADUACI\u00d3N<\/strong><\/span><\/p>\n<ul>\n<li>\u00b7Aprobar 34 cr\u00e9ditos en cursos requeridos y electivos del programa de estudios aprobados por el Comit\u00e9 de Estudios Graduados Departamental<\/li>\n<li>Mantener un \u00edndice acad\u00e9mico general m\u00ednimo de 3.0 puntos.<\/li>\n<li>Tomar y aprobar un examen de materia en el que se demuestre dominio de la disciplina de estudio.<\/li>\n<li>Desarrollar, realizar y presentar una tesis o proyecto de grado.<\/li>\n<\/ul>\n<p><span style=\"color: #ff0000;\"><strong>FILOSOF\u00cdA Y METAS DEL PROGRAMA<\/strong><\/span><\/p>\n<p>El programa de Maestr\u00eda en Ciencias del Ejercicio con especialidad en Fisiolog\u00eda del Ejercicio pretende formar profesionales l\u00edderes que incorporen el conocimiento y la investigaci\u00f3n m\u00e1s reciente a su gesti\u00f3n profesional; profesionales comprometidos con la promoci\u00f3n, el desarrollo y la evaluaci\u00f3n de programas de actividad f\u00edsica, ejercicio y entrenamiento deportivo que respondan a la necesidad de lograr una mejor calidad de vida y un mejor rendimiento en el deporte puertorrique\u00f1o.<\/p>\n<p>&nbsp;<\/p>\n<h4><span style=\"color: #ff0000;\">Para m\u00e1s informaci\u00f3n puede llamar o escribir a la Coordinadora del programa: <\/span><\/h4>\n<p><span style=\"color: #ff0000;\">Dra. Luc\u00eda del R.\u00a0 Mart\u00ednez<\/span><\/p>\n<p><span style=\"color: #ff0000;\">Tel. (787)764-0000 Ext. 89131.<\/span><\/p>\n<p><span style=\"color: #ff0000;\">email: \u00a0 lucia.martinez1@upr.edu \u00a0<\/span><span style=\"color: #ff0000;\">o visitar: \u00a0http:\/\/ciejupr.wordpress.com<\/span><\/p>\n<p>&nbsp;<\/p>\n<p>&nbsp;<\/p>\n<p>&nbsp;<\/p>\n","protected":false},"excerpt":{"rendered":"<p>Pulse aqu\u00ed: Requisitos de admisi\u00f3n \/ Requirements for the Master\u2019s Program Tr\u00edptico informaci\u00f3n resumida-pulse aqu\u00ed \u00bfQU\u00c9 ES FISIOLOG\u00cdA DEL EJERCICIO? Fisiolog\u00eda del ejercicio es la \u00a0ciencia que estudia los efectos agudos y cr\u00f3nicos de la actividad f\u00edsica, ejercicio y\/o entrenamiento &hellip; <a href=\"https:\/\/ege.uprrp.edu\/?page_id=3063\">Continue reading <span class=\"meta-nav\">&rarr;<\/span><\/a><\/p>\n","protected":false},"author":2,"featured_media":0,"parent":0,"menu_order":0,"comment_status":"closed","ping_status":"closed","template":"","meta":{"footnotes":""},"class_list":["post-3063","page","type-page","status-publish","hentry"],"jetpack_sharing_enabled":true,"jetpack_shortlink":"https:\/\/wp.me\/PdrNFQ-Np","_links":{"self":[{"href":"https:\/\/ege.uprrp.edu\/index.php?rest_route=\/wp\/v2\/pages\/3063","targetHints":{"allow":["GET"]}}],"collection":[{"href":"https:\/\/ege.uprrp.edu\/index.php?rest_route=\/wp\/v2\/pages"}],"about":[{"href":"https:\/\/ege.uprrp.edu\/index.php?rest_route=\/wp\/v2\/types\/page"}],"author":[{"embeddable":true,"href":"https:\/\/ege.uprrp.edu\/index.php?rest_route=\/wp\/v2\/users\/2"}],"replies":[{"embeddable":true,"href":"https:\/\/ege.uprrp.edu\/index.php?rest_route=%2Fwp%2Fv2%2Fcomments&post=3063"}],"version-history":[{"count":24,"href":"https:\/\/ege.uprrp.edu\/index.php?rest_route=\/wp\/v2\/pages\/3063\/revisions"}],"predecessor-version":[{"id":8490,"href":"https:\/\/ege.uprrp.edu\/index.php?rest_route=\/wp\/v2\/pages\/3063\/revisions\/8490"}],"wp:attachment":[{"href":"https:\/\/ege.uprrp.edu\/index.php?rest_route=%2Fwp%2Fv2%2Fmedia&parent=3063"}],"curies":[{"name":"wp","href":"https:\/\/api.w.org\/{rel}","templated":true}]}}