{"id":3267,"date":"2016-04-05T18:08:04","date_gmt":"2016-04-05T18:08:04","guid":{"rendered":"http:\/\/ege.uprrp.edu\/?page_id=3267"},"modified":"2016-04-05T18:15:58","modified_gmt":"2016-04-05T18:15:58","slug":"objetivos-y-perfil-del-egresado-maestria-en-ciencias-del-ejercicio-con-especialidad-en-fisiologia-del-ejercicio","status":"publish","type":"page","link":"https:\/\/ege.uprrp.edu\/?page_id=3267","title":{"rendered":"Objetivos y Perfil del Egresado &#8211; Maestr\u00eda en Ciencias del Ejercicio con especialidad en Fisiolog\u00eda del Ejercicio"},"content":{"rendered":"<h1 align=\"center\"><strong><em>Programa de Maestr\u00eda en Ciencias del Ejercicio con especialidad en Fisiolog\u00eda del Ejercicio<\/em><\/strong><\/h1>\n<p align=\"center\"><strong><em>Departamento de Estudios Graduados, Facultad de Educaci\u00f3n<\/em><\/strong><\/p>\n<p align=\"center\"><strong><em>Universidad de Puerto Rico, Recinto de R\u00edo Piedras<\/em><\/strong><\/p>\n<p align=\"center\"><em>(Revisado 13 de junio del 2011)<\/em><\/p>\n<p>&nbsp;<\/p>\n<p>El programa de Maestr\u00eda en Ciencias del Ejercicio con especialidad en Fisiolog\u00eda del Ejercicio forma profesionales l\u00edderes que incorporan el conocimiento y la investigaci\u00f3n a su gesti\u00f3n profesional; profesionales comprometidos con la promoci\u00f3n, el desarrollo y la evaluaci\u00f3n de la actividad f\u00edsica, ejercicio y entrenamiento deportivo orientados hacia una mejor salud, calidad de vida y un mejor rendimiento en el deporte puertorrique\u00f1o; profesionales que reconocen el valor de la equidad, la solidaridad y el pluralismo democr\u00e1tico y lo aplican en el proceso de educar sobre la salud integral del ser humano que incluye la participaci\u00f3n regular en actividad f\u00edsica y ejercicio.<em>\u00a0<\/em><\/p>\n<p><em>Objetivos<\/em><\/p>\n<ol>\n<li>Desarrollar en el estudiantado los conocimientos vigentes y emergentes sobre las sobre las respuestas agudas y cr\u00f3nicas del cuerpo humano al ejercicio, de tal manera que puedan desenvolverse y aportar en la investigaci\u00f3n, el dise\u00f1o, la implantaci\u00f3n y la evaluaci\u00f3n de programas de actividad f\u00edsica y ejercicio para diversas poblaciones.<\/li>\n<li>Adiestrar al estudiantado sobre la utilizaci\u00f3n de instrumentos y tecnolog\u00edas disponibles en las ciencias del ejercicio, y sobre la administraci\u00f3n, supervisi\u00f3n, an\u00e1lisis e interpretaci\u00f3n de pruebas de campo y pruebas de laboratorio para evaluar aspectos fisiol\u00f3gicos de la actividad f\u00edsica, el ejercicio y el entrenamiento deportivo, dentro de un marco profesional y \u00e9tico.<\/li>\n<li>Desarrollar en el estudiantado el pensamiento y an\u00e1lisis cr\u00edtico, y la expresi\u00f3n cient\u00edfica oral y escrita, aplicada a las ciencias del ejercicio y en particular, a la fisiolog\u00eda del ejercicio.<\/li>\n<li>Fomentar el liderazgo educativo y formativo en las ciencias del ejercicio mediante la realizaci\u00f3n de gestiones de vanguardia en la promoci\u00f3n de programas de salud preventiva que incluyan actividad f\u00edsica y ejercicio y para optimizaci\u00f3n del rendimiento deportivo.<\/li>\n<li>Establecer alianzas colaborativas en y fuera de la Universidad de Puerto Rico, para ampliar la experiencia de aprendizaje, optimizar recursos y gestionar proyectos transformadores en las ciencias del ejercicio.<\/li>\n<\/ol>\n<p><em>Perfil del Egresado &#8211; concepto de lo que se espera que sea el egresado del programa.<\/em><\/p>\n<p>El o la especialista en Ciencias del Ejercicio demuestra que:<\/p>\n<ol>\n<li>Domina los principios te\u00f3ricos y pr\u00e1cticos en las Ciencias del Ejercicio, en particular, la Fisiolog\u00eda del Ejercicio.<\/li>\n<li>Conoce y aprecia la funci\u00f3n del fisi\u00f3logo del ejercicio en el desarrollo de h\u00e1bitos de actividad f\u00edsica saludables en la sociedad puertorrique\u00f1a.<\/li>\n<li>Conoce y aplica los principios cient\u00edficos en el desarrollo y la evaluaci\u00f3n de programas de actividad f\u00edsica, ejercicio y entrenamiento deportivo.<\/li>\n<li>Domina el lenguaje t\u00e9cnico y te\u00f3rico en las Ciencias del Ejercicio.<\/li>\n<li>Selecciona, administra e interpreta pruebas de campo y de laboratorio para evaluar aspectos fisiol\u00f3gicos de la aptitud f\u00edsica y el rendimiento deportivo.<\/li>\n<li>Respeta y promueve el bienestar humano, la diversidad, la equidad en su pr\u00e1ctica y el sentido de responsabilidad \u00e9tica, social y c\u00edvica, con los mas altos valores de justicia, democracia y paz.<\/li>\n<li>Desarrolla relaciones interpersonales y colaborativas con la comunidad cient\u00edfica y de aprendizaje.<\/li>\n<li>Integra los hallazgos recientes de la investigaci\u00f3n cient\u00edfica en la ense\u00f1anza de las Ciencias del Ejercicio, particularmente la Fisiolog\u00eda del Ejercicio.<\/li>\n<li>Conoce, utiliza e integra las tecnolog\u00edas aplicables y disponibles en el campo de las ciencias del ejercicio en la experiencia de ense\u00f1anza, aprendizaje, investigaci\u00f3n y servicio a la sociedad puertorrique\u00f1a e internacional.<\/li>\n<li>Realiza, presenta y publica trabajos de investigaci\u00f3n originales en el \u00e1rea de la Fisiolog\u00eda del Ejercicio en diferentes foros cient\u00edficos locales e internacionales.<\/li>\n<li>Demuestra actitudes inquisitivas, de cr\u00edtica constructiva y colaboraci\u00f3n interdisciplinaria mediante la utilizaci\u00f3n de t\u00e9cnicas y conocimientos en la investigaci\u00f3n b\u00e1sica y aplicada.<\/li>\n<\/ol>\n<p>&nbsp;<\/p>\n<p>&nbsp;<\/p>\n<p>&nbsp;<\/p>\n<p>&nbsp;<\/p>\n<p>&nbsp;<\/p>\n<p>Aprobado en reuni\u00f3n del Comit\u00e9 de Estudios Graduados del \u00c1rea de Ciencias del Ejercicio el 13 de junio del 2011<\/p>\n","protected":false},"excerpt":{"rendered":"<p>Programa de Maestr\u00eda en Ciencias del Ejercicio con especialidad en Fisiolog\u00eda del Ejercicio Departamento de Estudios Graduados, Facultad de Educaci\u00f3n Universidad de Puerto Rico, Recinto de R\u00edo Piedras (Revisado 13 de junio del 2011) &nbsp; El programa de Maestr\u00eda en &hellip; <a href=\"https:\/\/ege.uprrp.edu\/?page_id=3267\">Continue reading <span class=\"meta-nav\">&rarr;<\/span><\/a><\/p>\n","protected":false},"author":2,"featured_media":0,"parent":0,"menu_order":0,"comment_status":"closed","ping_status":"closed","template":"","meta":{"footnotes":""},"class_list":["post-3267","page","type-page","status-publish","hentry"],"jetpack_sharing_enabled":true,"jetpack_shortlink":"https:\/\/wp.me\/PdrNFQ-QH","_links":{"self":[{"href":"https:\/\/ege.uprrp.edu\/index.php?rest_route=\/wp\/v2\/pages\/3267","targetHints":{"allow":["GET"]}}],"collection":[{"href":"https:\/\/ege.uprrp.edu\/index.php?rest_route=\/wp\/v2\/pages"}],"about":[{"href":"https:\/\/ege.uprrp.edu\/index.php?rest_route=\/wp\/v2\/types\/page"}],"author":[{"embeddable":true,"href":"https:\/\/ege.uprrp.edu\/index.php?rest_route=\/wp\/v2\/users\/2"}],"replies":[{"embeddable":true,"href":"https:\/\/ege.uprrp.edu\/index.php?rest_route=%2Fwp%2Fv2%2Fcomments&post=3267"}],"version-history":[{"count":4,"href":"https:\/\/ege.uprrp.edu\/index.php?rest_route=\/wp\/v2\/pages\/3267\/revisions"}],"predecessor-version":[{"id":3273,"href":"https:\/\/ege.uprrp.edu\/index.php?rest_route=\/wp\/v2\/pages\/3267\/revisions\/3273"}],"wp:attachment":[{"href":"https:\/\/ege.uprrp.edu\/index.php?rest_route=%2Fwp%2Fv2%2Fmedia&parent=3267"}],"curies":[{"name":"wp","href":"https:\/\/api.w.org\/{rel}","templated":true}]}}