{"id":3291,"date":"2016-04-05T18:55:22","date_gmt":"2016-04-05T18:55:22","guid":{"rendered":"http:\/\/ege.uprrp.edu\/?page_id=3291"},"modified":"2016-04-05T18:55:22","modified_gmt":"2016-04-05T18:55:22","slug":"perfil-del-estudiante-loe-maestria","status":"publish","type":"page","link":"https:\/\/ege.uprrp.edu\/?page_id=3291","title":{"rendered":"Perfil del estudiante- LOE Maestr\u00eda"},"content":{"rendered":"<h4 align=\"center\">Perfil del egresado de maestr\u00eda<\/h4>\n<p>&nbsp;<\/p>\n<p>Los candidatos que completen el programa de maestr\u00eda ser\u00e1n l\u00edderes educativos que poseen el conocimiento, las destrezas y las disposiciones para:<\/p>\n<ol>\n<li>facilitar el desarrollo, la articulaci\u00f3n y la implementaci\u00f3n\u00a0 de una visi\u00f3n y misi\u00f3n compartidas del aprendizaje en las organizaciones educativas;<\/li>\n<li>proveer un programa pertinente de ense\u00f1anza\u00a0 aprendizaje mediante la aplicaci\u00f3n de las mejores pr\u00e1cticas de ense\u00f1anza y el dise\u00f1o de planes comprensivos de desarrollo profesional y personal para la facultad,<\/li>\n<li>manejar las operaciones y recursos de escuelas, distritos y otros proyectos educativos para promover una cultura positiva y un ambiente de aprendizaje y ense\u00f1anza de posibilidades para el \u00f3ptimo desarrollo humano y organizacional,<\/li>\n<li>colaborar con las familias y otros l\u00edderes de la comunidad a partir de su\u00a0\u00a0\u00a0 potencial,\u00a0 intereses, necesidades y recursos diversos;<\/li>\n<li>desempe\u00f1ar un liderazgo \u00e9tico, \u00edntegro y justo que promueva una cultura de paz;<\/li>\n<li>integrar el contexto pol\u00edtico, social, legal, cultural, y\u00a0 ambiental al ejercicio de un liderazgo emprendedor e influyente;<\/li>\n<li>utilizar la investigaci\u00f3n y la creaci\u00f3n para enriquecer su pr\u00e1ctica de liderazgo;<\/li>\n<li>desempe\u00f1ar\u00a0 una pr\u00e1ctica transformativa en el escenario educativo puertorrique\u00f1o u otros escenarios donde se desempe\u00f1e;<\/li>\n<li>dise\u00f1ar e implantar programas acad\u00e9micos y servicios de apoyo tomando en\u00a0\u00a0\u00a0\u00a0\u00a0 consideraci\u00f3n la diversidad de intereses y talentos del potencial humano;<\/li>\n<li>dise\u00f1ar e implantar sistemas de aval\u00fao;<\/li>\n<li>crear e integrar conocimiento de liderazgo para transformar las escuelas, distritos y otras organizaciones educativas;<\/li>\n<li>dise\u00f1ar e implantar planes estrat\u00e9gicos y operacionales;<\/li>\n<li>integrar la tecnolog\u00eda en el ejercicio del liderazgo educativo;<\/li>\n<li>administrar convenios colectivos.<\/li>\n<\/ol>\n","protected":false},"excerpt":{"rendered":"<p>Perfil del egresado de maestr\u00eda &nbsp; Los candidatos que completen el programa de maestr\u00eda ser\u00e1n l\u00edderes educativos que poseen el conocimiento, las destrezas y las disposiciones para: facilitar el desarrollo, la articulaci\u00f3n y la implementaci\u00f3n\u00a0 de una visi\u00f3n y misi\u00f3n &hellip; <a href=\"https:\/\/ege.uprrp.edu\/?page_id=3291\">Continue reading <span class=\"meta-nav\">&rarr;<\/span><\/a><\/p>\n","protected":false},"author":2,"featured_media":0,"parent":0,"menu_order":0,"comment_status":"closed","ping_status":"closed","template":"","meta":{"footnotes":""},"class_list":["post-3291","page","type-page","status-publish","hentry"],"jetpack_sharing_enabled":true,"jetpack_shortlink":"https:\/\/wp.me\/PdrNFQ-R5","_links":{"self":[{"href":"https:\/\/ege.uprrp.edu\/index.php?rest_route=\/wp\/v2\/pages\/3291","targetHints":{"allow":["GET"]}}],"collection":[{"href":"https:\/\/ege.uprrp.edu\/index.php?rest_route=\/wp\/v2\/pages"}],"about":[{"href":"https:\/\/ege.uprrp.edu\/index.php?rest_route=\/wp\/v2\/types\/page"}],"author":[{"embeddable":true,"href":"https:\/\/ege.uprrp.edu\/index.php?rest_route=\/wp\/v2\/users\/2"}],"replies":[{"embeddable":true,"href":"https:\/\/ege.uprrp.edu\/index.php?rest_route=%2Fwp%2Fv2%2Fcomments&post=3291"}],"version-history":[{"count":1,"href":"https:\/\/ege.uprrp.edu\/index.php?rest_route=\/wp\/v2\/pages\/3291\/revisions"}],"predecessor-version":[{"id":3292,"href":"https:\/\/ege.uprrp.edu\/index.php?rest_route=\/wp\/v2\/pages\/3291\/revisions\/3292"}],"wp:attachment":[{"href":"https:\/\/ege.uprrp.edu\/index.php?rest_route=%2Fwp%2Fv2%2Fmedia&parent=3291"}],"curies":[{"name":"wp","href":"https:\/\/api.w.org\/{rel}","templated":true}]}}