{"id":3304,"date":"2016-04-05T21:48:53","date_gmt":"2016-04-05T21:48:53","guid":{"rendered":"http:\/\/ege.uprrp.edu\/?page_id=3304"},"modified":"2025-11-25T15:48:11","modified_gmt":"2025-11-25T15:48:11","slug":"programa-en-curriculo-y-ensenanza","status":"publish","type":"page","link":"https:\/\/ege.uprrp.edu\/?page_id=3304","title":{"rendered":"Programas de Maestr\u00edas y Doctorados en Educaci\u00f3n con especialidad en Curr\u00edculo y Ense\u00f1anza"},"content":{"rendered":"<p>&nbsp;<\/p>\n<p>Nuestros programas graduados en Educaci\u00f3n ofrece los grados de Maestr\u00eda y Doctorado en Educaci\u00f3n con especialidad en Curr\u00edculo y Ense\u00f1anza con las siguientes subespecialidades<strong>: <\/strong><\/p>\n<p style=\"padding-left: 60px;\"><a href=\"http:\/\/tda.upr.edu\"><strong>Tecnolog\u00eda del Aprendizaje <\/strong><\/a><\/p>\n<p style=\"padding-left: 60px;\"><strong>Teor\u00eda, Dise\u00f1o y Evaluaci\u00f3n Curricular <a href=\"https:\/\/ege.uprrp.edu\/wp-content\/uploads\/2025\/11\/C-E-TDEC-Secuencia-y-distribucio\u0301n-Plan-A-editado-nov-2025-con-cert.95.pdf\">Maestr\u00eda<\/a> \/ <a href=\"https:\/\/ege.uprrp.edu\/wp-content\/uploads\/2025\/11\/C-E-TDEC-Secuencia-y-distribucio\u0301n-Plan-C-editado-nov-2025-con-cert.95.pdf\">Doctorado<\/a><\/strong><\/p>\n<p style=\"padding-left: 60px;\"><strong>Ingl\u00e9s como segundo idioma<\/strong> (Solo doctorado planes B y C, para maestr\u00eda ir a: Maestr\u00eda en Educaci\u00f3n con especialidad en <em>Teaching English as a Second Language<\/em>)<\/p>\n<h3><a href=\"https:\/\/ege.uprrp.edu\/?page_id=3308\"><span style=\"color: #ff0000;\">Metas, Misi\u00f3n y Perfil del egresado (haga <em>click<\/em>)<\/span><\/a><\/h3>\n<p><strong>El Programa en Curr\u00edculo y Ense\u00f1anza cuenta con tres planes de estudios: <\/strong><\/p>\n<ul>\n<li><strong>Plan A &#8211; Maestr\u00eda en Educaci\u00f3n<\/strong><strong>.<\/strong> Consta de <strong>30 cr\u00e9ditos <\/strong>para todas las subespecialidades.<\/li>\n<\/ul>\n<ul>\n<li><strong>Plan B \u2013 Doctorado en Educaci\u00f3n.<\/strong> Mediante una ruta acelerada, se ofrece a estudiantes cuyo grado m\u00e1s alto completado es un bachillerato. Consta de <strong>75 cr\u00e9ditos<\/strong>.<\/li>\n<li><strong>Plan C &#8211; Doctorado en Educaci\u00f3n.<\/strong> Se ofrece a estudiantes que cuentan con un grado de maestr\u00eda y cuya meta es obtener un Doctorado en Educaci\u00f3n. Consta de <strong>51 cr\u00e9ditos<\/strong>. 2<\/li>\n<\/ul>\n<p>&nbsp;<\/p>\n<p><strong><span style=\"color: #ff0000;\">REQUISITOS DE ADMISI\u00d3N<\/span><\/strong><br \/>\nMaestr\u00eda en Educaci\u00f3n (Plan A) y Doctorado en Educaci\u00f3n (Plan B)<br \/>\nRequisitos espec\u00edficos del Programa de Maestr\u00eda en Educaci\u00f3n (Plan A) y Maestr\u00eda-Doctorado en Educaci\u00f3n (Plan B) con subespecialidad en: Ingl\u00e9s como Segundo Idioma, Tecnolog\u00eda del Aprendizaje, y Teor\u00eda, Dise\u00f1o y Evaluaci\u00f3n Curricular:<\/p>\n<ul>\n<li>Bachillerato de una universidad acreditada o su equivalente<\/li>\n<li>\u00cdndice acad\u00e9mico m\u00ednimo de 3.00 en escala de 4.00<\/li>\n<li>Dominio de los idiomas espa\u00f1ol e ingl\u00e9s<\/li>\n<\/ul>\n<p><span style=\"color: #ff0000;\">Requisitos adicionales para aquellos interesados en Ingl\u00e9s como Segundo Idioma:<\/span><\/p>\n<ul>\n<li>Dieciocho (18) cr\u00e9ditos a nivel de bachillerato en la subespecialidad.<\/li>\n<\/ul>\n<p><span style=\"color: #ff0000;\">Requisitos adicionales para aquellos interesados en Tecnolog\u00eda del Aprendizaje:<\/span><\/p>\n<ul>\n<li>Competencia en el manejo de las Tecnolog\u00eda de la Informaci\u00f3n y la Comunicaci\u00f3n (TIC). Se constatar\u00e1 en el proceso de entrevista.<\/li>\n<li>\u00a0Tres (3) cr\u00e9ditos en tecnolog\u00eda del aprendizaje.<\/li>\n<\/ul>\n<p><span style=\"color: #ff0000;\">Requisitos Doctorado en Educaci\u00f3n (Plan C)<\/span><br \/>\nRequisitos espec\u00edficos del Programa de Doctorado en Educaci\u00f3n en Curr\u00edculo y Ense\u00f1anza con subespecialidad en: EIngl\u00e9s como Segundo Idioma,\u00a0 Tecnolog\u00eda del Aprendizaje, y Teor\u00eda, Dise\u00f1o y Evaluaci\u00f3n Curricular:<\/p>\n<ul>\n<li>Maestr\u00eda de una universidad acreditada o su equivalente<\/li>\n<li>Tres (3) cr\u00e9ditos graduados en Curr\u00edculo y tres (3) cr\u00e9ditos en Investigaci\u00f3n Educativa<\/li>\n<li>Dominio de los idiomas espa\u00f1ol e ingl\u00e9s<\/li>\n<\/ul>\n<ul>\n<li><\/li>\n<\/ul>\n<p><span style=\"color: #ff0000;\">Requisitos adicionales para aquellos interesados en las subespecialidades en\u00a0 Ingl\u00e9s como Segundo Idioma:<\/span><\/p>\n<ul>\n<li>Doce (12) cr\u00e9ditos a nivel graduado en la subespecialidad. Aquellos cursos de post-grado que sean utilizados para satisfacer este requisito, no podr\u00e1n ser convalidados para satisfacer requisitos de graduaci\u00f3n.<\/li>\n<\/ul>\n<p><span style=\"color: #ff0000;\">Requisitos adicionales para aquellos interesados en la subespecialidad en Tecnolog\u00eda del Aprendizaje:<\/span><\/p>\n<ul>\n<li>Competencia en el manejo de las Tecnolog\u00eda de la Informaci\u00f3n y la Comunicaci\u00f3n (TIC). Se constatar\u00e1 en el proceso de entrevista.<\/li>\n<li>Seis (6) cr\u00e9ditos graduados en Tecnolog\u00eda del Aprendizaje o \u00e1reas relacionadas.<\/li>\n<\/ul>\n<p><span style=\"color: #ff0000;\">Documentos y otros requisitos para la Solicitud de Admisi\u00f3n<\/span><\/p>\n<ul>\n<li>Solicitud de Admisi\u00f3n a Estudios Graduados a trav\u00e9s de la plataforma<\/li>\n<li>Dos (2) cartas de recomendaci\u00f3n para Estudios Graduados en formato electr\u00f3nico o en papel<\/li>\n<li>Dos copias oficiales de transcripciones de cr\u00e9ditos de Bachillerato para los interesados en el Plan A y B<\/li>\n<li>Dos copias oficiales de transcripciones de cr\u00e9ditos de Bachillerato y Maestr\u00eda para los interesados en el Plan C<\/li>\n<li>Entrevista<\/li>\n<\/ul>\n<p><strong><span style=\"color: #ff0000;\">DIRECTORIO PROFESORES COORDINADORES- \u00c1REA DE CURR\u00cdCULO Y ENSE\u00d1ANZA<\/span><\/strong><\/p>\n<p>Teaching English as a Second Language &#8211; Dr. Kevin Carroll,\u00a0 Extensi\u00f3n: 89346,\u00a0 email: kevin.carroll@upr.edu<\/p>\n<p>Teor\u00eda, Dise\u00f1o y Evaluaci\u00f3n Curricular- Dr. Jos\u00e9 Soto Sonera\u00a0\u00a0\u00a0 email: jose.soto@upr.edu\u00a0\u00a0 Oficina: 402\u00a0\u00a0 Extensi\u00f3n: 89224<\/p>\n<p>Tecnolog\u00eda del Aprendizaje- Dra. Carmen Pachecho Sep\u00falveda\u00a0 email: carmen.pacheco3@upr.edu Extensi\u00f3n 83244<\/p>\n<p><span style=\"color: #ff0000;\"><strong>\u00bfCu\u00e1ndo se debe solicitar admisi\u00f3n?<\/strong><\/span><br \/>\nLa solicitud de admisi\u00f3n debe ser radicada en o antes de la fecha estipulada por el Decanato de Estudios Graduados e Investigaci\u00f3n <a href=\"https:\/\/solicitud.upr.edu\/\">Admissions<\/a>.<\/p>\n<p><span style=\"color: #ff0000;\"><strong>Para informaci\u00f3n adicional:<\/strong><\/span><\/p>\n<p>Visite el Departamento de Estudios Graduados (cuarto piso), Facultad de Educaci\u00f3n, Universidad de Puerto Rico, Recinto de R\u00edo Piedras.<\/p>\n<p>Tambi\u00e9n, puede acceder a la p\u00e1gina del Departamento: ege.uprrp.edu<br \/>\no llamar al tel\u00e9fono del Departamento de Estudios Graduados<br \/>\n(787) 764-0000, extensiones 89205, 89196, 89253<\/p>\n<p>&nbsp;<\/p>\n<p>&nbsp;<\/p>\n","protected":false},"excerpt":{"rendered":"<p>&nbsp; Nuestros programas graduados en Educaci\u00f3n ofrece los grados de Maestr\u00eda y Doctorado en Educaci\u00f3n con especialidad en Curr\u00edculo y Ense\u00f1anza con las siguientes subespecialidades: Tecnolog\u00eda del Aprendizaje Teor\u00eda, Dise\u00f1o y Evaluaci\u00f3n Curricular Maestr\u00eda \/ Doctorado Ingl\u00e9s como segundo idioma &hellip; <a href=\"https:\/\/ege.uprrp.edu\/?page_id=3304\">Continue reading <span class=\"meta-nav\">&rarr;<\/span><\/a><\/p>\n","protected":false},"author":2,"featured_media":0,"parent":0,"menu_order":0,"comment_status":"closed","ping_status":"closed","template":"","meta":{"footnotes":""},"class_list":["post-3304","page","type-page","status-publish","hentry"],"jetpack_sharing_enabled":true,"jetpack_shortlink":"https:\/\/wp.me\/PdrNFQ-Ri","_links":{"self":[{"href":"https:\/\/ege.uprrp.edu\/index.php?rest_route=\/wp\/v2\/pages\/3304","targetHints":{"allow":["GET"]}}],"collection":[{"href":"https:\/\/ege.uprrp.edu\/index.php?rest_route=\/wp\/v2\/pages"}],"about":[{"href":"https:\/\/ege.uprrp.edu\/index.php?rest_route=\/wp\/v2\/types\/page"}],"author":[{"embeddable":true,"href":"https:\/\/ege.uprrp.edu\/index.php?rest_route=\/wp\/v2\/users\/2"}],"replies":[{"embeddable":true,"href":"https:\/\/ege.uprrp.edu\/index.php?rest_route=%2Fwp%2Fv2%2Fcomments&post=3304"}],"version-history":[{"count":62,"href":"https:\/\/ege.uprrp.edu\/index.php?rest_route=\/wp\/v2\/pages\/3304\/revisions"}],"predecessor-version":[{"id":8599,"href":"https:\/\/ege.uprrp.edu\/index.php?rest_route=\/wp\/v2\/pages\/3304\/revisions\/8599"}],"wp:attachment":[{"href":"https:\/\/ege.uprrp.edu\/index.php?rest_route=%2Fwp%2Fv2%2Fmedia&parent=3304"}],"curies":[{"name":"wp","href":"https:\/\/api.w.org\/{rel}","templated":true}]}}