{"id":3426,"date":"2016-08-15T17:42:00","date_gmt":"2016-08-15T17:42:00","guid":{"rendered":"http:\/\/ege.uprrp.edu\/?page_id=3426"},"modified":"2025-11-07T17:39:38","modified_gmt":"2025-11-07T17:39:38","slug":"para-informacion-adicional-puedes-comunicarte-mediante-los-siguientes-contactos","status":"publish","type":"page","link":"https:\/\/ege.uprrp.edu\/?page_id=3426","title":{"rendered":"Cont\u00e1ctanos:"},"content":{"rendered":"<p><span style=\"color: #ff0000;\"><strong>Direcci\u00f3n postal:<\/strong><\/span><\/p>\n<div id=\"yui_3_16_0_1_1518099941816_30287\">Departamento de Estudios Graduados<\/div>\n<div id=\"yui_3_16_0_1_1518099941816_30266\">Facultad de Educaci\u00f3n<\/div>\n<div>8 AVE UNIVERSIDAD STE 801<\/div>\n<div id=\"yui_3_16_0_1_1518099941816_30267\">SAN JUAN PR\u00a0 00925-2528<\/div>\n<p><span style=\"color: #ff0000;\"><strong>Direcci\u00f3n F\u00edsica:<\/strong><\/span><\/p>\n<p>Edificio Eugenio Mar\u00eda de Hostos, Facultad de Educaci\u00f3n<\/p>\n<p>Universidad de Puerto Rico, Recinto de R\u00edo Piedras<\/p>\n<p>Oficina: 487 (4to piso)<\/p>\n<header class=\"page-entry-header\">\n<h4 class=\"entry-title\"><span style=\"color: #ff0000;\">Directorio telef\u00f3nico y correos electr\u00f3nicos<\/span><\/h4>\n<p><span style=\"color: #000000;\"><strong>Tel\u00e9fono: (787) 764-0000 (el contestador le indicar\u00e1 cu\u00e1ndo marcar la extensi\u00f3n)<\/strong><\/span><\/p>\n<p style=\"padding-left: 30px;\"><span style=\"color: #ff0000;\"><strong>Administraci\u00f3n<\/strong><\/span><\/p>\n<\/header>\n<ul>\n<li>Dra. Farah Ram\u00edrez Marrero, Directora Interina DEG ext. 89254\u00a0 email: farah.ramirez1@upr.edu<\/li>\n<li>Dr. Juan Carlos Vadi Fantauzzi, Director Asociado de Asuntos Acad\u00e9micos. ext.\u00a089253\u00a0 email:juan.vadi@upr.edu<\/li>\n<li>Dra. Lis A. Cruz Pizarro, Consejera. ext. 89231\u00a0 email: lis.cruzpizarro@upr.edu<\/li>\n<li>Sra. Wilnelia Amador ext 89196 email:\u00a0wilnelia.amador@upr.edu<\/li>\n<li>Sra. Wanda Rosario: Oficial de Asuntos Estudiantiles.\u00a0ext. 89205\u00a0 email: wanda.rosario2@upr.edu<\/li>\n<li>Sra. Jannette Camacho ext 89201 email: jannette.camacho@upr.edu<\/li>\n<li>Sr. Juan Carlos Guzm\u00e1n: Asistente Administrativo. ext. 89197 email: juan.guzman16@upr.edu<\/li>\n<\/ul>\n<p style=\"padding-left: 30px;\"><span style=\"color: #ff0000;\"><strong>Facultad<\/strong><\/span><\/p>\n<div class=\"single-entry-content\">\n<ul>\n<li>Dr. Ariel Agosto, email: ext. 89210 ariel.agosto@upr.edu<\/li>\n<li>Dra. Claudia Alvarez Romero, ext. 89239, email: claudia.alvarez1@upr.edu<\/li>\n<li>Dra. Marta Amaral Figueroa, ext. 4220, email: marta.amaral1@upr.edu<\/li>\n<li>Dr. V\u00edctor E. Bonilla Rodr\u00edguez, ext. 89243, email: victor.bonilla3@upr.edu<\/li>\n<li>Dra. Gladys Capella Noya, ext. 89226, email: gladys.capella@upr.edu<\/li>\n<li>Dr. Joseph Carroll Miranda, ext. 89230, email: joseph.carroll@upr.edu<\/li>\n<li>Dr. Kevin Carroll, ext, 89346, email: kevin.carroll@upr.edu<\/li>\n<li>Dra. Alicia Castillo Ortiz, ext. 89245, email: alicia.castillo1@upr.edu<\/li>\n<li>Dra. Rosy Fern\u00e1ndez Garc\u00eda, ext. 89247, email: rosy.fernandez@upr.edu<\/li>\n<li>Dra. Yolanda Gonz\u00e1lez Rom\u00e1n, ext. 89250, email:\u00a0yolanda.gonzalez1@upr.edu<\/li>\n<li>Dr. Omar Hern\u00e1ndez Rodr\u00edguez, ext. 89240, email: omar.hernandez4@upr.edu<\/li>\n<li>Dra. Luc\u00eda R. Mart\u00ednez Col\u00f3n, ext. 2836, email: lucia.martinez1@upr.edu<\/li>\n<li>Dra. Mar\u00eda S. Mart\u00ednez Miranda, ext. 89249, email: mariasoledad.martinez@upr.edu<\/li>\n<li>Dra. Loida Mart\u00ednez Ramos, ext. 89007, email: loida.martinez@upr.edu<\/li>\n<li>Dra. Mar\u00eda del R. Medina D\u00edaz, ext. 89241, email:\u00a0maria.medina2@upr.edu<\/li>\n<li>Dra. Alicia S. Monta\u00f1ez Garc\u00eda, ext. 89219 email:\u00a0alicia.montanez@upr.edu<\/li>\n<li>Dra. Mar\u00eda de los A. Ortiz Reyes, ext. 89220, email: maria.ortiz32@upr.edu<\/li>\n<li>Dra. Lisandra Pedraza Burgos, ext. 89228, email: lisandra.pedraza1@upr.edu<\/li>\n<li>Dra. Farah Ram\u00edrez Marrero, ext. 2512, email: farah.ramirez1@upr.edu<\/li>\n<li>Dra. Juanita Rodr\u00edguez Col\u00f3n, ext. 89227, email: juana.rodriguez4@upr.edu juanita.jrodriguez@gmail.com<\/li>\n<li>Dra. <span data-olk-copy-source=\"MessageBody\">Yomara G Salcedo Santiago, CPL, EdD, email: yomara.salcedosantiago@upr.edu<\/span><\/li>\n<li>Dra. Ruth J. S\u00e1ez Vega, ext. 89238, email:\u00a0ruth.saez@upr.edu<\/li>\n<li>Dra. Rose Marie Santiago, ext. 89061\u00a0 email: rose.santiago@upr.edu<\/li>\n<li>Dr. Jos\u00e9 Soto Sonera, ext. 89224, email: jose.soto@upr.edu<\/li>\n<li>Dr. Eduardo Su\u00e1rez Silverio, ext. 89237, email:\u00a0eduardo.suarez3@upr.edu<\/li>\n<li>Dr. Juan Pablo V\u00e1zquez, juan.vazquez24@upr.edu<\/li>\n<li>Dr. Edwin Vega Mil\u00e1n, ext. 89233, email: edwin.vega1@upr.edu<\/li>\n<li>Dra. Mar\u00eda Zorilla Lassus, ext. 89347 email:\u00a0maria.zorrilla@upr.edu<\/li>\n<\/ul>\n<p style=\"padding-left: 30px;\"><span style=\"color: #ff0000;\"><strong>Unidades<\/strong><\/span><\/p>\n<ul>\n<li>Laboratorio de Orientaci\u00f3n y Consejer\u00eda,<\/li>\n<li>Centro de Investigaci\u00f3n Graduada, ext. 89208, email: cig.upr@gmail.com<\/li>\n<li>Centro Estudios de Educaci\u00f3n Superior, , email: unesco.educacionsuperior@upr.edu<\/li>\n<li>Asociaci\u00f3n Estudiantes Graduados, email: aucp.upr@gmail.com<\/li>\n<li>CELELI, ext. 89216, email: celeliupr@gmail.com<\/li>\n<li>C\u00e1tedra Unesco \u2013 Educaci\u00f3n Superior,\u00a0 email: unesco.educacionsuperior@upr.edu<\/li>\n<\/ul>\n<\/div>\n<p>Sometido a la Comisi\u00f3n Estatal de Elecciones CEE-SA-2020-3454<\/p>\n","protected":false},"excerpt":{"rendered":"<p>Direcci\u00f3n postal: Departamento de Estudios Graduados Facultad de Educaci\u00f3n 8 AVE UNIVERSIDAD STE 801 SAN JUAN PR\u00a0 00925-2528 Direcci\u00f3n F\u00edsica: Edificio Eugenio Mar\u00eda de Hostos, Facultad de Educaci\u00f3n Universidad de Puerto Rico, Recinto de R\u00edo Piedras Oficina: 487 (4to piso) &hellip; <a href=\"https:\/\/ege.uprrp.edu\/?page_id=3426\">Continue reading <span class=\"meta-nav\">&rarr;<\/span><\/a><\/p>\n","protected":false},"author":2,"featured_media":0,"parent":0,"menu_order":0,"comment_status":"closed","ping_status":"closed","template":"","meta":{"footnotes":""},"class_list":["post-3426","page","type-page","status-publish","hentry"],"jetpack_sharing_enabled":true,"jetpack_shortlink":"https:\/\/wp.me\/PdrNFQ-Tg","_links":{"self":[{"href":"https:\/\/ege.uprrp.edu\/index.php?rest_route=\/wp\/v2\/pages\/3426","targetHints":{"allow":["GET"]}}],"collection":[{"href":"https:\/\/ege.uprrp.edu\/index.php?rest_route=\/wp\/v2\/pages"}],"about":[{"href":"https:\/\/ege.uprrp.edu\/index.php?rest_route=\/wp\/v2\/types\/page"}],"author":[{"embeddable":true,"href":"https:\/\/ege.uprrp.edu\/index.php?rest_route=\/wp\/v2\/users\/2"}],"replies":[{"embeddable":true,"href":"https:\/\/ege.uprrp.edu\/index.php?rest_route=%2Fwp%2Fv2%2Fcomments&post=3426"}],"version-history":[{"count":57,"href":"https:\/\/ege.uprrp.edu\/index.php?rest_route=\/wp\/v2\/pages\/3426\/revisions"}],"predecessor-version":[{"id":8547,"href":"https:\/\/ege.uprrp.edu\/index.php?rest_route=\/wp\/v2\/pages\/3426\/revisions\/8547"}],"wp:attachment":[{"href":"https:\/\/ege.uprrp.edu\/index.php?rest_route=%2Fwp%2Fv2%2Fmedia&parent=3426"}],"curies":[{"name":"wp","href":"https:\/\/api.w.org\/{rel}","templated":true}]}}