{"id":3614,"date":"2017-01-13T13:25:47","date_gmt":"2017-01-13T13:25:47","guid":{"rendered":"http:\/\/ege.uprrp.edu\/?page_id=3614"},"modified":"2017-07-11T15:53:23","modified_gmt":"2017-07-11T15:53:23","slug":"guia-curricular-del-grado-de-maestria-en-loe","status":"publish","type":"page","link":"https:\/\/ege.uprrp.edu\/?page_id=3614","title":{"rendered":"GU\u00cdA CURRICULAR  DEL GRADO DE MAESTR\u00cdA EN  LOE"},"content":{"rendered":"<p><strong>GU\u00cdA CURRICULAR<\/strong><\/p>\n<p><strong>PARA CUMPLIR CON LOS REQUISITOS DE GRADUACI\u00d3N<\/strong><\/p>\n<p><strong>DEL GRADO DE MAESTR\u00cdA EN<\/strong><\/p>\n<p><strong>LIDERAZGO EN ORGANIZACIONES EDUCATIVAS<\/strong><\/p>\n<p><strong>(Aprobado Noviembre 2016)<\/strong><\/p>\n<p><strong>\u00a0<\/strong><\/p>\n<ol>\n<li><strong> Cursos requeridos (<\/strong><strong>30 crs.)<\/strong><\/li>\n<\/ol>\n<p><strong>\u00a0<\/strong><\/p>\n<p><strong>A- Comunes a todos los estudiantes-medulares (24 crs.) <\/strong><\/p>\n<p>EDUC 6626- Fundamentos filos\u00f3ficos y te\u00f3ricos del liderazgo organizacional (3 crs.)<\/p>\n<p>EDUC 6521- Liderazgo administrativo en la educaci\u00f3n (3 crs.)<\/p>\n<p>EDUC 6522- Liderazgo did\u00e1ctico en la administraci\u00f3n educativa (3 crs.)<\/p>\n<p>EDUC 6665- Liderazgo estrat\u00e9gico en organizaciones educativas (3 crs.)<\/p>\n<p>EDUC 6598- Liderazgo comunitario y pol\u00edtico en las organizaciones educativas (3 crs.)<\/p>\n<p>EDUC 6670- Internado en Liderazgo educativo- Parte I (3 crs.)<\/p>\n<p>EDUC 6509- M\u00e9todos de investigaci\u00f3n en la educaci\u00f3n (3 crs.)<\/p>\n<p>EDUC 6210 &#8211; Internado en Liderazgo educativo- Parte II (3 crs.)<\/p>\n<p>&nbsp;<\/p>\n<ol>\n<li><strong> Cursos de electivas libres (6 crs.)<\/strong><\/li>\n<\/ol>\n<p>&nbsp;<\/p>\n<ol>\n<li><strong> Requisitos adicionales <\/strong><\/li>\n<\/ol>\n<p>&nbsp;<\/p>\n<ol>\n<li>Aprobar los cursos de la especialidad con una calificaci\u00f3n no menor de <strong>B <\/strong>y obtener una calificaci\u00f3n no menor de <strong>C <\/strong>en los dem\u00e1s cursos.<\/li>\n<li>Tener un \u00edndice acad\u00e9mico no menor de 3.<strong>00 <\/strong>en los cursos que se le consideren para graduaci\u00f3n.<\/li>\n<li>Cumplir con todos los requisitos mencionados en un plazo m\u00e1ximo de cuatro (4) a\u00f1os a partir de la fecha de admisi\u00f3n. A tales efectos, es muy importante que el estudiante prepare un plan de estudio con su asesor acad\u00e9mico.<\/li>\n<\/ol>\n<p>&nbsp;<\/p>\n<p>&nbsp;<\/p>\n<p><strong>Nota: <\/strong><\/p>\n<p>Los estudiantes podr\u00e1n matricular hasta 6 cr\u00e9ditos de EDUC 8995- Estudio especializado o EDUC. 6995- Estudio independiente para cumplir con el requisito de electivas de especialidad o electivas libres (requiere autorizaci\u00f3n del profesor y de la Direcci\u00f3n del Departamento-refi\u00e9rase a pol\u00edtica de estudio especializado y a la pol\u00edtica de estudio independiente)<\/p>\n<p>&nbsp;<\/p>\n","protected":false},"excerpt":{"rendered":"<p>GU\u00cdA CURRICULAR PARA CUMPLIR CON LOS REQUISITOS DE GRADUACI\u00d3N DEL GRADO DE MAESTR\u00cdA EN LIDERAZGO EN ORGANIZACIONES EDUCATIVAS (Aprobado Noviembre 2016) \u00a0 Cursos requeridos (30 crs.) \u00a0 A- Comunes a todos los estudiantes-medulares (24 crs.) EDUC 6626- Fundamentos filos\u00f3ficos y &hellip; <a href=\"https:\/\/ege.uprrp.edu\/?page_id=3614\">Continue reading <span class=\"meta-nav\">&rarr;<\/span><\/a><\/p>\n","protected":false},"author":2,"featured_media":0,"parent":0,"menu_order":0,"comment_status":"closed","ping_status":"closed","template":"","meta":{"footnotes":""},"class_list":["post-3614","page","type-page","status-publish","hentry"],"jetpack_sharing_enabled":true,"jetpack_shortlink":"https:\/\/wp.me\/PdrNFQ-Wi","_links":{"self":[{"href":"https:\/\/ege.uprrp.edu\/index.php?rest_route=\/wp\/v2\/pages\/3614","targetHints":{"allow":["GET"]}}],"collection":[{"href":"https:\/\/ege.uprrp.edu\/index.php?rest_route=\/wp\/v2\/pages"}],"about":[{"href":"https:\/\/ege.uprrp.edu\/index.php?rest_route=\/wp\/v2\/types\/page"}],"author":[{"embeddable":true,"href":"https:\/\/ege.uprrp.edu\/index.php?rest_route=\/wp\/v2\/users\/2"}],"replies":[{"embeddable":true,"href":"https:\/\/ege.uprrp.edu\/index.php?rest_route=%2Fwp%2Fv2%2Fcomments&post=3614"}],"version-history":[{"count":2,"href":"https:\/\/ege.uprrp.edu\/index.php?rest_route=\/wp\/v2\/pages\/3614\/revisions"}],"predecessor-version":[{"id":3767,"href":"https:\/\/ege.uprrp.edu\/index.php?rest_route=\/wp\/v2\/pages\/3614\/revisions\/3767"}],"wp:attachment":[{"href":"https:\/\/ege.uprrp.edu\/index.php?rest_route=%2Fwp%2Fv2%2Fmedia&parent=3614"}],"curies":[{"name":"wp","href":"https:\/\/api.w.org\/{rel}","templated":true}]}}