{"id":365,"date":"2011-10-17T19:39:46","date_gmt":"2011-10-17T19:39:46","guid":{"rendered":"http:\/\/ege.uprrp.edu\/?page_id=365"},"modified":"2025-10-24T18:03:58","modified_gmt":"2025-10-24T18:03:58","slug":"orientacion-y-consejeria","status":"publish","type":"page","link":"https:\/\/ege.uprrp.edu\/?page_id=365","title":{"rendered":"MAESTR\u00edA EN EDUCACI\u00d3N CON ESPECIALIDAD EN ORIENTACI\u00d3N Y CONSEJER\u00cdA"},"content":{"rendered":"<h3>Pulse aqu\u00ed: <a href=\"https:\/\/ege.uprrp.edu\/wp-content\/uploads\/2025\/02\/7.-requisitos-de-admision-Maestria-en-Consejeria-revision-jun-2022.pdf\">Requisitos de admisi\u00f3n \/ Requirements for the Master\u2019s Program<\/a><\/h3>\n<p><span style=\"color: #ff0000;\"><strong>Coordinadora del programa: <span data-olk-copy-source=\"MessageBody\">Yomara G Salcedo Santiago, CPL, EdD<\/span><\/strong><\/span><\/p>\n<p><span style=\"color: #ff0000;\"><strong>Para m\u00e1s informaci\u00f3n puedes escribir a: yomara.salcedosantiago@upr.edu<\/strong><\/span><\/p>\n<p><strong><span style=\"color: #ff0000;\">\u00bfQU\u00c9 ES LA CONSEJER\u00cdA?<\/span><\/strong><\/p>\n<p>La consejer\u00eda es un proceso de ayuda profesional que se da entre la persona que ofrece este servicio y una o m\u00e1s personas que reciben el mismo. La consejer\u00eda profesional se da mediante una relaci\u00f3n personal y directa, con una estructura de espacio y tiempo, as\u00ed como de par\u00e1metros \u00e9ticos. La pr\u00e1ctica de la consejer\u00eda profesional conlleva la aplicaci\u00f3n de principios de salud mental, as\u00ed como de desarrollo humano y psicol\u00f3gico, a trav\u00e9s de estrategias de intervenci\u00f3n sistem\u00e1tica de car\u00e1cter cognoscitivo, afectivo, conductual o sist\u00e9mico. Los conocimientos y las competencias utilizadas en la consejer\u00eda profesional procuran promover el bienestar y el desarrollo integral de las personas.<\/p>\n<p><strong><span style=\"color: #ff0000;\">GRADOS ACAD\u00c9MICOS<\/span><\/strong><\/p>\n<ul>\n<li>La Maestr\u00eda en Educaci\u00f3n (M. Ed.) con especialidad en Orientaci\u00f3n y Consejer\u00eda consta de 39 cr\u00e9ditos.<\/li>\n<li>El Doctorado en Educaci\u00f3n (Ed. D.) con especialidad en Orientaci\u00f3n y Consejer\u00eda consta de 60 cr\u00e9ditos.<\/li>\n<\/ul>\n<p><span style=\"color: #ff0000;\"><strong>\u00bfCU\u00c1NDO SE DEBE SOLICITAR ADMISI\u00d3N?<\/strong><\/span><\/p>\n<p>El Programa acepta solicitudes para comenzar estudios en agosto y enero de cada a\u00f1o acad\u00e9mico.<\/p>\n<p><span style=\"color: #ff0000;\"><strong>REQUISITOS DE ADMISI\u00d3N: MAESTR\u00cdA<\/strong><\/span><\/p>\n<ul>\n<li>Bachillerato o su equivalente<\/li>\n<li>\u00cdndice acad\u00e9mico de 3.00 en escala de 4.00<\/li>\n<li>Dos cursos relacionados con conducta humana, preferiblemente en desarrollo humano y teor\u00eda de personalidad<\/li>\n<li>Ensayo sobre inter\u00e9s en proseguir estudios graduados en Orientaci\u00f3n y Consejer\u00eda<\/li>\n<li>Dominio de los idiomas espa\u00f1ol e ingl\u00e9s<\/li>\n<\/ul>\n<p id=\"yui_3_16_0_ym19_1_1460991879281_32600\" style=\"text-align: left;\" align=\"center\"><span style=\"color: #ff0000;\"><strong id=\"yui_3_16_0_ym19_1_1460991879281_32599\">Perfil\u00a0de\u00a0la\u00a0persona\u00a0egresada\u00a0del\u00a0programa\u00a0de\u00a0Orientaci\u00f3n\u00a0y\u00a0<\/strong><strong>Consejer\u00eda<\/strong><\/span><\/p>\n<p id=\"yui_3_16_0_ym19_1_1460991879281_32606\">\u00a01. Capaces\u00a0\u00a0de\u00a0\u00a0propiciar\u00a0\u00a0el\u00a0\u00a0desarrollo\u00a0\u00a0\u00f3ptimo\u00a0\u00a0del\u00a0\u00a0ser\u00a0\u00a0humano\u00a0\u00a0y\u00a0\u00a0la\u00a0\u00a0soluci\u00f3n\u00a0\u00a0de problemas intra e interpersonales.<\/p>\n<p>2.\u00a0\u00a0\u00a0Poseedores\u00a0de\u00a0un\u00a0estilo\u00a0personal\u00a0basado\u00a0en\u00a0teor\u00edas\u00a0y\u00a0en\u00a0conocimientos\u00a0cient\u00edficos de\u00a0la\u00a0conducta\u00a0humana\u00a0individual y\u00a0grupal\u00a0y\u00a0del\u00a0dominio\u00a0de\u00a0competencias\u00a0de consejer\u00eda\u00a0para\u00a0ayudar\u00a0a\u00a0personas\u00a0con\u00a0diferentes\u00a0situaciones a\u00a0identificarlas\u00a0y\u00a0a lidiar con\u00a0ellas de\u00a0manera\u00a0efectiva.<\/p>\n<p id=\"yui_3_16_0_ym19_1_1460991879281_32622\">3.\u00a0\u00a0Comprometidos\u00a0con\u00a0su\u00a0autoconocimiento y\u00a0con\u00a0su\u00a0propio\u00a0desarrollo\u00a0personal\u00a0y\u00a0profesional.<\/p>\n<p id=\"yui_3_16_0_ym19_1_1460991879281_32624\">4.\u00a0\u00a0\u00a0Capaces\u00a0de\u00a0funcionar\u00a0como\u00a0agentes\u00a0de\u00a0cambio.<\/p>\n<p id=\"yui_3_16_0_ym19_1_1460991879281_32628\">5.\u00a0\u00a0\u00a0Creyentes\u00a0en\u00a0la\u00a0dignidad\u00a0humana\u00a0como\u00a0principio\u00a0fundamental\u00a0de\u00a0su\u00a0pr\u00e1ctica.<\/p>\n<p id=\"yui_3_16_0_ym19_1_1460991879281_32632\">6.\u00a0\u00a0\u00a0Capaces\u00a0de\u00a0trabajar\u00a0de\u00a0forma\u00a0individual,\u00a0grupal\u00a0y\u00a0comunitario\u00a0prestando servicios\u00a0directos\u00a0y\u00a0utilizando\u00a0la\u00a0investigaci\u00f3n y\u00a0la\u00a0creaci\u00f3n\u00a0como\u00a0estrategias\u00a0de\u00a0su pr\u00e1ctica\u00a0profesional.<\/p>\n<p><span style=\"color: #ff0000;\"><strong>OPORTUNIDADES DE EMPLEO<\/strong><\/span><\/p>\n<p style=\"padding-left: 30px;\">Nuestros egresados trabajan en escuelas y universidades p\u00fablicas y privadas, agencias gubernamentales e instituciones privadas, tales como hospitales, iglesias, entre otras.<\/p>\n<p><span style=\"color: #ff0000;\"><strong>GU\u00cdA PARA CUMPLIR CON LOS REQUISITOS DE MAESTR\u00cdA CONCENTRACI\u00d3N: ORIENTACI\u00d3N Y CONSEJER\u00cdA<\/strong><\/span><\/p>\n<p>REVISADO: 13 DE SEPTIEMBRE DE 2011<\/p>\n<p style=\"padding-left: 30px;\">I. Cursos requeridos<\/p>\n<p style=\"padding-left: 60px;\">A.Cursos requeridos de la especialidad: 18 crs.<\/p>\n<p style=\"padding-left: 90px;\">EDUC 6110- T\u00e9cnicas de evaluaci\u00f3n en consejer\u00eda -3 crs.<\/p>\n<p style=\"padding-left: 90px;\">EDUC 6360- Consejer\u00eda grupal -3 crs.<\/p>\n<p style=\"padding-left: 90px;\">EDUC 6539- Consejer\u00eda ocupacional -3 crs.<\/p>\n<p style=\"padding-left: 90px;\">EDUC 6310- Bases te\u00f3ricas y pr\u00e1cticas de la Consejer\u00eda -3 crs.<\/p>\n<p style=\"padding-left: 90px;\">EDUC 6320- Practicum -6 crs. B. Otros cursos requeridos en educaci\u00f3n 12 crs.<\/p>\n<p style=\"padding-left: 60px;\">B. Otros cursos requieridos en educaci\u00f3n<\/p>\n<p style=\"padding-left: 90px;\">EDUC 6509- M\u00e9todos de investigaci\u00f3n en la educaci\u00f3n -3 crs.<\/p>\n<p style=\"padding-left: 90px;\">EDUC 6390- Principios y m\u00e9todos de estad\u00edsticas y su -3 crs. aplicaci\u00f3n al campo de la educaci\u00f3n.<\/p>\n<p style=\"padding-left: 90px;\">EDUC 6511- TESIS -6 crs.<\/p>\n<p style=\"padding-left: 30px;\">II. Cursos electivos 9 crs.<\/p>\n<p style=\"padding-left: 60px;\">A. Cursos electivos en Consejer\u00eda -6 crs.<\/p>\n<p style=\"padding-left: 60px;\">B. Curso electivo libre -3 crs.<\/p>\n<p style=\"padding-left: 30px;\">III. \u00a0Aprobar un examen de materias.<\/p>\n<p style=\"padding-left: 30px;\">IV. \u00a0Aprobar los cursos de la especialidad con una calificaci\u00f3n no menor de \u201cB\u201d y obtener una calificaci\u00f3n no menor de \u201cC\u201d en los dem\u00e1s cursos.<\/p>\n<p style=\"padding-left: 30px;\">V. \u00a0 Tener un \u00edndice acad\u00e9mico no menor de 3.00 en los cursos que se le consideran para graduaci\u00f3n.<\/p>\n<p style=\"padding-left: 30px;\">VI. \u00a0Cumplir con todos los requisitos mencionados dentro de un per\u00edodo de seis a\u00f1os a partir de la fecha en que comienza sus estudios graduados.<span style=\"text-align: center;\">\u00a0<\/span><\/p>\n<p>Sometido a la Comisi\u00f3n Estatal de Elecciones CEE-SA-2020-3454<\/p>\n","protected":false},"excerpt":{"rendered":"<p>Pulse aqu\u00ed: Requisitos de admisi\u00f3n \/ Requirements for the Master\u2019s Program Coordinadora del programa: Yomara G Salcedo Santiago, CPL, EdD Para m\u00e1s informaci\u00f3n puedes escribir a: yomara.salcedosantiago@upr.edu \u00bfQU\u00c9 ES LA CONSEJER\u00cdA? La consejer\u00eda es un proceso de ayuda profesional que &hellip; <a href=\"https:\/\/ege.uprrp.edu\/?page_id=365\">Continue reading <span class=\"meta-nav\">&rarr;<\/span><\/a><\/p>\n","protected":false},"author":2,"featured_media":0,"parent":0,"menu_order":0,"comment_status":"open","ping_status":"closed","template":"","meta":{"footnotes":""},"class_list":["post-365","page","type-page","status-publish","hentry"],"jetpack_sharing_enabled":true,"jetpack_shortlink":"https:\/\/wp.me\/PdrNFQ-5T","_links":{"self":[{"href":"https:\/\/ege.uprrp.edu\/index.php?rest_route=\/wp\/v2\/pages\/365","targetHints":{"allow":["GET"]}}],"collection":[{"href":"https:\/\/ege.uprrp.edu\/index.php?rest_route=\/wp\/v2\/pages"}],"about":[{"href":"https:\/\/ege.uprrp.edu\/index.php?rest_route=\/wp\/v2\/types\/page"}],"author":[{"embeddable":true,"href":"https:\/\/ege.uprrp.edu\/index.php?rest_route=\/wp\/v2\/users\/2"}],"replies":[{"embeddable":true,"href":"https:\/\/ege.uprrp.edu\/index.php?rest_route=%2Fwp%2Fv2%2Fcomments&post=365"}],"version-history":[{"count":44,"href":"https:\/\/ege.uprrp.edu\/index.php?rest_route=\/wp\/v2\/pages\/365\/revisions"}],"predecessor-version":[{"id":8491,"href":"https:\/\/ege.uprrp.edu\/index.php?rest_route=\/wp\/v2\/pages\/365\/revisions\/8491"}],"wp:attachment":[{"href":"https:\/\/ege.uprrp.edu\/index.php?rest_route=%2Fwp%2Fv2%2Fmedia&parent=365"}],"curies":[{"name":"wp","href":"https:\/\/api.w.org\/{rel}","templated":true}]}}