{"id":4481,"date":"2018-09-06T15:49:45","date_gmt":"2018-09-06T15:49:45","guid":{"rendered":"http:\/\/ege.uprrp.edu\/?page_id=4481"},"modified":"2018-09-06T15:50:03","modified_gmt":"2018-09-06T15:50:03","slug":"coautores-coleccion-para-la-implantacion-de-practicas-educativas-en-el-salon-de-clase","status":"publish","type":"page","link":"https:\/\/ege.uprrp.edu\/?page_id=4481","title":{"rendered":"Coautores Colecci\u00f3n para la implantaci\u00f3n de pr\u00e1cticas educativas en el sal\u00f3n de clase"},"content":{"rendered":"<p>Coautores Colecci\u00f3n para la implantaci\u00f3n de pr\u00e1cticas educativas en el sal\u00f3n de clase<\/p>\n<p>Chiclana Del Valle, A.M., Del Valle Mel\u00e9ndez, J.A., Montoya Reyes, D., Maldonado Garc\u00eda, V.N. Barreto Cruz, K. y Lebr\u00f3n\u00a0 Valent\u00edn, A. y Otros. (2011). Juego dram\u00e1tico. En I. Ramos Rodr\u00edguez, C. Pacheco Sep\u00falveda y M. Vargas Rodr\u00edguez. (Eds.), <em>Colecci\u00f3n para la implantaci\u00f3n de pr\u00e1cticas <\/em><em>educativas en el sal\u00f3n de clase <\/em>(2da ed.)<em>.<\/em> Hato Rey, Puerto Rico: Publicaciones Puertorrique\u00f1as.<\/p>\n<p>Camacho Valle, M. F., Correa Mel\u00e9ndez, Z. M., Santos Molina, I. B., Betancourt V\u00e1zquez, W. I. y Rodr\u00edguez Rodr\u00edguez, M. y Otros. (2011). Aprendizaje cooperativo.\u00a0 En I. Ramos Rodr\u00edguez, C. Pacheco Sep\u00falveda y M. Vargas Rodr\u00edguez. (Eds.), <em>Colecci\u00f3n para la implantaci\u00f3n de <\/em><em>pr\u00e1cticas educativas en el sal\u00f3n de clase <\/em>(2da ed.). Hato Rey, Puerto Rico: Publicaciones Puertorrique\u00f1as.<\/p>\n<p>Jackson Romero, M. A., Tavares, S. A., Flores Rivera, E. y P\u00e9rez Miranda, L. y Otros. (2011). Aprendizaje por descubrimiento. En I. Ramos Rodr\u00edguez, C. Pacheco Sep\u00falveda y M. Vargas Rodr\u00edguez. (Eds.),\u00a0<em>Colecci\u00f3n para la implantaci\u00f3n de pr\u00e1cticas educativas en el sal\u00f3n de clase <\/em>(2da ed.)<em>.<\/em>Hato Rey, Puerto Rico: Publicaciones Puertorrique\u00f1as.<\/p>\n<p>Figarella Garc\u00eda, F., Vel\u00e1zquez Rivera, L., D\u00edaz Rodr\u00edguez, L.Z., Rosalez Mej\u00edas, M.M., M\u00e9ndez Rivera, L., Lucena Quiles, J. y Otros. (2011). Aprendizaje basado en problemas.\u00a0 En I. Ramos Rodr\u00edguez, C. Pacheco Sep\u00falveda y M. Vargas Rodr\u00edguez. (Eds.), <em>Colecci\u00f3n para la implantaci\u00f3n de pr\u00e1cticas\u00a0\u00a0<\/em><em>educativas en el sal\u00f3n de clase <\/em>(2da ed.)<em>.<\/em> Hato Rey, Puerto Rico: Publicaciones Puertorrique\u00f1as.<\/p>\n<p>Tirado Lebr\u00f3n, E., Ruiz Sotomayor, M. y Otros. (2011). Pensamiento inductivo\/Formaci\u00f3n de conceptos. En I. Ramos Rodr\u00edguez, C. Pacheco Sep\u00falveda y M. Vargas Rodr\u00edguez. (Eds.), <em>Colecci\u00f3n para<\/em><em>\u00a0la implantaci\u00f3n de pr\u00e1cticas educativas en el sal\u00f3n de clase <\/em>(2da ed.). Hato Rey, Puerto Rico: Publicaciones Puertorrique\u00f1as.<\/p>\n<p>L\u00f3pez Burgos, C., Reyes Medina, H. y Otros. (2011). Capacitaci\u00f3n para la indagaci\u00f3n.\u00a0 En I. Ramos Rodr\u00edguez, C. Pacheco Sep\u00falveda y M. Vargas Rodr\u00edguez. (Eds.), <em>Colecci\u00f3n para<\/em><em>\u00a0la implantaci\u00f3n de pr\u00e1cticas educativas en el sal\u00f3n de clase <\/em>(2da ed.). Hato Rey, Puerto Rico: Publicaciones Puertorrique\u00f1as.<\/p>\n<p>Orrusti Ramos, O. F., Rodr\u00edguez Rojas, A., Torrado P\u00e9rez, N. E. (2011). Aprendizaje a partir de simulaciones. En I. Ramos Rodr\u00edguez, C. Pacheco Sep\u00falveda y M. Vargas Rodr\u00edguez. (Eds.),\u00a0<em>Colecci\u00f3n para la implantaci\u00f3n de pr\u00e1cticas educativas en el sal\u00f3n de <\/em>clase (2da ed.). Hato Rey, Puerto Rico: Publicaciones Puertorrique\u00f1as.<\/p>\n<p>Ruiz Mendoza, B., Rosado Almedina, M. G. y Otros. (2011). Indagaci\u00f3n Jurisprudencial. En I. Ramos Rodr\u00edguez, C. Pacheco Sep\u00falveda y M. Vargas Rodr\u00edguez. (Eds.), <em>Colecci\u00f3n para la <\/em><em>implantaci\u00f3n de pr\u00e1cticas educativas en el sal\u00f3n de clase <\/em>(2da ed.). Hato Rey, Puerto Rico: Publicaciones Puertorrique\u00f1as.<\/p>\n<p>Hern\u00e1ndez Berdec\u00eda, T., Manfredo Plicet, U., Albelo Robles, E. (2011). Investigaci\u00f3n grupal. En I. Ramos Rodr\u00edguez, C. Pacheco Sep\u00falveda y M. Vargas Rodr\u00edguez. (Eds.), <em>Colecci\u00f3n para la\u00a0<\/em><em>\u00a0implantaci\u00f3n de pr\u00e1cticas educativas en el sal\u00f3n de clase <\/em>(2da ed.). Hato Rey, Puerto Rico: Publicaciones Puertorrique\u00f1as.<\/p>\n","protected":false},"excerpt":{"rendered":"<p>Coautores Colecci\u00f3n para la implantaci\u00f3n de pr\u00e1cticas educativas en el sal\u00f3n de clase Chiclana Del Valle, A.M., Del Valle Mel\u00e9ndez, J.A., Montoya Reyes, D., Maldonado Garc\u00eda, V.N. Barreto Cruz, K. y Lebr\u00f3n\u00a0 Valent\u00edn, A. y Otros. (2011). Juego dram\u00e1tico. En &hellip; <a href=\"https:\/\/ege.uprrp.edu\/?page_id=4481\">Continue reading <span class=\"meta-nav\">&rarr;<\/span><\/a><\/p>\n","protected":false},"author":2,"featured_media":0,"parent":0,"menu_order":0,"comment_status":"closed","ping_status":"closed","template":"","meta":{"footnotes":""},"class_list":["post-4481","page","type-page","status-publish","hentry"],"jetpack_sharing_enabled":true,"jetpack_shortlink":"https:\/\/wp.me\/PdrNFQ-1ah","_links":{"self":[{"href":"https:\/\/ege.uprrp.edu\/index.php?rest_route=\/wp\/v2\/pages\/4481","targetHints":{"allow":["GET"]}}],"collection":[{"href":"https:\/\/ege.uprrp.edu\/index.php?rest_route=\/wp\/v2\/pages"}],"about":[{"href":"https:\/\/ege.uprrp.edu\/index.php?rest_route=\/wp\/v2\/types\/page"}],"author":[{"embeddable":true,"href":"https:\/\/ege.uprrp.edu\/index.php?rest_route=\/wp\/v2\/users\/2"}],"replies":[{"embeddable":true,"href":"https:\/\/ege.uprrp.edu\/index.php?rest_route=%2Fwp%2Fv2%2Fcomments&post=4481"}],"version-history":[{"count":1,"href":"https:\/\/ege.uprrp.edu\/index.php?rest_route=\/wp\/v2\/pages\/4481\/revisions"}],"predecessor-version":[{"id":4483,"href":"https:\/\/ege.uprrp.edu\/index.php?rest_route=\/wp\/v2\/pages\/4481\/revisions\/4483"}],"wp:attachment":[{"href":"https:\/\/ege.uprrp.edu\/index.php?rest_route=%2Fwp%2Fv2%2Fmedia&parent=4481"}],"curies":[{"name":"wp","href":"https:\/\/api.w.org\/{rel}","templated":true}]}}