{"id":6248,"date":"2022-02-01T14:26:55","date_gmt":"2022-02-01T14:26:55","guid":{"rendered":"http:\/\/ege.uprrp.edu\/?page_id=6248"},"modified":"2025-10-24T18:01:55","modified_gmt":"2025-10-24T18:01:55","slug":"ensenanza-de-la-lectura-escritura-y-literatura-infantil","status":"publish","type":"page","link":"https:\/\/ege.uprrp.edu\/?page_id=6248","title":{"rendered":"Ense\u00f1anza de la Lectura, Escritura y Literatura Infantil"},"content":{"rendered":"<p style=\"text-align: center;\"><span style=\"color: #ff0000;\">Maestr\u00eda en Ense\u00f1anza de la Lectura, Escritura y Literatura Infantil<\/span><\/p>\n<p><strong>Especialidad en Lectura, Escritura y Literatura Infantil<\/strong>. clic:\u00a0<a href=\"https:\/\/ege.uprrp.edu\/wp-content\/uploads\/2025\/02\/4.-requisitos-de-admision-Maestria-en-Educacion-Educacion-Preescolar-revision-jun-2022.pdf\">Requisitos de admisi\u00f3n \/ Requirements for the Master\u2019s Program<\/a><\/p>\n<div>\n<p><strong><a href=\"https:\/\/ege.uprrp.edu\/?page_id=3254\">Filosof\u00eda, metas, objetivos y perfil estudiantil\u00a0<\/a><\/strong><\/p>\n<p>Facultad:<\/p>\n<p style=\"padding-left: 30px;\"><strong>Dra. Ruth J. S\u00e1ez Vega<\/strong><\/p>\n<p style=\"padding-left: 30px;\">Ph.D. en Lengua, Lectura y Cultura, University of Arizona<\/p>\n<p style=\"padding-left: 30px;\">M.Ed. en Educaci\u00f3n de la Ni\u00f1ez en Edad Temprana, University of Cincinnati<\/p>\n<p style=\"padding-left: 30px;\"><strong>Dra. Aura Gonz\u00e1lez Robles<\/strong><\/p>\n<p>\u00a0 \u00a0 \u00a0 \u00a0 Ph.D. en Lengua, Lectura y Cultura, University of Arizona<\/p>\n<p style=\"padding-left: 30px;\">\n<\/div>\n<p style=\"padding-left: 30px;\"><strong><a href=\"https:\/\/ege.uprrp.edu\/?attachment_id=5822\"><img loading=\"lazy\" decoding=\"async\" class=\"alignnone size-full wp-image-3833\" src=\"https:\/\/ege.uprrp.edu\/wp-content\/uploads\/2017\/08\/nuevo-imagen-1.jpg\" alt=\"nuevo imagen\" width=\"108\" height=\"68\" \/><\/a><a href=\"https:\/\/ege.uprrp.edu\/?attachment_id=5822\"><span style=\"color: #ff0000;\">Haga clic aqu\u00ed para ver las secuencias curriculares.<\/span><\/a><\/strong><\/p>\n<div>\n<p><strong>\u00a0<\/strong><\/p>\n<p><strong>Algunos de los puestos que ocupan nuestros egresados<\/strong><\/p>\n<p>Maestros en escuelas p\u00fablicas o privadas, Maestros en programas preescolares, Coordinadores y directores de programas \u00a0educativos, Profesores universitarios, \u00a0Asesores y consultores<\/p>\n<p>Muchos contin\u00faan estudios doctorales<\/p>\n<p><strong>Coordinadora del \u00c1rea:<\/strong><\/p>\n<p style=\"padding-left: 30px;\">Dra. Aura Gonz\u00e1lez Robles<\/p>\n<p style=\"padding-left: 30px;\">emial: aura.gonzalez@upr.edu<\/p>\n<p><strong>FACULTAD DE EDUCACI\u00d3N<\/strong><\/p>\n<p><strong>\u00a0<\/strong><\/p>\n<p><strong>REQUISITOS DE ADMISI\u00d3N:<\/strong><\/p>\n<p><strong>Requisitos espec\u00edficos del Programa de Maestr\u00eda<\/strong><\/p>\n<ul>\n<li>Grado de bachillerato reconocido y acreditado.<\/li>\n<li>\u00cdndice acad\u00e9mico m\u00ednimo de 3.00.<\/li>\n<li>Dos cartas de recomendaci\u00f3n.<\/li>\n<li>Entrevista con profesoras del DEG- \u00e1rea de Educaci\u00f3n de la Ni\u00f1ez<\/li>\n<\/ul>\n<p><strong>Documentos y otros requisitos para la Solicitud de Admisi\u00f3n<\/strong><\/p>\n<ul>\n<li>Solicitud de Admisi\u00f3n a Estudios Graduados en formato electr\u00f3nico<\/li>\n<li>Dos (2) copias oficiales de transcripciones de cr\u00e9ditos de Bachillerato<\/li>\n<li>Ensayo sobre experiencias y trasfondo acad\u00e9mico y su relaci\u00f3n a las metas profesionales (500-1500 palabras)<\/li>\n<\/ul>\n<p><strong>REQUISITOS DE GRADUACI\u00d3N<\/strong><\/p>\n<ul>\n<li>Cumplir con los requisitos de graduaci\u00f3n del Recinto de R\u00edo Piedras.<\/li>\n<li>Aprobar los cursos con una calificaci\u00f3n no menor de \u201cC\u201d.<\/li>\n<li>Tener un \u00edndice acad\u00e9mico no menor de 3.00 en los cursos que se le consideren para graduaci\u00f3n.<\/li>\n<\/ul>\n<h3><span style=\"color: #ff0000;\"><strong>El Centro para el estudio de la lectura, la escritura y la literatura infantil<\/strong> (CELELI) est\u00e1 dirigido a la promoci\u00f3n, la divulgaci\u00f3n y la investigaci\u00f3n de la lectura, la escritura y la literatura infantil. Adscrito al Programa de maestr\u00eda en Educaci\u00f3n de la Ni\u00f1ez con especialidades en Ense\u00f1anza de la Lectura y Educaci\u00f3n Preescolar.<\/span><\/h3>\n<h3><span style=\"color: #ff0000;\"><strong>VISITANOS EN:\u00a0http:\/\/educacion.uprrp.edu\/celeli\/<\/strong><\/span><\/h3>\n<\/div>\n","protected":false},"excerpt":{"rendered":"<p>Maestr\u00eda en Ense\u00f1anza de la Lectura, Escritura y Literatura Infantil Especialidad en Lectura, Escritura y Literatura Infantil. clic:\u00a0Requisitos de admisi\u00f3n \/ Requirements for the Master\u2019s Program Filosof\u00eda, metas, objetivos y perfil estudiantil\u00a0 Facultad: Dra. Ruth J. S\u00e1ez Vega Ph.D. en &hellip; <a href=\"https:\/\/ege.uprrp.edu\/?page_id=6248\">Continue reading <span class=\"meta-nav\">&rarr;<\/span><\/a><\/p>\n","protected":false},"author":2,"featured_media":0,"parent":0,"menu_order":0,"comment_status":"closed","ping_status":"closed","template":"","meta":{"footnotes":""},"class_list":["post-6248","page","type-page","status-publish","hentry"],"jetpack_sharing_enabled":true,"jetpack_shortlink":"https:\/\/wp.me\/PdrNFQ-1CM","_links":{"self":[{"href":"https:\/\/ege.uprrp.edu\/index.php?rest_route=\/wp\/v2\/pages\/6248","targetHints":{"allow":["GET"]}}],"collection":[{"href":"https:\/\/ege.uprrp.edu\/index.php?rest_route=\/wp\/v2\/pages"}],"about":[{"href":"https:\/\/ege.uprrp.edu\/index.php?rest_route=\/wp\/v2\/types\/page"}],"author":[{"embeddable":true,"href":"https:\/\/ege.uprrp.edu\/index.php?rest_route=\/wp\/v2\/users\/2"}],"replies":[{"embeddable":true,"href":"https:\/\/ege.uprrp.edu\/index.php?rest_route=%2Fwp%2Fv2%2Fcomments&post=6248"}],"version-history":[{"count":11,"href":"https:\/\/ege.uprrp.edu\/index.php?rest_route=\/wp\/v2\/pages\/6248\/revisions"}],"predecessor-version":[{"id":8489,"href":"https:\/\/ege.uprrp.edu\/index.php?rest_route=\/wp\/v2\/pages\/6248\/revisions\/8489"}],"wp:attachment":[{"href":"https:\/\/ege.uprrp.edu\/index.php?rest_route=%2Fwp%2Fv2%2Fmedia&parent=6248"}],"curies":[{"name":"wp","href":"https:\/\/api.w.org\/{rel}","templated":true}]}}