{"id":6646,"date":"2022-12-06T17:45:02","date_gmt":"2022-12-06T17:45:02","guid":{"rendered":"http:\/\/ege.uprrp.edu\/?page_id=6646"},"modified":"2026-04-16T18:24:20","modified_gmt":"2026-04-16T18:24:20","slug":"disertaciones-distinguidas","status":"publish","type":"page","link":"https:\/\/ege.uprrp.edu\/?page_id=6646","title":{"rendered":"Disertaciones distinguidas"},"content":{"rendered":"<p>&nbsp;<\/p>\n<p><strong>Premios Disertaciones Distinguidas para el a\u00f1o acad\u00e9mico 2018-2019 (2 premiaciones)<\/strong><\/p>\n<p>Dra. Natalie Negr\u00f3n Torrens<\/p>\n<p>Apoderamiento estudiantil en contexto de pobreza: Retos y oportunidades para los l\u00edderes universitarios<\/p>\n<p>Dra. Lilliana Torres Rodr\u00edguez<\/p>\n<p>Creencias filos\u00f3ficas acerca de las matem\u00e1ticas y v\u00ednculos con la ense\u00f1anza: estudios de casos con maestros de matem\u00e1ticas de escuela elemental del DEPR<\/p>\n<p>&nbsp;<\/p>\n<p><strong>Premio Disertaci\u00f3n Distinguida para el a\u00f1o acad\u00e9mico 2017-2018<\/strong><\/p>\n<p>Dra. Mercy Delgado Cordero<\/p>\n<p>El liderazgo del bibliotecario acad\u00e9mico ante un cambio de \u00e9poca: sus voces<\/p>\n<p>&nbsp;<\/p>\n<p><strong>Premio Disertaci\u00f3n Distinguida para el a\u00f1o acad\u00e9mico 2016-2017<\/strong><\/p>\n<p class=\"yiv5996774920msonormal\" style=\"margin: 0in; margin-bottom: .0001pt; background: white;\"><span lang=\"ES-PR\" style=\"font-size: 11.0pt; font-family: 'Segoe UI',sans-serif; color: #26282a;\">Dr. Ferdinand Cabrera Ruiz<\/span><\/p>\n<p class=\"yiv5996774920msonormal\" style=\"margin: 0in; margin-bottom: .0001pt; background: white;\">Consecuencias del neoliberalismo en las instituciones de educaci\u00f3n superior de Puerto Rico: Perspectivas de decanos y profesores de un Recinto de la UPR<\/p>\n<p><strong>Premio Disertaci\u00f3n Distinguida para el a\u00f1o acad\u00e9mico 2015-2016- <\/strong>Desierto<\/p>\n<p>&nbsp;<\/p>\n<p><strong>Premio Disertaci\u00f3n Distinguida para el a\u00f1o acad\u00e9mico 2014-2015<\/strong><\/p>\n<p class=\"yiv5996774920msonormal\"><span lang=\"ES-PR\">Dr. Efra\u00edn Flores Rivera<\/span><\/p>\n<p class=\"yiv5996774920msonormal\">Reflexi\u00f3n Did\u00e1ctica en la Docencia Universitaria: Experiencias de Profesores Universitarios<\/p>\n<p><strong>Premio Disertaci\u00f3n Distinguida para el a\u00f1o acad\u00e9mico 2013-2014<\/strong><\/p>\n<p>Dra. Roxana Auccahuallpa Fern\u00e1ndez<\/p>\n<p>Estudio fenomenol\u00f3gico de la integraci\u00f3n de las ciencias y las matem\u00e1ticas en maestros K-6<\/p>\n<p>&nbsp;<\/p>\n<p>&nbsp;<\/p>\n","protected":false},"excerpt":{"rendered":"<p>&nbsp; Premios Disertaciones Distinguidas para el a\u00f1o acad\u00e9mico 2018-2019 (2 premiaciones) Dra. Natalie Negr\u00f3n Torrens Apoderamiento estudiantil en contexto de pobreza: Retos y oportunidades para los l\u00edderes universitarios Dra. Lilliana Torres Rodr\u00edguez Creencias filos\u00f3ficas acerca de las matem\u00e1ticas y v\u00ednculos &hellip; <a href=\"https:\/\/ege.uprrp.edu\/?page_id=6646\">Continue reading <span class=\"meta-nav\">&rarr;<\/span><\/a><\/p>\n","protected":false},"author":2,"featured_media":0,"parent":0,"menu_order":0,"comment_status":"closed","ping_status":"closed","template":"","meta":{"footnotes":""},"class_list":["post-6646","page","type-page","status-publish","hentry"],"jetpack_sharing_enabled":true,"jetpack_shortlink":"https:\/\/wp.me\/PdrNFQ-1Jc","_links":{"self":[{"href":"https:\/\/ege.uprrp.edu\/index.php?rest_route=\/wp\/v2\/pages\/6646","targetHints":{"allow":["GET"]}}],"collection":[{"href":"https:\/\/ege.uprrp.edu\/index.php?rest_route=\/wp\/v2\/pages"}],"about":[{"href":"https:\/\/ege.uprrp.edu\/index.php?rest_route=\/wp\/v2\/types\/page"}],"author":[{"embeddable":true,"href":"https:\/\/ege.uprrp.edu\/index.php?rest_route=\/wp\/v2\/users\/2"}],"replies":[{"embeddable":true,"href":"https:\/\/ege.uprrp.edu\/index.php?rest_route=%2Fwp%2Fv2%2Fcomments&post=6646"}],"version-history":[{"count":2,"href":"https:\/\/ege.uprrp.edu\/index.php?rest_route=\/wp\/v2\/pages\/6646\/revisions"}],"predecessor-version":[{"id":8687,"href":"https:\/\/ege.uprrp.edu\/index.php?rest_route=\/wp\/v2\/pages\/6646\/revisions\/8687"}],"wp:attachment":[{"href":"https:\/\/ege.uprrp.edu\/index.php?rest_route=%2Fwp%2Fv2%2Fmedia&parent=6646"}],"curies":[{"name":"wp","href":"https:\/\/api.w.org\/{rel}","templated":true}]}}