{"id":7043,"date":"2024-01-18T17:59:29","date_gmt":"2024-01-18T17:59:29","guid":{"rendered":"http:\/\/ege.uprrp.edu\/?page_id=7043"},"modified":"2026-01-16T17:43:37","modified_gmt":"2026-01-16T17:43:37","slug":"salones-cursos-que-presenciales-o-hibridos-enero-2024","status":"publish","type":"page","link":"https:\/\/ege.uprrp.edu\/?page_id=7043","title":{"rendered":"Salones para cursos presenciales e h\u00edbridos enero 2026"},"content":{"rendered":"<p><strong>Salones para cursos presenciales enero- mayo 2026<\/strong><\/p>\n<p><strong>Actualizado 12 de enero de 2026<\/strong><\/p>\n<table width=\"0\">\n<tbody>\n<tr>\n<td width=\"149\"><strong>Sal\u00f3n<\/strong><\/td>\n<td width=\"126\"><strong>LUNES<\/strong><\/td>\n<td width=\"124\"><strong>MARTES<\/strong><\/td>\n<td width=\"130\"><strong>MIERCOLES<\/strong><\/td>\n<td width=\"127\"><strong>JUEVES<\/strong><\/td>\n<td width=\"111\"><strong>S\u00c1BADOS<\/strong><\/td>\n<td width=\"2\"><\/td>\n<\/tr>\n<tr>\n<td width=\"149\"><strong>\u00a0\u00a0\u00a0\u00a0\u00a0\u00a0\u00a0\u00a0\u00a0\u00a0\u00a0\u00a0\u00a0\u00a0\u00a0\u00a0\u00a0\u00a0\u00a0\u00a0\u00a0\u00a0\u00a0\u00a0\u00a0\u00a0\u00a0\u00a0\u00a0\u00a0\u00a0\u00a0\u00a0\u00a0\u00a0\u00a0\u00a0\u00a0\u00a0\u00a0\u00a0\u00a0\u00a0\u00a0\u00a0\u00a0\u00a0\u00a0\u00a0\u00a0\u00a0\u00a0 204 segundo piso<\/strong><strong>Cupo:15<\/strong><\/td>\n<td width=\"126\">EDUC 6098Aura Gonz\u00e1lez<\/p>\n<p>&nbsp;<\/td>\n<td width=\"124\">EDUC 8028Phaedra Gelp\u00ed<\/p>\n<p>&nbsp;<\/td>\n<td width=\"130\">EDUC 6202Aura Gonz\u00e1lez<\/p>\n<p>&nbsp;<\/td>\n<td width=\"127\">EDUC 6117Aura Gonz\u00e1lez<\/p>\n<p>&nbsp;<\/td>\n<td width=\"111\"><\/td>\n<td width=\"2\"><\/td>\n<\/tr>\n<tr>\n<td width=\"149\"><strong>501A<\/strong><strong>Cupo:18\u00a0<\/strong><\/p>\n<p><strong>Pizarra electr\u00f3nica<\/strong><\/td>\n<td width=\"126\">EDUC 6390 Victor Bonilla&nbsp;<\/p>\n<p>&nbsp;<\/td>\n<td width=\"124\">EDUC 8088 V\u00edctor Bonilla<\/td>\n<td width=\"130\">\u00a0EDUC 8267JP V\u00e1zquez<\/p>\n<p>&nbsp;<\/td>\n<td width=\"127\">EDUC 6390V\u00edctor Bonilla<\/p>\n<p>&nbsp;<\/td>\n<td width=\"111\">\n<h4>EDUC 8006<\/h4>\n<p>MC Rivera<\/td>\n<td width=\"2\"><\/td>\n<\/tr>\n<tr>\n<td width=\"149\"><strong>501B<\/strong><strong>Cupo: 18 <\/strong><\/p>\n<p><strong>Pizarra electr\u00f3nica<\/strong><\/td>\n<td width=\"126\">EDUC 6509JP V\u00e1zquez<\/p>\n<p>&nbsp;<\/p>\n<p>&nbsp;<\/td>\n<td width=\"124\">Curso subgraduado<\/td>\n<td width=\"130\">Curso subgraduado<\/td>\n<td width=\"127\">Curso subgraduado<\/td>\n<td width=\"111\">\n<h4>EDUC 6669<\/h4>\n<p>A.\u00a0\u00a0\u00a0 Monta\u00f1ez<\/td>\n<td width=\"2\"><\/td>\n<\/tr>\n<tr>\n<td width=\"149\"><strong>501C<\/strong><strong>Cupo: 18 <\/strong><\/p>\n<p><strong>Pizarra electr\u00f3nica<\/strong><\/p>\n<p>&nbsp;<\/td>\n<td width=\"126\">EDUC 8266Joseph Carroll<\/p>\n<p>&nbsp;<\/p>\n<p>&nbsp;<\/p>\n<p>&nbsp;<\/td>\n<td width=\"124\">EDUC 6509Claudia Alvarez<\/p>\n<p>&nbsp;<\/p>\n<p>&nbsp;<\/p>\n<p>&nbsp;<\/td>\n<td width=\"130\">EDUC 8037 L. Torres&nbsp;<\/p>\n<p>&nbsp;<\/p>\n<p>&nbsp;<\/p>\n<p>&nbsp;<\/td>\n<td width=\"127\">EDUC 6735V. Gazmey<\/p>\n<p>&nbsp;<\/p>\n<p>&nbsp;<\/p>\n<p>&nbsp;<\/p>\n<p>&nbsp;<\/td>\n<td width=\"111\">\n<h4>\u00a0\u00a0 EDUC 6522<\/h4>\n<p>Israel Cruz<\/p>\n<p>&nbsp;<\/p>\n<p>&nbsp;<\/td>\n<td width=\"2\"><\/td>\n<\/tr>\n<tr>\n<td width=\"149\"><strong>501D\u00a0<\/strong><strong>Cupo: 18 <\/strong><\/p>\n<p><strong>Pizarra electr\u00f3nica<\/strong><\/td>\n<td width=\"126\">EDUC 6539Yomara Salcedo<\/td>\n<td width=\"124\">EDUC 6400JP V\u00e1zquez<\/p>\n<p>&nbsp;<\/td>\n<td width=\"130\">\u00a0EDUC 8035Yomara Salcedo<\/td>\n<td width=\"127\">EDUC 8076Claudia Alvarez<\/td>\n<td width=\"111\">\n<h4>EDUC 8135<\/h4>\n<h4>David V\u00e1zquez<\/h4>\n<\/td>\n<td width=\"2\"><\/td>\n<\/tr>\n<tr>\n<td width=\"149\"><strong>570\u00a0<\/strong><strong>Cupo: 10 <\/strong><\/p>\n<p><strong>Pizarra electr\u00f3nica<\/strong><\/td>\n<td width=\"126\">EDUC 6835Moira Carroll<\/td>\n<td width=\"124\">CIEJ 6007 Farah Ramirez<\/td>\n<td width=\"130\">EDUC 8129MA Ortiz<\/td>\n<td width=\"127\">EDUC 8047MA Ortiz<\/td>\n<td width=\"111\">\n<h4><\/h4>\n<\/td>\n<td width=\"2\"><\/td>\n<\/tr>\n<tr>\n<td width=\"149\"><strong>574\u00a0<\/strong><strong>Cupo: 25 <\/strong><\/p>\n<p><strong>Pizarra electr\u00f3nica<\/strong><\/td>\n<td width=\"126\">Curso subgraduado<\/td>\n<td width=\"124\">EDUC 6715Yolanda Gonzalez<\/td>\n<td width=\"130\">EDUC 6710Yolanda Gonzalez<\/td>\n<td width=\"127\">Curso subgraduado<\/td>\n<td width=\"111\"><\/td>\n<td width=\"2\"><\/td>\n<\/tr>\n<tr>\n<td width=\"149\"><strong>579\u00a0<\/strong><strong>Cupo: 20 <\/strong><\/p>\n<p><strong>Pizarra electr\u00f3nica<\/strong><\/td>\n<td width=\"126\">Curso subgraduado<\/td>\n<td width=\"124\">EDUC 8007Ileana Quintero<\/td>\n<td width=\"130\">EDUC 8205RM Santiago<\/td>\n<td width=\"127\">Curso subgraduado<\/td>\n<td width=\"111\"><\/td>\n<td width=\"2\"><\/td>\n<\/tr>\n<tr>\n<td width=\"149\"><strong>586\u00a0con Pizarra electr\u00f3nicaCupo: 25<\/strong><\/td>\n<td width=\"126\">\u00a0EDUC 6551Jos\u00e9 Soto<\/td>\n<td width=\"124\">\u00a0EDUC 6517Isabel Delgado<\/td>\n<td width=\"130\">EDUC 6665J Rodr\u00edguez<\/td>\n<td width=\"127\">\u00a0EDUC 6524J Rodr\u00edguez<\/td>\n<td width=\"111\"><\/td>\n<td width=\"2\"><\/td>\n<\/tr>\n<tr>\n<td width=\"149\"><strong>477<\/strong><strong>Cupo: 20\u00a0<\/strong><\/p>\n<p><strong>Con Proyector\u00a0<\/strong><\/td>\n<td width=\"126\">EDUC 8098Francisco Mart\u00ednez<\/td>\n<td width=\"124\">EDUC 6807Moira Carroll<\/td>\n<td width=\"130\">Curso subgraduado<\/td>\n<td width=\"127\">EDUC 6445Ariel Agosto<\/td>\n<td width=\"111\"><\/td>\n<td width=\"2\"><\/td>\n<\/tr>\n<tr>\n<td width=\"149\"><strong>476<\/strong><strong>Cupo: 20\u00a0<\/strong><\/p>\n<p><strong>Con Proyector\u00a0<\/strong><\/td>\n<td width=\"126\">EDUC 8056K. Rosado<\/p>\n<p>&nbsp;<\/td>\n<td width=\"124\">EDUC 6310 Marelyn Ramos<\/td>\n<td width=\"130\">EDUC 8048Ileana Quintero<\/td>\n<td width=\"127\">Curso subgraduado<\/td>\n<td width=\"111\"><\/td>\n<td width=\"2\"><\/td>\n<\/tr>\n<tr>\n<td width=\"149\"><strong>479 <\/strong><strong>Cupo: 20\u00a0<\/strong><\/p>\n<p><strong>Con Proyector\u00a0<\/strong><\/td>\n<td width=\"126\">Curso subgraduado<\/td>\n<td width=\"124\">EDUC 8089Eduardo Suarez<\/td>\n<td width=\"130\">\u00a0EDUC 8130Kevin Carroll<\/td>\n<td width=\"127\">Curso subgraduado<\/td>\n<td width=\"111\"><\/td>\n<td width=\"2\"><\/td>\n<\/tr>\n<tr>\n<td width=\"149\"><strong>484- Sal\u00f3n <\/strong><strong>Educ Especial <\/strong><\/td>\n<td width=\"126\"><\/td>\n<td width=\"124\">\n<h4><\/h4>\n<\/td>\n<td width=\"130\">EDUC 6086Edwin Vega<\/td>\n<td width=\"127\">EDUC 6578Edwin Vega<\/td>\n<td width=\"111\"><\/td>\n<td width=\"2\"><\/td>\n<\/tr>\n<tr>\n<td width=\"149\"><strong>CELELI<\/strong><\/td>\n<td width=\"126\"><\/td>\n<td width=\"124\">EDUC 6995Ruth S\u00e1ez<\/td>\n<td width=\"130\"><\/td>\n<td width=\"127\"><\/td>\n<td width=\"111\"><\/td>\n<td width=\"2\"><\/td>\n<\/tr>\n<tr>\n<td width=\"149\"><strong>CIG Centro Invest Graduada<\/strong><strong>\u00a0<\/strong><\/p>\n<p><strong>\u00a0<\/strong><\/p>\n<p><strong>\u00a0<\/strong><\/td>\n<td width=\"126\">&nbsp;<\/td>\n<td width=\"124\">\n<h4><\/h4>\n<\/td>\n<td width=\"130\">EDUC 8030 Mar\u00eda Medina&nbsp;<\/p>\n<p>&nbsp;<\/td>\n<td width=\"127\">EDUC 6597Mar\u00eda Medina<\/p>\n<p>&nbsp;<\/p>\n<p>&nbsp;<\/td>\n<td width=\"111\">&nbsp;<\/td>\n<td width=\"2\"><\/td>\n<\/tr>\n<tr>\n<td colspan=\"7\" width=\"768\"><strong>\u00a0<\/strong><strong>CURSOS HIBRIDOS Profesores debe llamar a la extensi\u00f3n 86780 para separar sal\u00f3n con fechas de reuniones presenciales <\/strong><\/td>\n<\/tr>\n<tr>\n<td width=\"149\"><strong>Red Graduada <\/strong><strong>Sala Multimedios<\/strong><\/p>\n<p><strong>\u00a0<\/strong><\/td>\n<td width=\"126\">EDUC 8025Eduardo Suarez<\/p>\n<p>&nbsp;<\/p>\n<p>&nbsp;<\/p>\n<p>&nbsp;<\/p>\n<p>&nbsp;<\/p>\n<p>&nbsp;<\/p>\n<p>&nbsp;<\/td>\n<td width=\"124\">EDUC 8995 013 Margie \u00c1lvarez<\/td>\n<td width=\"130\">EDUC 8080Eduardo Suarez<\/td>\n<td width=\"127\">\n<h4>EDUC 8995 023 Marisol Guti\u00e9rrez<\/h4>\n<p>&nbsp;<\/td>\n<td width=\"111\"><\/td>\n<td width=\"2\"><\/td>\n<\/tr>\n<tr>\n<td width=\"149\"><strong>Red Graduada <\/strong><strong>Sala #2<\/strong><\/td>\n<td width=\"126\">EING 6577Laila Colon<\/td>\n<td width=\"124\">\n<h4><\/h4>\n<\/td>\n<td width=\"130\">EDUC 6420Brenda C\u00e1mara<\/td>\n<td width=\"127\"><\/td>\n<td width=\"111\"><\/td>\n<td width=\"2\"><\/td>\n<\/tr>\n<tr>\n<td width=\"149\"><strong>Red Graduada <\/strong><strong>Sala #3<\/strong><\/td>\n<td width=\"126\"><\/td>\n<td width=\"124\">\n<h4><\/h4>\n<\/td>\n<td width=\"130\"><\/td>\n<td width=\"127\"><\/td>\n<td width=\"111\"><\/td>\n<td width=\"2\"><\/td>\n<\/tr>\n<tr>\n<td width=\"149\"><strong>523- Sal\u00f3n de computadoras con llave de Programas y Ense\u00f1anza Bachillerato <\/strong><\/td>\n<td width=\"126\">EDUC 6646 Edwin Mart\u00ednez&nbsp;<\/td>\n<td width=\"124\">\n<h4>EDUC 6675 Edwin Mart\u00ednez<\/h4>\n<p>&nbsp;<\/p>\n<p>&nbsp;<\/td>\n<td width=\"130\">EDUC 6430 Edwin Mart\u00ednez&nbsp;<\/p>\n<p>&nbsp;<\/td>\n<td width=\"127\"><\/td>\n<td width=\"111\"><\/td>\n<td width=\"2\"><\/td>\n<\/tr>\n<\/tbody>\n<\/table>\n","protected":false},"excerpt":{"rendered":"<p>Salones para cursos presenciales enero- mayo 2026 Actualizado 12 de enero de 2026 Sal\u00f3n LUNES MARTES MIERCOLES JUEVES S\u00c1BADOS \u00a0\u00a0\u00a0\u00a0\u00a0\u00a0\u00a0\u00a0\u00a0\u00a0\u00a0\u00a0\u00a0\u00a0\u00a0\u00a0\u00a0\u00a0\u00a0\u00a0\u00a0\u00a0\u00a0\u00a0\u00a0\u00a0\u00a0\u00a0\u00a0\u00a0\u00a0\u00a0\u00a0\u00a0\u00a0\u00a0\u00a0\u00a0\u00a0\u00a0\u00a0\u00a0\u00a0\u00a0\u00a0\u00a0\u00a0\u00a0\u00a0\u00a0\u00a0\u00a0 204 segundo pisoCupo:15 EDUC 6098Aura Gonz\u00e1lez &nbsp; EDUC 8028Phaedra Gelp\u00ed &nbsp; EDUC 6202Aura Gonz\u00e1lez &nbsp; EDUC 6117Aura Gonz\u00e1lez &nbsp; 501ACupo:18\u00a0 &hellip; <a href=\"https:\/\/ege.uprrp.edu\/?page_id=7043\">Continue reading <span class=\"meta-nav\">&rarr;<\/span><\/a><\/p>\n","protected":false},"author":2,"featured_media":0,"parent":0,"menu_order":0,"comment_status":"closed","ping_status":"closed","template":"full-width-page.php","meta":{"footnotes":""},"class_list":["post-7043","page","type-page","status-publish","hentry"],"jetpack_sharing_enabled":true,"jetpack_shortlink":"https:\/\/wp.me\/PdrNFQ-1PB","_links":{"self":[{"href":"https:\/\/ege.uprrp.edu\/index.php?rest_route=\/wp\/v2\/pages\/7043","targetHints":{"allow":["GET"]}}],"collection":[{"href":"https:\/\/ege.uprrp.edu\/index.php?rest_route=\/wp\/v2\/pages"}],"about":[{"href":"https:\/\/ege.uprrp.edu\/index.php?rest_route=\/wp\/v2\/types\/page"}],"author":[{"embeddable":true,"href":"https:\/\/ege.uprrp.edu\/index.php?rest_route=\/wp\/v2\/users\/2"}],"replies":[{"embeddable":true,"href":"https:\/\/ege.uprrp.edu\/index.php?rest_route=%2Fwp%2Fv2%2Fcomments&post=7043"}],"version-history":[{"count":75,"href":"https:\/\/ege.uprrp.edu\/index.php?rest_route=\/wp\/v2\/pages\/7043\/revisions"}],"predecessor-version":[{"id":8638,"href":"https:\/\/ege.uprrp.edu\/index.php?rest_route=\/wp\/v2\/pages\/7043\/revisions\/8638"}],"wp:attachment":[{"href":"https:\/\/ege.uprrp.edu\/index.php?rest_route=%2Fwp%2Fv2%2Fmedia&parent=7043"}],"curies":[{"name":"wp","href":"https:\/\/api.w.org\/{rel}","templated":true}]}}