{"id":7126,"date":"2024-02-05T18:56:39","date_gmt":"2024-02-05T18:56:39","guid":{"rendered":"http:\/\/ege.uprrp.edu\/?page_id=7126"},"modified":"2024-02-05T18:57:20","modified_gmt":"2024-02-05T18:57:20","slug":"7126-2","status":"publish","type":"page","link":"https:\/\/ege.uprrp.edu\/?page_id=7126","title":{"rendered":"Requisitos de admisi\u00f3n Ciencias del Ejercicio"},"content":{"rendered":"<h3><span style=\"color: #ff0000;\"><strong>Ciencias del Ejercicio con Especialidad en Fisiolog\u00eda del Ejercicio<\/strong><\/span><\/h3>\n<p>Requisitos Espec\u00edficos del Programa de Maestr\u00eda<\/p>\n<p>\u00b7 Bachillerato o su equivalente de una universidad reconocida.<\/p>\n<p>\u00b7 \u00cdndice acad\u00e9mico de 3.00 puntos en escala de 4.00.<\/p>\n<p>\u00b7 Doce (12) cr\u00e9ditos en cursos de especializaci\u00f3n en el \u00e1rea de Ciencias del Ejercicio que incluya:<\/p>\n<p>Anatom\u00eda y Kinesiolog\u00eda Fisiolog\u00eda del Ejercicio<\/p>\n<p>Documentos y otros requisitos para la Solicitud de Admisi\u00f3n<\/p>\n<p>\u00b7 Solicitud de Admisi\u00f3n a Estudios Graduados en formato electr\u00f3nico.<\/p>\n<p>\u00b7 Dos Copias oficiales de Transcripciones de Cr\u00e9ditos. Para adelantar el proceso puede enviar una copia no oficial de su transcripci\u00f3n de grado.<\/p>\n<p>\u00b7 Tres (3) Recomendaciones para Estudios Graduados en formato electr\u00f3nico o en papel.<\/p>\n<p>\u00b7 Ensayo sobre experiencias y trasfondo acad\u00e9mico y su relaci\u00f3n a las metas profesionales (500-1500 palabras).<\/p>\n<p>\u00b7 Entrevista con miembros del Comit\u00e9 Graduado.<\/p>\n<p>Contacto que recibe los documentos: Sra. Wanda Rosario, emial: wanda.rosario2@upr.edu<\/p>\n<p>Contacto para obtener m\u00e1s informaci\u00f3n del programa: Dr. Juan C. Vadi-Fantauzzi, email: juan.vadi@upr.edu<\/p>\n<p>&nbsp;<\/p>\n<h3><span style=\"color: #ff0000;\"><strong>Exercise Science with a Specialty in Exercise Physiology<\/strong><\/span><\/h3>\n<p>&nbsp;<\/p>\n<p>\u00b7 Bachelor\u2019s degree or equivalent from a highly recognize university.<\/p>\n<p>\u00b7 Grade point average of 3.00 on a 4.00 scale<\/p>\n<p>\u00b7 Twelve (12) credits of specialized courses in the area of Exercise Science, including:<\/p>\n<p>Anatomy and Kinesiology Exercise Physiology<\/p>\n<p>Documents and other requirements for the Apply for Admission<\/p>\n<p>\u00b7 Application for Admission to Graduate Studies<\/p>\n<p>in electronic format.<\/p>\n<p>\u00b7 Two official copies of transcripts. To advance the process, you can send an unofficial copy of your transcript.<\/p>\n<p>\u00b7 Three (3) Recommendations for Graduate Studies- electronic or paper format.<\/p>\n<p>\u00b7 Essay about experiences and academic background and their relationship to your professional goals (500-1500 words).<\/p>\n<p>\u00b7 Interview with members of the Graduate Committee.<\/p>\n<p>Contact that receives the documents: Mrs. Wanda Rosario, emial: wanda.rosario2@upr.edu<\/p>\n<p>Contact for more information on the program: Dr. Juan C. Vadi-Fantauzzi, email: juan.vadi@upr.edu<\/p>\n","protected":false},"excerpt":{"rendered":"<p>Ciencias del Ejercicio con Especialidad en Fisiolog\u00eda del Ejercicio Requisitos Espec\u00edficos del Programa de Maestr\u00eda \u00b7 Bachillerato o su equivalente de una universidad reconocida. \u00b7 \u00cdndice acad\u00e9mico de 3.00 puntos en escala de 4.00. \u00b7 Doce (12) cr\u00e9ditos en cursos &hellip; <a href=\"https:\/\/ege.uprrp.edu\/?page_id=7126\">Continue reading <span class=\"meta-nav\">&rarr;<\/span><\/a><\/p>\n","protected":false},"author":2,"featured_media":0,"parent":0,"menu_order":0,"comment_status":"closed","ping_status":"closed","template":"","meta":{"footnotes":""},"class_list":["post-7126","page","type-page","status-publish","hentry"],"jetpack_sharing_enabled":true,"jetpack_shortlink":"https:\/\/wp.me\/PdrNFQ-1QW","_links":{"self":[{"href":"https:\/\/ege.uprrp.edu\/index.php?rest_route=\/wp\/v2\/pages\/7126","targetHints":{"allow":["GET"]}}],"collection":[{"href":"https:\/\/ege.uprrp.edu\/index.php?rest_route=\/wp\/v2\/pages"}],"about":[{"href":"https:\/\/ege.uprrp.edu\/index.php?rest_route=\/wp\/v2\/types\/page"}],"author":[{"embeddable":true,"href":"https:\/\/ege.uprrp.edu\/index.php?rest_route=\/wp\/v2\/users\/2"}],"replies":[{"embeddable":true,"href":"https:\/\/ege.uprrp.edu\/index.php?rest_route=%2Fwp%2Fv2%2Fcomments&post=7126"}],"version-history":[{"count":2,"href":"https:\/\/ege.uprrp.edu\/index.php?rest_route=\/wp\/v2\/pages\/7126\/revisions"}],"predecessor-version":[{"id":7128,"href":"https:\/\/ege.uprrp.edu\/index.php?rest_route=\/wp\/v2\/pages\/7126\/revisions\/7128"}],"wp:attachment":[{"href":"https:\/\/ege.uprrp.edu\/index.php?rest_route=%2Fwp%2Fv2%2Fmedia&parent=7126"}],"curies":[{"name":"wp","href":"https:\/\/api.w.org\/{rel}","templated":true}]}}