{"id":8180,"date":"2025-05-29T19:48:39","date_gmt":"2025-05-29T19:48:39","guid":{"rendered":"https:\/\/ege.uprrp.edu\/?page_id=8180"},"modified":"2026-02-11T14:53:15","modified_gmt":"2026-02-11T14:53:15","slug":"examenes-de-grado","status":"publish","type":"page","link":"https:\/\/ege.uprrp.edu\/?page_id=8180","title":{"rendered":"Ex\u00e1menes de grado enero-mayo 2026"},"content":{"rendered":"\n<p><\/p>\n\n\n\n<p><a href=\"https:\/\/ege.uprrp.edu\/wp-content\/uploads\/2025\/09\/NORMAS-Y-PROCEDIMIENTOS-Examen-Grado-borrador-FINAL-2025-05-13.pdf\" data-type=\"link\" data-id=\"https:\/\/ege.uprrp.edu\/wp-content\/uploads\/2025\/09\/NORMAS-Y-PROCEDIMIENTOS-Examen-Grado-borrador-FINAL-2025-05-13.pdf\">Manual: Normas y procedimientos para los ex\u00e1menes de grado. Aprobado 13 de mayo 2025.<\/a><\/p>\n\n\n\n<p><a href=\"https:\/\/ege.uprrp.edu\/wp-content\/uploads\/2024\/05\/Manual-de-Orientacio\u0301n-Examen-Maestri\u0301a-CyE-revisado-11-marzo-2024-OHR.pdf\">Manual de Orientaci\u00f3n para examen de grado de Maestr\u00eda Curr\u00edculo y Ense\u00f1anza<\/a><\/p>\n\n\n\n<p><a href=\"https:\/\/ege.uprrp.edu\/wp-content\/uploads\/2025\/10\/Solicitud-Examen-de-Maestria-REVISADO-EN-abril-2025-1.pdf\" data-type=\"link\" data-id=\"https:\/\/ege.uprrp.edu\/wp-content\/uploads\/2025\/10\/Solicitud-Examen-de-Maestria-REVISADO-EN-abril-2025-1.pdf\">Solicitud examen de grado de maestr\u00eda<\/a><\/p>\n\n\n\n<p><a href=\"https:\/\/ege.uprrp.edu\/wp-content\/uploads\/2025\/10\/SOLICITUD-PARA-TOMAR-EL-EXAMEN-DE-GRADO-Doctoral-LOE.pdf\" data-type=\"link\" data-id=\"https:\/\/ege.uprrp.edu\/wp-content\/uploads\/2025\/10\/SOLICITUD-PARA-TOMAR-EL-EXAMEN-DE-GRADO-Doctoral-LOE.pdf\">Solicitud examen de grado doctoral area de LOE<\/a><\/p>\n\n\n\n<p><a href=\"https:\/\/ege.uprrp.edu\/wp-content\/uploads\/2025\/10\/SOLICITUD-PARA-TOMAR-EL-EXAMEN-DE-GRADO-Doctoral-Orientacion-y-Consejeria.pdf\" data-type=\"link\" data-id=\"https:\/\/ege.uprrp.edu\/wp-content\/uploads\/2025\/10\/SOLICITUD-PARA-TOMAR-EL-EXAMEN-DE-GRADO-Doctoral-Orientacion-y-Consejeria.pdf\">Solicitud examen de grado doctoral Orientaci\u00f3n y Consejer\u00eda<\/a><\/p>\n\n\n\n<p><a href=\"https:\/\/ege.uprrp.edu\/wp-content\/uploads\/2025\/10\/SOLICITUD-PARA-TOMAR-EL-EXAMEN-DE-GRADO-Doctoral-Curriculo-y-Ensenanza.pdf\" data-type=\"link\" data-id=\"https:\/\/ege.uprrp.edu\/wp-content\/uploads\/2025\/10\/SOLICITUD-PARA-TOMAR-EL-EXAMEN-DE-GRADO-Doctoral-Curriculo-y-Ensenanza.pdf\">Solicitud examen de grado doctoral Curr\u00edculo y Ense\u00f1anza<\/a><\/p>\n\n\n\n<p><a href=\"https:\/\/ege.uprrp.edu\/wp-content\/uploads\/2025\/05\/Formulario-La-politica-de-integridad-en-los-examenes-de-grado-2023.pdf\" data-type=\"link\" data-id=\"https:\/\/ege.uprrp.edu\/wp-content\/uploads\/2025\/05\/Formulario-La-politica-de-integridad-en-los-examenes-de-grado-2023.pdf\">Formulario- Pol\u00edtica de integridad para examen de grado<\/a><\/p>\n\n\n\n<h2 class=\"wp-block-heading\"><mark style=\"background-color:rgba(0, 0, 0, 0)\" class=\"has-inline-color has-vivid-red-color\"><strong>FECHAS Ex\u00e1menes de Grado para el 2do semestre 2025-26 <\/strong><\/mark><\/h2>\n\n\n\n<h2 class=\"wp-block-heading\"><strong>Ex\u00e1menes doctorales EDUC 8900<\/strong><\/h2>\n\n\n\n<p><br>\u00c1reas de Curr\u00edculo y Ense\u00f1anza, Orientaci\u00f3n y Consejer\u00eda y Liderazgo en Organizaciones Educativas<\/p>\n\n\n\n<p><br>ENTREGA POR EMAIL del documento del examen el jueves, 9 de abril de 2026 hasta las 4:00pm, a:&nbsp;josue.gimenez@upr.edu<\/p>\n\n\n\n<h2 class=\"wp-block-heading\"><strong>Ex\u00e1menes de Maestr\u00eda EDUC 6900 <\/strong><\/h2>\n\n\n\n<p><strong>\u00c1rea de Curr\u00edculo y Ense\u00f1anza<\/strong><\/p>\n\n\n\n<ol class=\"wp-block-list\">\n<li>Componente de especialidad- PRESENCIAL viernes, 10 de abril de 2026 de 10:00am \u2013 2:00pm. Sal\u00f3n 523C, Facultad de Educaci\u00f3n.<\/li>\n\n\n\n<li>Componente de investigaci\u00f3n- viernes, 17 de abril de 2026 hasta las 3:00pm, ENTREGA POR EMAIL a:&nbsp;josue.gimenez@upr.edu &nbsp;<\/li>\n<\/ol>\n\n\n\n<p><strong> \u00c1rea de Orientaci\u00f3n y Consejer\u00eda<\/strong><\/p>\n\n\n\n<ol class=\"wp-block-list\">\n<li>Componente de especialidad- PRESENCIAL viernes, 10 de abril de 2026 de 10:00am \u2013 2:00pm. Sal\u00f3n 523C, Facultad de Educaci\u00f3n.<\/li>\n\n\n\n<li>Componente de investigaci\u00f3n- PRESENCIAL viernes, 17 de abril de 2026 de 10:00am \u2013 2:00pm. Sal\u00f3n 523C, Facultad de Educaci\u00f3n.<\/li>\n<\/ol>\n\n\n\n<p><strong> \u00c1reas de Preescolar y Lectura, Escritura y Literatura Infantil    <\/strong><\/p>\n\n\n\n<p>ENTREGA POR EMAIL del documento del examen el viernes, 17 de abril de 2026 hasta las 3:00pm, a:&nbsp;josue.gimenez@upr.edu<\/p>\n\n\n\n<p><strong>\u00c1rea de Educaci\u00f3n Especial y Diferenciada <\/strong> <\/p>\n\n\n\n<p>Presentaci\u00f3n de examen &#8211; PRESENCIAL viernes, 24 de abril de 2026 de 10:00am \u2013 2:00pm. Sal\u00f3n 570, Facultad de Educaci\u00f3n.<\/p>\n\n\n\n<p><strong>\u00c1rea de INEVA <\/strong> <\/p>\n\n\n\n<p><a href=\"https:\/\/ege.uprrp.edu\/wp-content\/uploads\/2026\/01\/Calendario-examen-de-grado-INEVA-enero-mayo-2026.pdf\" data-type=\"link\" data-id=\"https:\/\/ege.uprrp.edu\/wp-content\/uploads\/2026\/01\/Calendario-examen-de-grado-INEVA-enero-mayo-2026.pdf\">Calendario de examen de grado INEVA enero-mayo 2026&nbsp;<\/a><\/p>\n\n\n\n<p><\/p>\n","protected":false},"excerpt":{"rendered":"<p>Manual: Normas y procedimientos para los ex\u00e1menes de grado. Aprobado 13 de mayo 2025. Manual de Orientaci\u00f3n para examen de grado de Maestr\u00eda Curr\u00edculo y Ense\u00f1anza Solicitud examen de grado de maestr\u00eda Solicitud examen de grado doctoral area de LOE &hellip; <a href=\"https:\/\/ege.uprrp.edu\/?page_id=8180\">Continue reading <span class=\"meta-nav\">&rarr;<\/span><\/a><\/p>\n","protected":false},"author":2,"featured_media":0,"parent":0,"menu_order":0,"comment_status":"closed","ping_status":"closed","template":"","meta":{"footnotes":""},"class_list":["post-8180","page","type-page","status-publish","hentry"],"jetpack_sharing_enabled":true,"jetpack_shortlink":"https:\/\/wp.me\/PdrNFQ-27W","_links":{"self":[{"href":"https:\/\/ege.uprrp.edu\/index.php?rest_route=\/wp\/v2\/pages\/8180","targetHints":{"allow":["GET"]}}],"collection":[{"href":"https:\/\/ege.uprrp.edu\/index.php?rest_route=\/wp\/v2\/pages"}],"about":[{"href":"https:\/\/ege.uprrp.edu\/index.php?rest_route=\/wp\/v2\/types\/page"}],"author":[{"embeddable":true,"href":"https:\/\/ege.uprrp.edu\/index.php?rest_route=\/wp\/v2\/users\/2"}],"replies":[{"embeddable":true,"href":"https:\/\/ege.uprrp.edu\/index.php?rest_route=%2Fwp%2Fv2%2Fcomments&post=8180"}],"version-history":[{"count":22,"href":"https:\/\/ege.uprrp.edu\/index.php?rest_route=\/wp\/v2\/pages\/8180\/revisions"}],"predecessor-version":[{"id":8656,"href":"https:\/\/ege.uprrp.edu\/index.php?rest_route=\/wp\/v2\/pages\/8180\/revisions\/8656"}],"wp:attachment":[{"href":"https:\/\/ege.uprrp.edu\/index.php?rest_route=%2Fwp%2Fv2%2Fmedia&parent=8180"}],"curies":[{"name":"wp","href":"https:\/\/api.w.org\/{rel}","templated":true}]}}