{"id":8452,"date":"2025-10-24T14:06:16","date_gmt":"2025-10-24T14:06:16","guid":{"rendered":"https:\/\/ege.uprrp.edu\/?page_id=8452"},"modified":"2025-10-24T14:06:16","modified_gmt":"2025-10-24T14:06:16","slug":"mision-del-deg","status":"publish","type":"page","link":"https:\/\/ege.uprrp.edu\/?page_id=8452","title":{"rendered":"Mision del DEG"},"content":{"rendered":"\n<h2 class=\"wp-block-heading\"><strong>Misi\u00f3n del Departamento de Estudios Graduados de la Facultad de Educaci\u00f3n<\/strong><\/h2>\n\n\n\n<p>Facilitar la formaci\u00f3n posgraduada de profesionales de la educaci\u00f3n para que aporten a la sociedad puertorrique\u00f1a en escenarios escolares, postsecundarios y universitarios; en organizaciones y en otros contextos diversos con componentes educativos. Propiciar que el estudiantado graduado desarrolle competencias de investigaci\u00f3n, gesti\u00f3n del conocimiento, liderazgo y capacidades creativas para generar pr\u00e1cticas y pol\u00edticas educativas transformadoras desde perspectivas \u00e9ticas, reflexivas y cr\u00edticas, respetuosas de la dignidad humana.<\/p>\n\n\n\n<h2 class=\"wp-block-heading\"><strong>Principios Filos\u00f3ficos del Departamento de Estudios Graduados<\/strong><\/h2>\n\n\n\n<p>El DEG aspira a promover en su estudiantado el valor de la equidad, la solidaridad y el pluralismo democr\u00e1tico. Toma como punto de partida el valor de la dignidad humana y asume como eje central del proyecto educativo a la persona en el contexto social y cultural, tanto en su car\u00e1cter de educando como de educador. Concibe la educaci\u00f3n como un proceso inter y transdisciplinario, dirigido al servicio y bienestar integral de los seres humanos, en el nivel individual como colectivo. Afirma la importancia de respetar el desarrollo intelectual, \u00e9tico y est\u00e9tico del estudiante, con el fin de fortalecer su capacidad para tomar decisiones libres e informadas. El proceso educativo en el DEG est\u00e1 dirigido a promover la colaboraci\u00f3n solidaria y alianzas para abordar problemas y transformar a la educaci\u00f3n y a la sociedad puertorrique\u00f1a en su contexto caribe\u00f1o e internacional. Aspira a que nuestro estudiantado se faculte para asumir liderazgo y sea part\u00edcipe de proyectos acad\u00e9micos y profesionales en diversos escenarios. Para lograr este objetivo, es imprescindible un clima de respeto a la diversidad, confraternidad, paz y equidad en el \u00e1mbito educativo, pilares de una sociedad democr\u00e1tica y de un proceso inclusivo y liberador. El DEG responde con visi\u00f3n de futuro al perfil cambiante del estudiante y a las demandas sociales que inciden en las pr\u00e1cticas y los saberes educativos emergentes.<\/p>\n\n\n\n<h2 class=\"wp-block-heading\"><strong>Metas del Departamento de Estudios Graduados<\/strong><\/h2>\n\n\n\n<ol class=\"wp-block-list\">\n<li>Formar profesionales de la educaci\u00f3n que valoren la dignidad humana, la solidaridad y el pluralismo democr\u00e1tico y que contribuyan a la transformaci\u00f3n de la educaci\u00f3n puertorrique\u00f1a en su entorno caribe\u00f1o e internacional.<\/li>\n\n\n\n<li>Promover en el estudiantado las competencias y capacidades acad\u00e9micas, investigativas, creativas y tecnol\u00f3gicas que posibiliten la adopci\u00f3n de enfoques transformadores en las pol\u00edticas y pr\u00e1cticas educativas.<\/li>\n\n\n\n<li>Fomentar el liderazgo educativo en el estudiantado para que asuma su responsabilidad social y profesional y desarrolle proyectos innovadores dirigidos a propiciar el bienestar com\u00fan.<\/li>\n\n\n\n<li>Desarrollar en el estudiantado los conocimientos vigentes y emergentes de su campo de especialidad que le capaciten para emprender iniciativas en escenarios educativos diversos.<\/li>\n\n\n\n<li>Contribuir, mediante el servicio y la actualizaci\u00f3n de saberes, a la b\u00fasqueda de alternativas para enfrentar los retos educativos, sociales, culturales y \u00e9ticos del pa\u00eds en su contexto caribe\u00f1o e internacional.<\/li>\n\n\n\n<li>Establecer alianzas colaborativas en y fuera de la Universidad para ampliar las experiencias de aprendizaje, optimizar recursos y gestionar proyectos transformadores.<\/li>\n<\/ol>\n\n\n\n<h6 class=\"wp-block-heading\"><em>Aprobado por la Facultad del Departamento de Estudios Graduados<br>En Reuni\u00f3n Extraordinaria el 25 de mayo de 2011.<\/em><\/h6>\n\n\n\n<h3 class=\"wp-block-heading\"><a href=\"https:\/\/ege.uprrp.edu\/?attachment_id=3929\"><strong>Perfil del egresado graduado de la Universidad de Puerto Rico, Recinto de R\u00edo Piedras. Certificaci\u00f3n 104 de 2016-17<\/strong><\/a><\/h3>\n","protected":false},"excerpt":{"rendered":"<p>Misi\u00f3n del Departamento de Estudios Graduados de la Facultad de Educaci\u00f3n Facilitar la formaci\u00f3n posgraduada de profesionales de la educaci\u00f3n para que aporten a la sociedad puertorrique\u00f1a en escenarios escolares, postsecundarios y universitarios; en organizaciones y en otros contextos diversos &hellip; <a href=\"https:\/\/ege.uprrp.edu\/?page_id=8452\">Continue reading <span class=\"meta-nav\">&rarr;<\/span><\/a><\/p>\n","protected":false},"author":2,"featured_media":0,"parent":0,"menu_order":0,"comment_status":"closed","ping_status":"closed","template":"","meta":{"footnotes":""},"class_list":["post-8452","page","type-page","status-publish","hentry"],"jetpack_sharing_enabled":true,"jetpack_shortlink":"https:\/\/wp.me\/PdrNFQ-2ck","_links":{"self":[{"href":"https:\/\/ege.uprrp.edu\/index.php?rest_route=\/wp\/v2\/pages\/8452","targetHints":{"allow":["GET"]}}],"collection":[{"href":"https:\/\/ege.uprrp.edu\/index.php?rest_route=\/wp\/v2\/pages"}],"about":[{"href":"https:\/\/ege.uprrp.edu\/index.php?rest_route=\/wp\/v2\/types\/page"}],"author":[{"embeddable":true,"href":"https:\/\/ege.uprrp.edu\/index.php?rest_route=\/wp\/v2\/users\/2"}],"replies":[{"embeddable":true,"href":"https:\/\/ege.uprrp.edu\/index.php?rest_route=%2Fwp%2Fv2%2Fcomments&post=8452"}],"version-history":[{"count":1,"href":"https:\/\/ege.uprrp.edu\/index.php?rest_route=\/wp\/v2\/pages\/8452\/revisions"}],"predecessor-version":[{"id":8453,"href":"https:\/\/ege.uprrp.edu\/index.php?rest_route=\/wp\/v2\/pages\/8452\/revisions\/8453"}],"wp:attachment":[{"href":"https:\/\/ege.uprrp.edu\/index.php?rest_route=%2Fwp%2Fv2%2Fmedia&parent=8452"}],"curies":[{"name":"wp","href":"https:\/\/api.w.org\/{rel}","templated":true}]}}