{"id":8474,"date":"2025-10-24T14:35:08","date_gmt":"2025-10-24T14:35:08","guid":{"rendered":"https:\/\/ege.uprrp.edu\/?page_id=8474"},"modified":"2025-10-24T17:20:45","modified_gmt":"2025-10-24T17:20:45","slug":"investigacion-y-evaluacion-educativa","status":"publish","type":"page","link":"https:\/\/ege.uprrp.edu\/?page_id=8474","title":{"rendered":"Investigaci\u00f3n y Evaluaci\u00f3n Educativa"},"content":{"rendered":"\n<div class=\"wp-block-buttons is-layout-flex wp-block-buttons-is-layout-flex\">\n<div class=\"wp-block-button\"><a class=\"wp-block-button__link wp-element-button\" href=\"https:\/\/ineva.uprrp.edu\/\">::Programa de Maestr\u00eda en Investigaci\u00f3n y Evaluaci\u00f3n Educativa::<\/a><\/div>\n<\/div>\n","protected":false},"excerpt":{"rendered":"","protected":false},"author":2,"featured_media":0,"parent":0,"menu_order":0,"comment_status":"closed","ping_status":"closed","template":"","meta":{"footnotes":""},"class_list":["post-8474","page","type-page","status-publish","hentry"],"jetpack_sharing_enabled":true,"jetpack_shortlink":"https:\/\/wp.me\/PdrNFQ-2cG","_links":{"self":[{"href":"https:\/\/ege.uprrp.edu\/index.php?rest_route=\/wp\/v2\/pages\/8474","targetHints":{"allow":["GET"]}}],"collection":[{"href":"https:\/\/ege.uprrp.edu\/index.php?rest_route=\/wp\/v2\/pages"}],"about":[{"href":"https:\/\/ege.uprrp.edu\/index.php?rest_route=\/wp\/v2\/types\/page"}],"author":[{"embeddable":true,"href":"https:\/\/ege.uprrp.edu\/index.php?rest_route=\/wp\/v2\/users\/2"}],"replies":[{"embeddable":true,"href":"https:\/\/ege.uprrp.edu\/index.php?rest_route=%2Fwp%2Fv2%2Fcomments&post=8474"}],"version-history":[{"count":5,"href":"https:\/\/ege.uprrp.edu\/index.php?rest_route=\/wp\/v2\/pages\/8474\/revisions"}],"predecessor-version":[{"id":8488,"href":"https:\/\/ege.uprrp.edu\/index.php?rest_route=\/wp\/v2\/pages\/8474\/revisions\/8488"}],"wp:attachment":[{"href":"https:\/\/ege.uprrp.edu\/index.php?rest_route=%2Fwp%2Fv2%2Fmedia&parent=8474"}],"curies":[{"name":"wp","href":"https:\/\/api.w.org\/{rel}","templated":true}]}}